{"id":7104,"date":"2025-12-14T15:52:03","date_gmt":"2025-12-14T15:52:03","guid":{"rendered":"https:\/\/trusthillpharmacy.de\/?post_type=product&#038;p=7104"},"modified":"2025-12-17T19:38:34","modified_gmt":"2025-12-17T19:38:34","slug":"fentanyl-aurobindo-100-mikrogramm","status":"publish","type":"product","link":"https:\/\/trusthillpharmacy.de\/de\/product\/fentanyl-aurobindo-100-mikrogramm\/","title":{"rendered":"Fentanyl Aurobindo 100microgram"},"content":{"rendered":"<h1><a href=\"http:\/\/google.com\">Fentanyl Aurobindo<\/a> 100microgram<\/h1>\n<p class=\"mb-2 last:mb-0\"><a href=\"https:\/\/trusthillpharmacy.de\/de\/\">Fentanyl Aurobindo 100<\/a> Mikrogramm ist ein potenter opioid-Medikamente entwickelt, die f\u00fcr die Verwaltung von starken chronischen Schmerzen bei Patienten, die eine kontinuierliche opioid-Analgesie. Hergestellt von Aurobindo Pharma, dieses Transdermales Pflaster liefert eine kontrollierte Dosis von fentanyl, einem synthetischen opioid-Analgetikum, direkt durch die Haut \u00fcber eine 72-Stunden-Zeitraum. Als eine generische version des Marken-fentanyl-patches wie Duragesic, Aurobindo 100 Mikrogramm bietet eine kosteng\u00fcnstige alternative zur Schmerzlinderung bei Erkrankungen wie Krebs im Zusammenhang Schmerz oder andere schw\u00e4chende Beschwerden. Dieser Artikel untersucht seine Verwendungen, Dosierung, Vorteile, Risiken, und wo zu kaufen Aurobindo 100 Mikrogramm sicher.<\/p>\n<h4>Was ist Fentanyl Aurobindo 100 Mikrogramm?<\/h4>\n<p class=\"mb-2 last:mb-0\">Fentanyl Aurobindo 100 Mikrogramm ist ein Transdermales Pflaster enth\u00e4lt 100 Mikrogramm fentanyl pro Stunde. Der patch ist angewendet auf intakte, nicht irritierte Haut, in der Regel auf dem oberen arm, Brust oder R\u00fccken, so dass die Medikamente absorbiert werden stetig in die Blutbahn. Diese Methode vermeidet die H\u00f6hen und tiefen verbunden mit oralen Opioiden, eine konsistente Schmerzen zu kontrollieren. Fentanyl, dem Wirkstoff von ungef\u00e4hr 50-100 mal st\u00e4rker als Morphium, so dass es geeignet f\u00fcr opioid-toleranten Patienten nur. Aurobindo Pharma sorgt f\u00fcr eine hohe-Qualit\u00e4t Produktion, die Einhaltung der strengen FDA-Richtlinien f\u00fcr generische Medikamente.<\/p>\n<h4>Indikationen und Vorteile<\/h4>\n<p class=\"mb-2 last:mb-0\">Fentanyl 100 \u00b5g ist in Erster Linie verschrieben bei starken Schmerzen, die nicht verwaltet werden k\u00f6nnen, die von anderen Analgetika. Es ist allgemein verwendet in die palliative Pflege f\u00fcr Krebs Patienten oder Patienten mit chronischen Erkrankungen wie neuropathischen Schmerzen. Der patch ist eine 72-Stunden-Dauer reduziert die Notwendigkeit f\u00fcr h\u00e4ufige Dosierung, die Verbesserung der Patienten-compliance und Lebensqualit\u00e4t. Vorteile:<\/p>\n<ul>\n<li><strong>Nachhaltige Entlastung<\/strong>: Stellt rund-um-die-Uhr-Schmerzen management ohne die orale Verabreichung.<\/li>\n<li><strong>Reduziert Nebenwirkungen<\/strong>: Geringeres Risiko von Magen-Darm-Probleme im Vergleich zu oralen Opioiden.<\/li>\n<li><strong>Komfort<\/strong>: Einfache Anwendung und minimale St\u00f6rungen mit t\u00e4glichen Aktivit\u00e4ten.<\/li>\n<\/ul>\n<p class=\"mb-2 last:mb-0\">Patienten berichten oft \u00fcber eine bessere Beweglichkeit und geringere opioid-bedingten Verstopfung wenn die Umstellung auf Transdermales fentanyl wie Aurobindo 100 Mikrogramm.<\/p>\n<h4>Dosage and Administration<\/h4>\n<p class=\"mb-2 last:mb-0\">Die Dosierung von Fentanyl Aurobindo 100 Mikrogramm ist auf individuelle Bed\u00fcrfnisse zugeschnitten sind, angefangen bei der niedrigsten wirksamen Dosis f\u00fcr opioid-naive Patienten. F\u00fcr diejenigen, die bereits auf Opioide, conversion-charts werden verwendet, um die entsprechenden patch-St\u00e4rke. Der patch sollte installiert werden auf die saubere, trockene Haut und ersetzt alle 72 Stunden. Es ist entscheidend, um die Folgen der Verschreibung von Leitlinien zu vermeiden \u00fcberdosierung. Konsultieren Sie immer einen Arzt, bevor oder anpassen Aurobindo 100 Mikrogramm, wie Missbrauch f\u00fchren kann, die zu ernsthaften gesundheitlichen Risiken.<\/p>\n<h4>M\u00f6gliche Risiken und Vorsichtsma\u00dfnahmen<\/h4>\n<p class=\"mb-2 last:mb-0\">W\u00e4hrend wirksam, Fentanyl Aurobindo 100 Mikrogramm birgt erhebliche Risiken aufgrund von fentanyl-Potenz. H\u00e4ufige Nebenwirkungen sind Benommenheit, \u00fcbelkeit, Verstopfung, Atemdepression. Schwere Komplikationen wie einer opioid-\u00fcberdosierung kann auftreten, vor allem, wenn die patch wird missbraucht (z.B., gekaut oder verschluckt). Es ist kontraindiziert bei Patienten mit Atemwege Probleme, akute Schmerzen, oder diejenigen, die nicht tolerant gegen\u00fcber Opioiden. Wechselwirkungen mit anderen ZNS-Depressiva wie Benzodiazepine, verst\u00e4rken k\u00f6nnen Gefahren. Die ordnungsgem\u00e4\u00dfe Entsorgung von gebrauchten Pflaster ist unerl\u00e4sslich, um zu verhindern, dass versehentliche Exposition, insbesondere Kinder oder Haustiere. Wenn Sie Symptome wie verlangsamte Atmung oder Verwirrung, suchen Sie unmittelbare medizinische Aufmerksamkeit.<\/p>\n<p class=\"mb-2 last:mb-0\">","protected":false},"excerpt":{"rendered":"<p>Fentanyl Aurobindo <a href=\"https:\/\/trusthillpharmacy.de\/de\/product\/fentanyl-aurobindo-100-mikrogramm\/\">100 Mikrogramm<\/a> ist ein wertvolles Werkzeug f\u00fcr die Verwaltung von starken Schmerzen bei sachgem\u00e4\u00dfer Verwendung unter \u00e4rztlicher Aufsicht. Seine transdermalen system bietet Komfort und Effektivit\u00e4t, aber das Bewusstsein von Risiken ist von gr\u00f6\u00dfter Bedeutung.<\/p>","protected":false},"featured_media":7106,"template":"","meta":[],"product_brand":[],"product_cat":[107],"product_tag":[150],"class_list":{"0":"post-7104","1":"product","2":"type-product","3":"status-publish","4":"has-post-thumbnail","6":"product_cat-painkillers","7":"product_tag-fentanyl-aurobindo-100microgram","10":"instock","11":"shipping-taxable","12":"purchasable","13":"product-type-simple"},"yoast_head":"<!-- This site is optimized with the Yoast SEO Premium plugin v26.5 (Yoast SEO v26.5) - https:\/\/yoast.com\/wordpress\/plugins\/seo\/ -->\n<title>Fentanyl Aurobindo 100microgram - Trusthill Pharmacy<\/title>\n<meta name=\"robots\" content=\"index, follow, max-snippet:-1, max-image-preview:large, max-video-preview:-1\" \/>\n<link rel=\"canonical\" href=\"https:\/\/trusthillpharmacy.de\/de\/product\/fentanyl-aurobindo-100-mikrogramm\/\" \/>\n<meta property=\"og:locale\" content=\"de_DE\" \/>\n<meta property=\"og:type\" content=\"article\" \/>\n<meta property=\"og:title\" content=\"Fentanyl Aurobindo 100microgram\" \/>\n<meta property=\"og:description\" content=\"Fentanyl Aurobindo 100 microgram is a valuable tool for managing severe pain when used appropriately under medical supervision. Its transdermal delivery system offers convenience and efficacy, but awareness of risks is paramount.\" \/>\n<meta property=\"og:url\" content=\"https:\/\/trusthillpharmacy.de\/de\/product\/fentanyl-aurobindo-100-mikrogramm\/\" \/>\n<meta property=\"og:site_name\" content=\"Trusthill Pharmacy\" \/>\n<meta property=\"article:modified_time\" content=\"2025-12-17T19:38:34+00:00\" \/>\n<meta property=\"og:image\" content=\"https:\/\/trusthillpharmacy.de\/wp-content\/uploads\/2025\/12\/5041968916481116961.jpg\" \/>\n\t<meta property=\"og:image:width\" content=\"1200\" \/>\n\t<meta property=\"og:image:height\" content=\"1200\" \/>\n\t<meta property=\"og:image:type\" content=\"image\/jpeg\" \/>\n<meta name=\"twitter:card\" content=\"summary_large_image\" \/>\n<meta name=\"twitter:label1\" content=\"Gesch\u00e4tzte Lesezeit\" \/>\n\t<meta name=\"twitter:data1\" content=\"3\u00a0Minuten\" \/>\n<script type=\"application\/ld+json\" class=\"yoast-schema-graph\">{\"@context\":\"https:\/\/schema.org\",\"@graph\":[{\"@type\":\"WebPage\",\"@id\":\"https:\/\/trusthillpharmacy.de\/product\/fentanyl-aurobindo-100microgram\/\",\"url\":\"https:\/\/trusthillpharmacy.de\/product\/fentanyl-aurobindo-100microgram\/\",\"name\":\"Fentanyl Aurobindo 100microgram - Trusthill Pharmacy\",\"isPartOf\":{\"@id\":\"https:\/\/trusthillpharmacy.de\/#website\"},\"primaryImageOfPage\":{\"@id\":\"https:\/\/trusthillpharmacy.de\/product\/fentanyl-aurobindo-100microgram\/#primaryimage\"},\"image\":{\"@id\":\"https:\/\/trusthillpharmacy.de\/product\/fentanyl-aurobindo-100microgram\/#primaryimage\"},\"thumbnailUrl\":\"https:\/\/trusthillpharmacy.de\/wp-content\/uploads\/2025\/12\/5041968916481116961.jpg\",\"datePublished\":\"2025-12-14T15:52:03+00:00\",\"dateModified\":\"2025-12-17T19:38:34+00:00\",\"breadcrumb\":{\"@id\":\"https:\/\/trusthillpharmacy.de\/product\/fentanyl-aurobindo-100microgram\/#breadcrumb\"},\"inLanguage\":\"de\",\"potentialAction\":[{\"@type\":\"ReadAction\",\"target\":[\"https:\/\/trusthillpharmacy.de\/product\/fentanyl-aurobindo-100microgram\/\"]}]},{\"@type\":\"ImageObject\",\"inLanguage\":\"de\",\"@id\":\"https:\/\/trusthillpharmacy.de\/product\/fentanyl-aurobindo-100microgram\/#primaryimage\",\"url\":\"https:\/\/trusthillpharmacy.de\/wp-content\/uploads\/2025\/12\/5041968916481116961.jpg\",\"contentUrl\":\"https:\/\/trusthillpharmacy.de\/wp-content\/uploads\/2025\/12\/5041968916481116961.jpg\",\"width\":1200,\"height\":1200,\"caption\":\"Fentanyl Aurobindo 100microgram\"},{\"@type\":\"BreadcrumbList\",\"@id\":\"https:\/\/trusthillpharmacy.de\/product\/fentanyl-aurobindo-100microgram\/#breadcrumb\",\"itemListElement\":[{\"@type\":\"ListItem\",\"position\":1,\"name\":\"Home\",\"item\":\"https:\/\/trusthillpharmacy.de\/\"},{\"@type\":\"ListItem\",\"position\":2,\"name\":\"Shop\",\"item\":\"https:\/\/trusthillpharmacy.de\/shop\/\"},{\"@type\":\"ListItem\",\"position\":3,\"name\":\"Fentanyl Aurobindo 100microgram\"}]},{\"@type\":\"WebSite\",\"@id\":\"https:\/\/trusthillpharmacy.de\/#website\",\"url\":\"https:\/\/trusthillpharmacy.de\/\",\"name\":\"Trusthill Pharmacy\",\"description\":\"\",\"publisher\":{\"@id\":\"https:\/\/trusthillpharmacy.de\/#organization\"},\"potentialAction\":[{\"@type\":\"SearchAction\",\"target\":{\"@type\":\"EntryPoint\",\"urlTemplate\":\"https:\/\/trusthillpharmacy.de\/?s={search_term_string}\"},\"query-input\":{\"@type\":\"PropertyValueSpecification\",\"valueRequired\":true,\"valueName\":\"search_term_string\"}}],\"inLanguage\":\"de\"},{\"@type\":\"Organization\",\"@id\":\"https:\/\/trusthillpharmacy.de\/#organization\",\"name\":\"Trusthill Pharmacy\",\"url\":\"https:\/\/trusthillpharmacy.de\/\",\"logo\":{\"@type\":\"ImageObject\",\"inLanguage\":\"de\",\"@id\":\"https:\/\/trusthillpharmacy.de\/#\/schema\/logo\/image\/\",\"url\":\"https:\/\/trusthillpharmacy.de\/wp-content\/uploads\/2025\/12\/trusthill-pharmacy-site-icon-1.png\",\"contentUrl\":\"https:\/\/trusthillpharmacy.de\/wp-content\/uploads\/2025\/12\/trusthill-pharmacy-site-icon-1.png\",\"width\":512,\"height\":512,\"caption\":\"Trusthill Pharmacy\"},\"image\":{\"@id\":\"https:\/\/trusthillpharmacy.de\/#\/schema\/logo\/image\/\"}}]}<\/script>\n<!-- \/ Yoast SEO Premium plugin. -->","yoast_head_json":{"title":"Fentanyl Aurobindo 100microgram - Trusthill Apotheke","robots":{"index":"index","follow":"follow","max-snippet":"max-snippet:-1","max-image-preview":"max-image-preview:large","max-video-preview":"max-video-preview:-1"},"canonical":"https:\/\/trusthillpharmacy.de\/de\/product\/fentanyl-aurobindo-100-mikrogramm\/","og_locale":"de_DE","og_type":"article","og_title":"Fentanyl Aurobindo 100microgram","og_description":"Fentanyl Aurobindo 100 microgram is a valuable tool for managing severe pain when used appropriately under medical supervision. Its transdermal delivery system offers convenience and efficacy, but awareness of risks is paramount.","og_url":"https:\/\/trusthillpharmacy.de\/de\/product\/fentanyl-aurobindo-100-mikrogramm\/","og_site_name":"Trusthill Pharmacy","article_modified_time":"2025-12-17T19:38:34+00:00","og_image":[{"width":1200,"height":1200,"url":"https:\/\/trusthillpharmacy.de\/wp-content\/uploads\/2025\/12\/5041968916481116961.jpg","type":"image\/jpeg"}],"twitter_card":"summary_large_image","twitter_misc":{"Gesch\u00e4tzte Lesezeit":"3\u00a0Minuten"},"schema":{"@context":"https:\/\/schema.org","@graph":[{"@type":"WebPage","@id":"https:\/\/trusthillpharmacy.de\/product\/fentanyl-aurobindo-100microgram\/","url":"https:\/\/trusthillpharmacy.de\/product\/fentanyl-aurobindo-100microgram\/","name":"Fentanyl Aurobindo 100microgram - Trusthill Apotheke","isPartOf":{"@id":"https:\/\/trusthillpharmacy.de\/#website"},"primaryImageOfPage":{"@id":"https:\/\/trusthillpharmacy.de\/product\/fentanyl-aurobindo-100microgram\/#primaryimage"},"image":{"@id":"https:\/\/trusthillpharmacy.de\/product\/fentanyl-aurobindo-100microgram\/#primaryimage"},"thumbnailUrl":"https:\/\/trusthillpharmacy.de\/wp-content\/uploads\/2025\/12\/5041968916481116961.jpg","datePublished":"2025-12-14T15:52:03+00:00","dateModified":"2025-12-17T19:38:34+00:00","breadcrumb":{"@id":"https:\/\/trusthillpharmacy.de\/product\/fentanyl-aurobindo-100microgram\/#breadcrumb"},"inLanguage":"de","potentialAction":[{"@type":"ReadAction","target":["https:\/\/trusthillpharmacy.de\/product\/fentanyl-aurobindo-100microgram\/"]}]},{"@type":"ImageObject","inLanguage":"de","@id":"https:\/\/trusthillpharmacy.de\/product\/fentanyl-aurobindo-100microgram\/#primaryimage","url":"https:\/\/trusthillpharmacy.de\/wp-content\/uploads\/2025\/12\/5041968916481116961.jpg","contentUrl":"https:\/\/trusthillpharmacy.de\/wp-content\/uploads\/2025\/12\/5041968916481116961.jpg","width":1200,"height":1200,"caption":"Fentanyl Aurobindo 100microgram"},{"@type":"BreadcrumbList","@id":"https:\/\/trusthillpharmacy.de\/product\/fentanyl-aurobindo-100microgram\/#breadcrumb","itemListElement":[{"@type":"ListItem","position":1,"name":"Home","item":"https:\/\/trusthillpharmacy.de\/"},{"@type":"ListItem","position":2,"name":"Shop","item":"https:\/\/trusthillpharmacy.de\/shop\/"},{"@type":"ListItem","position":3,"name":"Fentanyl Aurobindo 100microgram"}]},{"@type":"WebSite","@id":"https:\/\/trusthillpharmacy.de\/#website","url":"https:\/\/trusthillpharmacy.de\/","name":"Trusthill Apotheke","description":"","publisher":{"@id":"https:\/\/trusthillpharmacy.de\/#organization"},"potentialAction":[{"@type":"SearchAction","target":{"@type":"EntryPoint","urlTemplate":"https:\/\/trusthillpharmacy.de\/?s={search_term_string}"},"query-input":{"@type":"PropertyValueSpecification","valueRequired":true,"valueName":"search_term_string"}}],"inLanguage":"de"},{"@type":"Organization","@id":"https:\/\/trusthillpharmacy.de\/#organization","name":"Trusthill Apotheke","url":"https:\/\/trusthillpharmacy.de\/","logo":{"@type":"ImageObject","inLanguage":"de","@id":"https:\/\/trusthillpharmacy.de\/#\/schema\/logo\/image\/","url":"https:\/\/trusthillpharmacy.de\/wp-content\/uploads\/2025\/12\/trusthill-pharmacy-site-icon-1.png","contentUrl":"https:\/\/trusthillpharmacy.de\/wp-content\/uploads\/2025\/12\/trusthill-pharmacy-site-icon-1.png","width":512,"height":512,"caption":"Trusthill Pharmacy"},"image":{"@id":"https:\/\/trusthillpharmacy.de\/#\/schema\/logo\/image\/"}}]}},"_links":{"self":[{"href":"https:\/\/trusthillpharmacy.de\/de\/wp-json\/wp\/v2\/product\/7104","targetHints":{"allow":["GET"]}}],"collection":[{"href":"https:\/\/trusthillpharmacy.de\/de\/wp-json\/wp\/v2\/product"}],"about":[{"href":"https:\/\/trusthillpharmacy.de\/de\/wp-json\/wp\/v2\/types\/product"}],"version-history":[{"count":3,"href":"https:\/\/trusthillpharmacy.de\/de\/wp-json\/wp\/v2\/product\/7104\/revisions"}],"predecessor-version":[{"id":7188,"href":"https:\/\/trusthillpharmacy.de\/de\/wp-json\/wp\/v2\/product\/7104\/revisions\/7188"}],"wp:featuredmedia":[{"embeddable":true,"href":"https:\/\/trusthillpharmacy.de\/de\/wp-json\/wp\/v2\/media\/7106"}],"wp:attachment":[{"href":"https:\/\/trusthillpharmacy.de\/de\/wp-json\/wp\/v2\/media?parent=7104"}],"wp:term":[{"taxonomy":"product_brand","embeddable":true,"href":"https:\/\/trusthillpharmacy.de\/de\/wp-json\/wp\/v2\/product_brand?post=7104"},{"taxonomy":"product_cat","embeddable":true,"href":"https:\/\/trusthillpharmacy.de\/de\/wp-json\/wp\/v2\/product_cat?post=7104"},{"taxonomy":"product_tag","embeddable":true,"href":"https:\/\/trusthillpharmacy.de\/de\/wp-json\/wp\/v2\/product_tag?post=7104"}],"curies":[{"name":"wp","href":"https:\/\/api.w.org\/{rel}","templated":true}]}}