{"id":7704,"date":"2026-04-08T22:49:00","date_gmt":"2026-04-08T22:49:00","guid":{"rendered":"https:\/\/trusthillpharmacy.de\/?post_type=product&#038;p=7704"},"modified":"2026-04-14T16:25:20","modified_gmt":"2026-04-14T16:25:20","slug":"dihydrocodein-kaufen","status":"publish","type":"product","link":"https:\/\/trusthillpharmacy.de\/de\/shop\/dihydrocodein-kaufen\/","title":{"rendered":"Dihydrocodein kaufen"},"content":{"rendered":"<h1><a href=\"http:\/\/google.com\">Dihydrocodein kaufen<\/a><\/h1>\n<div class=\"relative mx-auto max-w-2xl px-0 md:px-4 w-full md:m-auto md:w-[90%]\">\n<div class=\"group relative flex items-start md:-ml-12 chat-message\" data-message-id=\"JH0Bw2C\">\n<div class=\"ml-4 flex-1 space-y-2 overflow-hidden px-1\">\n<div class=\"relative\">\n<div class=\"transition-all duration-300 ease-in-out\">\n<div>\n<div>\n<div class=\"prose break-words dark:prose-invert prose-p:leading-relaxed prose-pre:p-0 fix-max-with-100 prose-p:!mt-0\">\n<p class=\"mb-2 last:mb-0\">Kaufen <a href=\"https:\/\/trusthillpharmacy.de\/de\/\">Dihydrocodein<\/a> (DHC) ist ein <strong>halbsynthetisches Opioid-Analgetikum<\/strong>\u00a0Es wird aus Codein gewonnen und haupts\u00e4chlich zur Linderung m\u00e4\u00dfiger bis starker Schmerzen sowie gelegentlich zur Hustenstillung eingesetzt. Chemisch handelt es sich um 4,5\u03b1-Epoxy-3-methoxy-17-methylmorphinan-6\u03b1-ol mit der Summenformel C\u2081\u2088H\u2082\u2083NO\u2083.<\/p>\n<h4>Die wichtigsten Fakten und Verwendungen, von<\/h4>\n<\/div>\n<div class=\"overflow-x-auto my-4\">\n<table class=\"markdown-table\">\n<thead>\n<tr>\n<th>Aspekt<\/th>\n<th>Details<\/th>\n<\/tr>\n<\/thead>\n<tbody>\n<tr>\n<td>Klasse<\/td>\n<td>Opioid (narkotisches Analgetikum); in den USA als Substanz der Liste III (DEA) eingestuft, in Gro\u00dfbritannien als Substanz der Klasse B.<\/td>\n<\/tr>\n<tr>\n<td>Allgemeine Markennamen<\/td>\n<td>DHC Continus, DF118 (UK); erh\u00e4ltlich als Tabletten, L\u00f6sung zum Einnehmen oder Injektionsl\u00f6sung.<\/td>\n<\/tr>\n<tr>\n<td>Medizinische Anwendungen<\/td>\n<td>\n<ul>\n<li>Pain management (e.g., post-surgery, chronic pain).&lt;br&gt;- Cough suppressant in some formulations.&lt;br&gt;- Sometimes for opioid withdrawal (lower potency than morphine).<\/li>\n<\/ul>\n<\/td>\n<\/tr>\n<tr>\n<td>Dosierung (Erwachsene)<\/td>\n<td>\u00dcblicherweise 30\u201360 mg alle 4\u20136 Stunden (sofortige Freisetzung); maximal 240 mg\/Tag. Retardtabletten: 60\u2013120 mg alle 12 Stunden. **Befolgen Sie stets die \u00e4rztlichen Anweisungen \u2013 das Risiko einer \u00dcberdosierung ist hoch.**<\/td>\n<\/tr>\n<tr>\n<td>Beginn\/Dauer<\/td>\n<td>Wirkungseintritt: 30\u201360 Minuten (oral). Maximale Wirkung: 1\u20132 Stunden. Wirkungsdauer: 4\u20136 Stunden.<\/td>\n<\/tr>\n<\/tbody>\n<\/table>\n<\/div>\n<div class=\"prose break-words dark:prose-invert prose-p:leading-relaxed prose-pre:p-0 fix-max-with-100 prose-p:!mt-0\">\n<h4>Wie Es Funktioniert<\/h4>\n<p class=\"mb-2 last:mb-0\">DHC bindet an\u00a0<strong>\u03bc-Opioidrezeptoren<\/strong>\u00a0Es wirkt im Gehirn und R\u00fcckenmark, reduziert die Schmerzwahrnehmung und ver\u00e4ndert die emotionale Reaktion auf Schmerzen. Es ist etwa ein Zehntel so potent wie Morphin, aber st\u00e4rker als Codein (etwa doppelt so potent). Es wird in der Leber durch das Enzym CYP2D6 zu Dihydromorphin (dem aktiven Metaboliten) verstoffwechselt, was zu seiner Wirkung beitr\u00e4gt.<\/p>\n<p class=\"mb-2 last:mb-0\"><strong>Hinweise<\/strong>Klinische Studien (z. B. Cochrane Reviews zu Opioiden bei chronischen Schmerzen) zeigen eine \u00e4hnliche Wirksamkeit wie Tramadol oder Codein bei m\u00e4\u00dfigen Schmerzen, wobei die NNT (Number Needed to Treat, Number Needed to Treat, Number Needed to Treat, One Patient to Benefit) je nach Dosis und Erkrankung bei etwa 4\u201312 liegt.<\/p>\n<h4>Nebenwirkungen und Risiken<\/h4>\n<ul>\n<li><strong>Common<\/strong>Schl\u00e4frigkeit, \u00dcbelkeit, Verstopfung, Schwindel, Juckreiz.<\/li>\n<li><strong>Ernst<\/strong>: Atemdepression (lebensbedrohliches \u00dcberdosierungsrisiko), Sucht, Toleranz.<\/li>\n<li><strong>Anzeichen einer \u00dcberdosis<\/strong>Langsame Atmung, stecknadelkopfgro\u00dfe Pupillen, Koma. Naloxon hebt dies auf.<\/li>\n<li><strong>Wechselwirkungen<\/strong>Gef\u00e4hrlich in Kombination mit Alkohol, Benzodiazepinen und anderen Opioiden (Gefahr von Atemversagen). Nicht anwenden bei Asthma, Kopfverletzungen oder schweren Lebererkrankungen.<\/li>\n<\/ul>\n<p class=\"mb-2 last:mb-0\"><strong>Suchtpotenzial<\/strong>Hoch \u2013 wird als missbrauchsgef\u00e4hrdet eingestuft, \u00e4hnlich wie Codein. Langfristiger Gebrauch f\u00fchrt zu Abh\u00e4ngigkeit; Entzugserscheinungen umfassen Angstzust\u00e4nde, Schlaflosigkeit und Schwitzen.<\/p>\n<h4>Rechtlicher Status<\/h4>\n<ul>\n<li><strong>US<\/strong>Verschreibungspflichtig (CIII); von der FDA nicht zur Behandlung von Husten zugelassen, wird aber au\u00dferhalb der zugelassenen Indikation verwendet.<\/li>\n<li><strong>Vereinigtes K\u00f6nigreich\/EU<\/strong>: Nur auf Rezept erh\u00e4ltlich; rezeptfrei in Kombinationspr\u00e4paraten mit niedriger Dosierung erh\u00e4ltlich (z. B. mit Paracetamol als Co-Dydramol).<\/li>\n<li><strong>Global<\/strong>: Unterliegt der Kontrolle des Einheits\u00fcbereinkommens der Vereinten Nationen \u00fcber Suchtstoffe.<\/li>\n<\/ul>\n<h4>Interessante Tatsache \/ Vergleich<\/h4>\n<\/div>\n<div class=\"overflow-x-auto my-4\">\n<table class=\"markdown-table\">\n<thead>\n<tr>\n<th>Arzneimittel<\/th>\n<th>Relative Wirkst\u00e4rke (im Vergleich zu Morphin)<\/th>\n<th>Husten Unterdr\u00fcckung<\/th>\n<\/tr>\n<\/thead>\n<tbody>\n<tr>\n<td>Dihydrocodein<\/td>\n<td>0.1<\/td>\n<td>Moderate<\/td>\n<\/tr>\n<tr>\n<td>Codein<\/td>\n<td>0.1<\/td>\n<td>Stark<\/td>\n<\/tr>\n<tr>\n<td>Morphium<\/td>\n<td>1.0<\/td>\n<td>Schwach<\/td>\n<\/tr>\n<tr>\n<td>Oxycodon<\/td>\n<td>1.5<\/td>\n<td>Niedrig<\/td>\n<\/tr>\n<\/tbody>\n<\/table>\n<\/div>\n<div class=\"prose break-words dark:prose-invert prose-p:leading-relaxed prose-pre:p-0 fix-max-with-100 prose-p:!mt-0\">\n<p class=\"mb-2 last:mb-0\"><strong>Quellen<\/strong>FDA\/EMA-Arzneimitteldatenbanken, British National Formulary (BNF), PubMed-Studien (z. B. Metaanalyse \u201eDihydrocodein gegen Schmerzen\u201c, 2014). Bei pers\u00f6nlicher Anwendung konsultieren Sie bitte einen Arzt \u2013 dies ist keine medizinische Beratung! Falls dies zu Forschungszwecken oder aus Interesse geschieht, was ist Ihr konkreter Ansatz?<\/p>\n<\/div>\n<\/div>\n<\/div>\n<\/div>\n<\/div>\n<div class=\"flex items-center justify-end gap-1 transition-opacity duration-100 opacity-0 group-hover:opacity-100 group-focus-within:opacity-100 md:absolute md:-right-10 md:-top-2\"><\/div>\n<\/div>\n<\/div>\n<\/div>\n<div class=\"relative mx-auto max-w-2xl px-4 w-full md:m-auto md:w-[90%]\">\n<div class=\"group relative mb-4 flex items-start md:-ml-12\">\n<div class=\"sm:ml-4 flex-1 space-y-2 overflow-hidden pr-1\">\n<div class=\"flex w-full items-center justify-between\">\n<div class=\"flex items-center space-x-1\"><\/div>\n<\/div>\n<\/div>\n<\/div>\n<\/div>\n\n    <div class=\"xs_social_share_widget xs_share_url after_content \t\tmain_content  wslu-style-1 wslu-share-box-shaped wslu-fill-colored wslu-none wslu-share-horizontal wslu-theme-font-no wslu-main_content\">\n\n\t\t\n        <ul>\n\t\t\t        <\/ul>\n    <\/div>","protected":false},"excerpt":{"rendered":"<p>Buy Dihydrocodeine Buy Dihydrocodeine (DHC) is a semi-synthetic opioid analgesic\u00a0derived from codeine. It&#8217;s used primarily for moderate to severe pain relief and sometimes for cough suppression. Chemically, it&#8217;s 4,5\u03b1-epoxy-3-methoxy-17-methylmorphinan-6\u03b1-ol, with the molecular formula C\u2081\u2088H\u2082\u2083NO\u2083. Key Facts and Uses Aspect Details Class Opioid (narcotic analgesic); Schedule III controlled substance in the US (DEA), Class B in &hellip; <a href=\"https:\/\/trusthillpharmacy.de\/de\/shop\/dihydrocodein-kaufen\/\" class=\"more-link\">Continue reading <span class=\"screen-reader-text\">Dihydrocodein kaufen<\/span><\/a><\/p>","protected":false},"featured_media":7723,"template":"","meta":{"postBodyCss":"","postBodyMargin":[],"postBodyPadding":[],"postBodyBackground":{"backgroundType":"classic","gradient":""}},"product_brand":[],"product_cat":[108],"product_tag":[207],"class_list":{"0":"post-7704","1":"product","2":"type-product","3":"status-publish","4":"has-post-thumbnail","6":"product_cat-pain-relief","7":"product_tag-buy-dihydrocodeine","10":"instock","11":"shipping-taxable","12":"purchasable","13":"product-type-variable"},"yoast_head":"<!-- This site is optimized with the Yoast SEO Premium plugin v26.5 (Yoast SEO v27.4) - https:\/\/yoast.com\/product\/yoast-seo-premium-wordpress\/ -->\n<title>Buy Dihydrocodeine - Trusthill Pharmacy<\/title>\n<meta name=\"description\" content=\"Buy Dihydrocodeine is a semi-synthetic opioid analgesic\u00a0derived from codeine. It&#039;s used primarily for moderate to severe pain relief &amp; cough suppression.\" \/>\n<meta name=\"robots\" content=\"index, follow, max-snippet:-1, max-image-preview:large, max-video-preview:-1\" \/>\n<link rel=\"canonical\" href=\"https:\/\/trusthillpharmacy.de\/de\/shop\/dihydrocodein-kaufen\/\" \/>\n<meta property=\"og:locale\" content=\"de_DE\" \/>\n<meta property=\"og:type\" content=\"article\" \/>\n<meta property=\"og:title\" content=\"Buy Dihydrocodeine\" \/>\n<meta property=\"og:description\" content=\"Buy Dihydrocodeine is a semi-synthetic opioid analgesic\u00a0derived from codeine. It&#039;s used primarily for moderate to severe pain relief &amp; cough suppression.\" \/>\n<meta property=\"og:url\" content=\"https:\/\/trusthillpharmacy.de\/de\/shop\/dihydrocodein-kaufen\/\" \/>\n<meta property=\"og:site_name\" content=\"Trusthill Pharmacy\" \/>\n<meta property=\"article:modified_time\" content=\"2026-04-14T16:25:20+00:00\" \/>\n<meta property=\"og:image\" content=\"https:\/\/trusthillpharmacy.de\/wp-content\/uploads\/2026\/04\/photo_5096273778597104648_y.jpg\" \/>\n\t<meta property=\"og:image:width\" content=\"715\" \/>\n\t<meta property=\"og:image:height\" content=\"1280\" \/>\n\t<meta property=\"og:image:type\" content=\"image\/jpeg\" \/>\n<meta name=\"twitter:card\" content=\"summary_large_image\" \/>\n<meta name=\"twitter:label1\" content=\"Gesch\u00e4tzte Lesezeit\" \/>\n\t<meta name=\"twitter:data1\" content=\"2\u00a0Minuten\" \/>\n<script type=\"application\/ld+json\" class=\"yoast-schema-graph\">{\"@context\":\"https:\\\/\\\/schema.org\",\"@graph\":[{\"@type\":\"WebPage\",\"@id\":\"https:\\\/\\\/trusthillpharmacy.de\\\/shop\\\/buy-dihydrocodeine\\\/\",\"url\":\"https:\\\/\\\/trusthillpharmacy.de\\\/shop\\\/buy-dihydrocodeine\\\/\",\"name\":\"Buy Dihydrocodeine - Trusthill Pharmacy\",\"isPartOf\":{\"@id\":\"https:\\\/\\\/trusthillpharmacy.de\\\/#website\"},\"primaryImageOfPage\":{\"@id\":\"https:\\\/\\\/trusthillpharmacy.de\\\/shop\\\/buy-dihydrocodeine\\\/#primaryimage\"},\"image\":{\"@id\":\"https:\\\/\\\/trusthillpharmacy.de\\\/shop\\\/buy-dihydrocodeine\\\/#primaryimage\"},\"thumbnailUrl\":\"https:\\\/\\\/trusthillpharmacy.de\\\/wp-content\\\/uploads\\\/2026\\\/04\\\/photo_5096273778597104648_y.jpg\",\"datePublished\":\"2026-04-08T22:49:00+00:00\",\"dateModified\":\"2026-04-14T16:25:20+00:00\",\"description\":\"Buy Dihydrocodeine is a semi-synthetic opioid analgesic\u00a0derived from codeine. It's used primarily for moderate to severe pain relief & cough suppression.\",\"breadcrumb\":{\"@id\":\"https:\\\/\\\/trusthillpharmacy.de\\\/shop\\\/buy-dihydrocodeine\\\/#breadcrumb\"},\"inLanguage\":\"de\",\"potentialAction\":[{\"@type\":\"ReadAction\",\"target\":[\"https:\\\/\\\/trusthillpharmacy.de\\\/shop\\\/buy-dihydrocodeine\\\/\"]}]},{\"@type\":\"ImageObject\",\"inLanguage\":\"de\",\"@id\":\"https:\\\/\\\/trusthillpharmacy.de\\\/shop\\\/buy-dihydrocodeine\\\/#primaryimage\",\"url\":\"https:\\\/\\\/trusthillpharmacy.de\\\/wp-content\\\/uploads\\\/2026\\\/04\\\/photo_5096273778597104648_y.jpg\",\"contentUrl\":\"https:\\\/\\\/trusthillpharmacy.de\\\/wp-content\\\/uploads\\\/2026\\\/04\\\/photo_5096273778597104648_y.jpg\",\"width\":715,\"height\":1280,\"caption\":\"Buy Dihydrocodeine\"},{\"@type\":\"BreadcrumbList\",\"@id\":\"https:\\\/\\\/trusthillpharmacy.de\\\/shop\\\/buy-dihydrocodeine\\\/#breadcrumb\",\"itemListElement\":[{\"@type\":\"ListItem\",\"position\":1,\"name\":\"Home\",\"item\":\"https:\\\/\\\/trusthillpharmacy.de\\\/\"},{\"@type\":\"ListItem\",\"position\":2,\"name\":\"Shop\",\"item\":\"https:\\\/\\\/trusthillpharmacy.de\\\/shop\\\/\"},{\"@type\":\"ListItem\",\"position\":3,\"name\":\"Buy Dihydrocodeine\"}]},{\"@type\":\"WebSite\",\"@id\":\"https:\\\/\\\/trusthillpharmacy.de\\\/#website\",\"url\":\"https:\\\/\\\/trusthillpharmacy.de\\\/\",\"name\":\"Trusthill Pharmacy\",\"description\":\"\",\"publisher\":{\"@id\":\"https:\\\/\\\/trusthillpharmacy.de\\\/#organization\"},\"potentialAction\":[{\"@type\":\"SearchAction\",\"target\":{\"@type\":\"EntryPoint\",\"urlTemplate\":\"https:\\\/\\\/trusthillpharmacy.de\\\/?s={search_term_string}\"},\"query-input\":{\"@type\":\"PropertyValueSpecification\",\"valueRequired\":true,\"valueName\":\"search_term_string\"}}],\"inLanguage\":\"de\"},{\"@type\":\"Organization\",\"@id\":\"https:\\\/\\\/trusthillpharmacy.de\\\/#organization\",\"name\":\"Trusthill Pharmacy\",\"url\":\"https:\\\/\\\/trusthillpharmacy.de\\\/\",\"logo\":{\"@type\":\"ImageObject\",\"inLanguage\":\"de\",\"@id\":\"https:\\\/\\\/trusthillpharmacy.de\\\/#\\\/schema\\\/logo\\\/image\\\/\",\"url\":\"https:\\\/\\\/trusthillpharmacy.de\\\/wp-content\\\/uploads\\\/2025\\\/12\\\/trusthill-pharmacy-site-icon-1.png\",\"contentUrl\":\"https:\\\/\\\/trusthillpharmacy.de\\\/wp-content\\\/uploads\\\/2025\\\/12\\\/trusthill-pharmacy-site-icon-1.png\",\"width\":512,\"height\":512,\"caption\":\"Trusthill Pharmacy\"},\"image\":{\"@id\":\"https:\\\/\\\/trusthillpharmacy.de\\\/#\\\/schema\\\/logo\\\/image\\\/\"}}]}<\/script>\n<!-- \/ Yoast SEO Premium plugin. -->","yoast_head_json":{"title":"Dihydrocodein kaufen \u2013 Trusthill Apotheke","description":"Dihydrocodein ist ein halbsynthetisches Opioid-Analgetikum, das von Codein abgeleitet ist. Es wird haupts\u00e4chlich zur Linderung m\u00e4\u00dfiger bis starker Schmerzen und zur Unterdr\u00fcckung von Husten eingesetzt.","robots":{"index":"index","follow":"follow","max-snippet":"max-snippet:-1","max-image-preview":"max-image-preview:large","max-video-preview":"max-video-preview:-1"},"canonical":"https:\/\/trusthillpharmacy.de\/de\/shop\/dihydrocodein-kaufen\/","og_locale":"de_DE","og_type":"article","og_title":"Buy Dihydrocodeine","og_description":"Buy Dihydrocodeine is a semi-synthetic opioid analgesic\u00a0derived from codeine. It's used primarily for moderate to severe pain relief & cough suppression.","og_url":"https:\/\/trusthillpharmacy.de\/de\/shop\/dihydrocodein-kaufen\/","og_site_name":"Trusthill Pharmacy","article_modified_time":"2026-04-14T16:25:20+00:00","og_image":[{"width":715,"height":1280,"url":"https:\/\/trusthillpharmacy.de\/wp-content\/uploads\/2026\/04\/photo_5096273778597104648_y.jpg","type":"image\/jpeg"}],"twitter_card":"summary_large_image","twitter_misc":{"Gesch\u00e4tzte Lesezeit":"2\u00a0Minuten"},"schema":{"@context":"https:\/\/schema.org","@graph":[{"@type":"WebPage","@id":"https:\/\/trusthillpharmacy.de\/shop\/buy-dihydrocodeine\/","url":"https:\/\/trusthillpharmacy.de\/shop\/buy-dihydrocodeine\/","name":"Dihydrocodein kaufen \u2013 Trusthill Apotheke","isPartOf":{"@id":"https:\/\/trusthillpharmacy.de\/#website"},"primaryImageOfPage":{"@id":"https:\/\/trusthillpharmacy.de\/shop\/buy-dihydrocodeine\/#primaryimage"},"image":{"@id":"https:\/\/trusthillpharmacy.de\/shop\/buy-dihydrocodeine\/#primaryimage"},"thumbnailUrl":"https:\/\/trusthillpharmacy.de\/wp-content\/uploads\/2026\/04\/photo_5096273778597104648_y.jpg","datePublished":"2026-04-08T22:49:00+00:00","dateModified":"2026-04-14T16:25:20+00:00","description":"Dihydrocodein ist ein halbsynthetisches Opioid-Analgetikum, das von Codein abgeleitet ist. Es wird haupts\u00e4chlich zur Linderung m\u00e4\u00dfiger bis starker Schmerzen und zur Unterdr\u00fcckung von Husten eingesetzt.","breadcrumb":{"@id":"https:\/\/trusthillpharmacy.de\/shop\/buy-dihydrocodeine\/#breadcrumb"},"inLanguage":"de","potentialAction":[{"@type":"ReadAction","target":["https:\/\/trusthillpharmacy.de\/shop\/buy-dihydrocodeine\/"]}]},{"@type":"ImageObject","inLanguage":"de","@id":"https:\/\/trusthillpharmacy.de\/shop\/buy-dihydrocodeine\/#primaryimage","url":"https:\/\/trusthillpharmacy.de\/wp-content\/uploads\/2026\/04\/photo_5096273778597104648_y.jpg","contentUrl":"https:\/\/trusthillpharmacy.de\/wp-content\/uploads\/2026\/04\/photo_5096273778597104648_y.jpg","width":715,"height":1280,"caption":"Buy Dihydrocodeine"},{"@type":"BreadcrumbList","@id":"https:\/\/trusthillpharmacy.de\/shop\/buy-dihydrocodeine\/#breadcrumb","itemListElement":[{"@type":"ListItem","position":1,"name":"Home","item":"https:\/\/trusthillpharmacy.de\/"},{"@type":"ListItem","position":2,"name":"Shop","item":"https:\/\/trusthillpharmacy.de\/shop\/"},{"@type":"ListItem","position":3,"name":"Buy Dihydrocodeine"}]},{"@type":"WebSite","@id":"https:\/\/trusthillpharmacy.de\/#website","url":"https:\/\/trusthillpharmacy.de\/","name":"Trusthill Apotheke","description":"","publisher":{"@id":"https:\/\/trusthillpharmacy.de\/#organization"},"potentialAction":[{"@type":"SearchAction","target":{"@type":"EntryPoint","urlTemplate":"https:\/\/trusthillpharmacy.de\/?s={search_term_string}"},"query-input":{"@type":"PropertyValueSpecification","valueRequired":true,"valueName":"search_term_string"}}],"inLanguage":"de"},{"@type":"Organization","@id":"https:\/\/trusthillpharmacy.de\/#organization","name":"Trusthill Apotheke","url":"https:\/\/trusthillpharmacy.de\/","logo":{"@type":"ImageObject","inLanguage":"de","@id":"https:\/\/trusthillpharmacy.de\/#\/schema\/logo\/image\/","url":"https:\/\/trusthillpharmacy.de\/wp-content\/uploads\/2025\/12\/trusthill-pharmacy-site-icon-1.png","contentUrl":"https:\/\/trusthillpharmacy.de\/wp-content\/uploads\/2025\/12\/trusthill-pharmacy-site-icon-1.png","width":512,"height":512,"caption":"Trusthill Pharmacy"},"image":{"@id":"https:\/\/trusthillpharmacy.de\/#\/schema\/logo\/image\/"}}]}},"jetpack_sharing_enabled":true,"_links":{"self":[{"href":"https:\/\/trusthillpharmacy.de\/de\/wp-json\/wp\/v2\/product\/7704","targetHints":{"allow":["GET"]}}],"collection":[{"href":"https:\/\/trusthillpharmacy.de\/de\/wp-json\/wp\/v2\/product"}],"about":[{"href":"https:\/\/trusthillpharmacy.de\/de\/wp-json\/wp\/v2\/types\/product"}],"version-history":[{"count":3,"href":"https:\/\/trusthillpharmacy.de\/de\/wp-json\/wp\/v2\/product\/7704\/revisions"}],"predecessor-version":[{"id":7776,"href":"https:\/\/trusthillpharmacy.de\/de\/wp-json\/wp\/v2\/product\/7704\/revisions\/7776"}],"wp:featuredmedia":[{"embeddable":true,"href":"https:\/\/trusthillpharmacy.de\/de\/wp-json\/wp\/v2\/media\/7723"}],"wp:attachment":[{"href":"https:\/\/trusthillpharmacy.de\/de\/wp-json\/wp\/v2\/media?parent=7704"}],"wp:term":[{"taxonomy":"product_brand","embeddable":true,"href":"https:\/\/trusthillpharmacy.de\/de\/wp-json\/wp\/v2\/product_brand?post=7704"},{"taxonomy":"product_cat","embeddable":true,"href":"https:\/\/trusthillpharmacy.de\/de\/wp-json\/wp\/v2\/product_cat?post=7704"},{"taxonomy":"product_tag","embeddable":true,"href":"https:\/\/trusthillpharmacy.de\/de\/wp-json\/wp\/v2\/product_tag?post=7704"}],"curies":[{"name":"wp","href":"https:\/\/api.w.org\/{rel}","templated":true}]}}