{"id":7735,"date":"2026-04-09T10:02:32","date_gmt":"2026-04-09T10:02:32","guid":{"rendered":"https:\/\/trusthillpharmacy.de\/?post_type=product&#038;p=7735"},"modified":"2026-04-14T16:06:46","modified_gmt":"2026-04-14T16:06:46","slug":"bensedin-diazepam-10-mg","status":"publish","type":"product","link":"https:\/\/trusthillpharmacy.de\/de\/shop\/bensedin-diazepam-10-mg\/","title":{"rendered":"Bensedin Diazepam 10 mg"},"content":{"rendered":"<h1><a href=\"http:\/\/google.com\">Bensedin Diazepam<\/a> 10 mg<\/h1>\n<div class=\"relative mx-auto max-w-2xl px-0 md:px-4 w-full md:m-auto md:w-[90%]\">\n<div class=\"group relative flex items-start md:-ml-12 chat-message\" data-message-id=\"dq8PCiX\">\n<div class=\"ml-4 flex-1 space-y-2 overflow-hidden px-1\">\n<div class=\"relative\">\n<div class=\"transition-all duration-300 ease-in-out\">\n<div>\n<div>\n<div class=\"prose break-words dark:prose-invert prose-p:leading-relaxed prose-pre:p-0 fix-max-with-100 prose-p:!mt-0\">\n<p class=\"mb-2 last:mb-0\"><a href=\"https:\/\/trusthillpharmacy.de\/de\/\">Bensedin<\/a> Diazepam 10 mg ist ein Markenname f\u00fcr <strong>Diazepam<\/strong>, ein Benzodiazepin-Medikament, das h\u00e4ufig zur kurzfristigen Linderung von Angstzust\u00e4nden, Muskelkr\u00e4mpfen und Alkoholentzugssymptomen sowie als Beruhigungsmittel vor medizinischen Eingriffen verschrieben wird. Die Standarddosis f\u00fcr Tabletten betr\u00e4gt 10 mg. Hier eine sachliche Aufschl\u00fcsselung basierend auf medizinischen Quellen wie der FDA, der EMA und pharmakologischen Nachschlagewerken (z. B. USP, British National Formulary):<\/p>\n<h4>Wichtigste Anwendungsgebiete (Indikationen)<\/h4>\n<ul>\n<li><strong>Angstst\u00f6rungen<\/strong>Kurzzeitbehandlung von schwerer Angst oder Unruhe.<\/li>\n<li><strong>Muskelkr\u00e4mpfe<\/strong>Aufgrund von Erkrankungen wie Zerebralparese oder Traumata.<\/li>\n<li><strong>Anf\u00e4lle<\/strong>: Als Zusatztherapie bei Status epilepticus (oft intraven\u00f6s, zur Erhaltungstherapie jedoch oral).<\/li>\n<li><strong>Sedierung<\/strong>: Vor oder nach einer Operation oder bei Schlaflosigkeit im Zusammenhang mit Angstzust\u00e4nden.<\/li>\n<li><strong>Alkoholentzug<\/strong>Zur Behandlung von Symptomen wie Zittern und Delirium.<\/li>\n<\/ul>\n<p class=\"mb-2 last:mb-0\">Diazepam wirkt, indem es die Wirkung von\u00a0<strong>FRONT<\/strong>\u00a0Gamma-Aminobutters\u00e4ure (GABA), ein Neurotransmitter, der die Hirnaktivit\u00e4t hemmt und dadurch beruhigend, krampfl\u00f6send und muskelentspannend wirkt. Wirkungseintritt: 30\u201360 Minuten nach oraler Einnahme; maximale Wirkung: 1\u20131,5 Stunden; Wirkungsdauer: 12\u201324 Stunden (langwirksam).<\/p>\n<h4>Dosierungsrichtlinien (Erwachsene, oral)<\/h4>\n<\/div>\n<div class=\"overflow-x-auto my-4\">\n<table class=\"markdown-table\">\n<thead>\n<tr>\n<th>Bedingung<\/th>\n<th>\u00dcbliche Anfangsdosis<\/th>\n<th>Maximale Tagesdosis<\/th>\n<\/tr>\n<\/thead>\n<tbody>\n<tr>\n<td>Angst<\/td>\n<td>2-10 mg, 2-4x\/Tag<\/td>\n<td>40 mg<\/td>\n<\/tr>\n<tr>\n<td>Muskelkr\u00e4mpfe<\/td>\n<td>2-10 mg, 3-4x\/Tag<\/td>\n<td>40 mg<\/td>\n<\/tr>\n<tr>\n<td>Alkoholentzug<\/td>\n<td>Anfangs 10 mg, 3-4 Mal t\u00e4glich, dann ausschleichen.<\/td>\n<td>Variiert<\/td>\n<\/tr>\n<tr>\n<td>Pr\u00e4operative Sedierung<\/td>\n<td>5-10 mg (Einzeldosis)<\/td>\n<td>N \/ A<\/td>\n<\/tr>\n<\/tbody>\n<\/table>\n<\/div>\n<div class=\"prose break-words dark:prose-invert prose-p:leading-relaxed prose-pre:p-0 fix-max-with-100 prose-p:!mt-0\">\n<ul>\n<li><strong>Anpassung f\u00fcr \u00e4ltere Menschen\/Kinder<\/strong>Niedrigere Dosen (z. B. 2-5 mg).<\/li>\n<li>Befolgen Sie immer ein \u00e4rztliches Rezept; nicht sich selbst zu behandeln.<\/li>\n<\/ul>\n<h4>Nebenwirkungen<\/h4>\n<\/div>\n<div class=\"overflow-x-auto my-4\">\n<table class=\"markdown-table\">\n<thead>\n<tr>\n<th>H\u00e4ufig (milde)<\/th>\n<th>Ernst (seek help)<\/th>\n<\/tr>\n<\/thead>\n<tbody>\n<tr>\n<td>Drowsiness, dizziness<\/td>\n<td>Atemdepression, schwere Verwirrtheit<\/td>\n<\/tr>\n<tr>\n<td>M\u00fcdigkeit, Ataxie<\/td>\n<td>Abh\u00e4ngigkeit\/Sucht, Suizidgedanken<\/td>\n<\/tr>\n<tr>\n<td>Trockener Mund, verschwommenes Sehen<\/td>\n<td>Paradoxe Reaktionen (Aggression)<\/td>\n<\/tr>\n<\/tbody>\n<\/table>\n<\/div>\n<div class=\"prose break-words dark:prose-invert prose-p:leading-relaxed prose-pre:p-0 fix-max-with-100 prose-p:!mt-0\">\n<p class=\"mb-2 last:mb-0\"><strong>Hinweise<\/strong>: Klinische Studien (z. B. Metaanalysen in\u00a0<em>The Lancet<\/em>\u00a0Studien aus dem Jahr 2018 belegen die Wirksamkeit von Benzodiazepinen bei Angstzust\u00e4nden (Ansprechrate ca. 70 %), jedoch besteht bei Langzeitanwendung das Risiko einer Toleranzentwicklung. Daten der CDC bringen Benzodiazepine mit 12 % der Todesf\u00e4lle durch \u00dcberdosierung in Verbindung (h\u00e4ufig in Kombination mit Opioiden und Alkohol).<\/p>\n<h4>Warnungen &amp; Interaktionen<\/h4>\n<ul>\n<li><strong>Hohes Abh\u00e4ngigkeitsrisiko<\/strong>: Use &lt;4 weeks; taper off to avoid withdrawal (seizures, anxiety rebound).<\/li>\n<li><strong>Nicht mischen mit<\/strong>Alkohol, Opioide (z. B. Fentanyl) und andere Beruhigungsmittel erh\u00f6hen das Risiko einer \u00dcberdosierung (Atemversagen). Die FDA warnt davor.<\/li>\n<li><strong>Kontraindikationen<\/strong>Schlafapnoe, schwere Leber-\/Nierenerkrankung, Schwangerschaft (Kategorie D \u2013 Risiko einer Sch\u00e4digung des F\u00f6tus).<\/li>\n<li><strong>Overdose symptoms<\/strong>: Extreme Sedierung, Koma. Naloxon unwirksam; Flumazenil im Krankenhaus anwenden.<\/li>\n<li><strong>Rechtsstatus<\/strong>Verschreibungspflichtig (in den USA als Bet\u00e4ubungsmittel der Anlage IV eingestuft; weltweit \u00e4hnlich).<\/li>\n<\/ul>\n<h4>Evidenzbasierte Fakten<\/h4>\n<ul>\n<li><strong>Halbwertszeit<\/strong>: 20-50 Stunden (aktive Metaboliten bis zu 100 Stunden), gem\u00e4\u00df pharmakokinetischen Studien (<em>Klinische Pharmakokinetik<\/em>, 2004).<\/li>\n<li><strong>Missbrauchspotenzial<\/strong>Hoch; laut NIDA entwickeln 5-10% der Nutzer eine Abh\u00e4ngigkeit.<\/li>\n<li><strong>Alternativen<\/strong>SSRIs (z. B. Sertralin) bei chronischer Angstst\u00f6rung; Buspiron als nicht sedierende Alternative.<\/li>\n<\/ul>\n<p class=\"mb-2 last:mb-0\"><strong>Wichtig<\/strong>Dies sind allgemeine Informationen aus zuverl\u00e4ssigen Quellen (z. B. PubMed, Drugs.com, Beipackzettel der Hersteller).\u00a0<strong>Keine medizinische Beratung<\/strong>Bei Fragen zur pers\u00f6nlichen Anwendung, m\u00f6glichen Wechselwirkungen oder bei Symptomen wenden Sie sich bitte an einen Arzt oder Apotheker. Im Notfall (z. B. bei \u00dcberdosierung) rufen Sie umgehend den Giftnotruf (z. B. 1-800-222-1222 in den USA) oder den Notruf an. Missbrauch kann t\u00f6dlich sein.<\/p>\n<\/div>\n<\/div>\n<\/div>\n<\/div>\n<\/div>\n<div class=\"flex items-center justify-end gap-1 transition-opacity duration-100 opacity-0 group-hover:opacity-100 group-focus-within:opacity-100 md:absolute md:-right-10 md:-top-2\"><\/div>\n<\/div>\n<\/div>\n<\/div>\n<div class=\"relative mx-auto max-w-2xl px-4 w-full md:m-auto md:w-[90%]\">\n<div class=\"group relative mb-4 flex items-start md:-ml-12\">\n<div class=\"sm:ml-4 flex-1 space-y-2 overflow-hidden pr-1\">\n<div class=\"flex w-full items-center justify-between\">\n<div class=\"flex items-center space-x-1\"><\/div>\n<\/div>\n<\/div>\n<\/div>\n<\/div>\n\n    <div class=\"xs_social_share_widget xs_share_url after_content \t\tmain_content  wslu-style-1 wslu-share-box-shaped wslu-fill-colored wslu-none wslu-share-horizontal wslu-theme-font-no wslu-main_content\">\n\n\t\t\n        <ul>\n\t\t\t        <\/ul>\n    <\/div>","protected":false},"excerpt":{"rendered":"<p>Bensedin Diazepam 10 mg Bensedin Diazepam 10 mg is a brand name for diazepam, a benzodiazepine medication commonly prescribed for short-term relief of anxiety, muscle spasms, alcohol withdrawal symptoms, and as a sedative before medical procedures. The 10 mg strength is a standard tablet dose. Here&#8217;s a factual breakdown based on medical sources like the &hellip; <a href=\"https:\/\/trusthillpharmacy.de\/de\/shop\/bensedin-diazepam-10-mg\/\" class=\"more-link\">Continue reading <span class=\"screen-reader-text\">Bensedin Diazepam 10 mg<\/span><\/a><\/p>","protected":false},"featured_media":7744,"template":"","meta":{"postBodyCss":"","postBodyMargin":[],"postBodyPadding":[],"postBodyBackground":{"backgroundType":"classic","gradient":""}},"product_brand":[],"product_cat":[104],"product_tag":[210],"class_list":{"0":"post-7735","1":"product","2":"type-product","3":"status-publish","4":"has-post-thumbnail","6":"product_cat-anxiety-pills","7":"product_tag-bensedin-diazepam-10-mg","10":"instock","11":"shipping-taxable","12":"purchasable","13":"product-type-variable"},"yoast_head":"<!-- This site is optimized with the Yoast SEO Premium plugin v26.5 (Yoast SEO v27.4) - https:\/\/yoast.com\/product\/yoast-seo-premium-wordpress\/ -->\n<title>Bensedin Diazepam 10 mg - Trusthill Pharmacy<\/title>\n<meta name=\"description\" content=\"Bensedin Diazepam 10 mg is a brand name for diazepam, a benzodiazepine medication commonly prescribed for short-term relief of anxiety, muscle spasms.\" \/>\n<meta name=\"robots\" content=\"index, follow, max-snippet:-1, max-image-preview:large, max-video-preview:-1\" \/>\n<link rel=\"canonical\" href=\"https:\/\/trusthillpharmacy.de\/de\/shop\/bensedin-diazepam-10-mg\/\" \/>\n<meta property=\"og:locale\" content=\"de_DE\" \/>\n<meta property=\"og:type\" content=\"article\" \/>\n<meta property=\"og:title\" content=\"Bensedin Diazepam 10 mg\" \/>\n<meta property=\"og:description\" content=\"Bensedin Diazepam 10 mg is a brand name for diazepam, a benzodiazepine medication commonly prescribed for short-term relief of anxiety, muscle spasms.\" \/>\n<meta property=\"og:url\" content=\"https:\/\/trusthillpharmacy.de\/de\/shop\/bensedin-diazepam-10-mg\/\" \/>\n<meta property=\"og:site_name\" content=\"Trusthill Pharmacy\" \/>\n<meta property=\"article:modified_time\" content=\"2026-04-14T16:06:46+00:00\" \/>\n<meta property=\"og:image\" content=\"https:\/\/trusthillpharmacy.de\/wp-content\/uploads\/2026\/04\/photo_5096273778597104772_x.jpg\" \/>\n\t<meta property=\"og:image:width\" content=\"483\" \/>\n\t<meta property=\"og:image:height\" content=\"350\" \/>\n\t<meta property=\"og:image:type\" content=\"image\/jpeg\" \/>\n<meta name=\"twitter:card\" content=\"summary_large_image\" \/>\n<meta name=\"twitter:label1\" content=\"Gesch\u00e4tzte Lesezeit\" \/>\n\t<meta name=\"twitter:data1\" content=\"3\u00a0Minuten\" \/>\n<script type=\"application\/ld+json\" class=\"yoast-schema-graph\">{\"@context\":\"https:\\\/\\\/schema.org\",\"@graph\":[{\"@type\":\"WebPage\",\"@id\":\"https:\\\/\\\/trusthillpharmacy.de\\\/shop\\\/bensedin-diazepam-10-mg\\\/\",\"url\":\"https:\\\/\\\/trusthillpharmacy.de\\\/shop\\\/bensedin-diazepam-10-mg\\\/\",\"name\":\"Bensedin Diazepam 10 mg - Trusthill Pharmacy\",\"isPartOf\":{\"@id\":\"https:\\\/\\\/trusthillpharmacy.de\\\/#website\"},\"primaryImageOfPage\":{\"@id\":\"https:\\\/\\\/trusthillpharmacy.de\\\/shop\\\/bensedin-diazepam-10-mg\\\/#primaryimage\"},\"image\":{\"@id\":\"https:\\\/\\\/trusthillpharmacy.de\\\/shop\\\/bensedin-diazepam-10-mg\\\/#primaryimage\"},\"thumbnailUrl\":\"https:\\\/\\\/trusthillpharmacy.de\\\/wp-content\\\/uploads\\\/2026\\\/04\\\/photo_5096273778597104772_x.jpg\",\"datePublished\":\"2026-04-09T10:02:32+00:00\",\"dateModified\":\"2026-04-14T16:06:46+00:00\",\"description\":\"Bensedin Diazepam 10 mg is a brand name for diazepam, a benzodiazepine medication commonly prescribed for short-term relief of anxiety, muscle spasms.\",\"breadcrumb\":{\"@id\":\"https:\\\/\\\/trusthillpharmacy.de\\\/shop\\\/bensedin-diazepam-10-mg\\\/#breadcrumb\"},\"inLanguage\":\"de\",\"potentialAction\":[{\"@type\":\"ReadAction\",\"target\":[\"https:\\\/\\\/trusthillpharmacy.de\\\/shop\\\/bensedin-diazepam-10-mg\\\/\"]}]},{\"@type\":\"ImageObject\",\"inLanguage\":\"de\",\"@id\":\"https:\\\/\\\/trusthillpharmacy.de\\\/shop\\\/bensedin-diazepam-10-mg\\\/#primaryimage\",\"url\":\"https:\\\/\\\/trusthillpharmacy.de\\\/wp-content\\\/uploads\\\/2026\\\/04\\\/photo_5096273778597104772_x.jpg\",\"contentUrl\":\"https:\\\/\\\/trusthillpharmacy.de\\\/wp-content\\\/uploads\\\/2026\\\/04\\\/photo_5096273778597104772_x.jpg\",\"width\":483,\"height\":350,\"caption\":\"Bensedin Diazepam 10 mg\"},{\"@type\":\"BreadcrumbList\",\"@id\":\"https:\\\/\\\/trusthillpharmacy.de\\\/shop\\\/bensedin-diazepam-10-mg\\\/#breadcrumb\",\"itemListElement\":[{\"@type\":\"ListItem\",\"position\":1,\"name\":\"Home\",\"item\":\"https:\\\/\\\/trusthillpharmacy.de\\\/\"},{\"@type\":\"ListItem\",\"position\":2,\"name\":\"Shop\",\"item\":\"https:\\\/\\\/trusthillpharmacy.de\\\/shop\\\/\"},{\"@type\":\"ListItem\",\"position\":3,\"name\":\"Bensedin Diazepam 10 mg\"}]},{\"@type\":\"WebSite\",\"@id\":\"https:\\\/\\\/trusthillpharmacy.de\\\/#website\",\"url\":\"https:\\\/\\\/trusthillpharmacy.de\\\/\",\"name\":\"Trusthill Pharmacy\",\"description\":\"\",\"publisher\":{\"@id\":\"https:\\\/\\\/trusthillpharmacy.de\\\/#organization\"},\"potentialAction\":[{\"@type\":\"SearchAction\",\"target\":{\"@type\":\"EntryPoint\",\"urlTemplate\":\"https:\\\/\\\/trusthillpharmacy.de\\\/?s={search_term_string}\"},\"query-input\":{\"@type\":\"PropertyValueSpecification\",\"valueRequired\":true,\"valueName\":\"search_term_string\"}}],\"inLanguage\":\"de\"},{\"@type\":\"Organization\",\"@id\":\"https:\\\/\\\/trusthillpharmacy.de\\\/#organization\",\"name\":\"Trusthill Pharmacy\",\"url\":\"https:\\\/\\\/trusthillpharmacy.de\\\/\",\"logo\":{\"@type\":\"ImageObject\",\"inLanguage\":\"de\",\"@id\":\"https:\\\/\\\/trusthillpharmacy.de\\\/#\\\/schema\\\/logo\\\/image\\\/\",\"url\":\"https:\\\/\\\/trusthillpharmacy.de\\\/wp-content\\\/uploads\\\/2025\\\/12\\\/trusthill-pharmacy-site-icon-1.png\",\"contentUrl\":\"https:\\\/\\\/trusthillpharmacy.de\\\/wp-content\\\/uploads\\\/2025\\\/12\\\/trusthill-pharmacy-site-icon-1.png\",\"width\":512,\"height\":512,\"caption\":\"Trusthill Pharmacy\"},\"image\":{\"@id\":\"https:\\\/\\\/trusthillpharmacy.de\\\/#\\\/schema\\\/logo\\\/image\\\/\"}}]}<\/script>\n<!-- \/ Yoast SEO Premium plugin. -->","yoast_head_json":{"title":"Bensedin Diazepam 10 mg - Trusthill Apotheke","description":"Bensedin Diazepam 10 mg ist ein Markenname f\u00fcr Diazepam, ein Benzodiazepin-Medikament, das h\u00e4ufig zur kurzfristigen Linderung von Angstzust\u00e4nden und Muskelkr\u00e4mpfen verschrieben wird.","robots":{"index":"index","follow":"follow","max-snippet":"max-snippet:-1","max-image-preview":"max-image-preview:large","max-video-preview":"max-video-preview:-1"},"canonical":"https:\/\/trusthillpharmacy.de\/de\/shop\/bensedin-diazepam-10-mg\/","og_locale":"de_DE","og_type":"article","og_title":"Bensedin Diazepam 10 mg","og_description":"Bensedin Diazepam 10 mg is a brand name for diazepam, a benzodiazepine medication commonly prescribed for short-term relief of anxiety, muscle spasms.","og_url":"https:\/\/trusthillpharmacy.de\/de\/shop\/bensedin-diazepam-10-mg\/","og_site_name":"Trusthill Pharmacy","article_modified_time":"2026-04-14T16:06:46+00:00","og_image":[{"width":483,"height":350,"url":"https:\/\/trusthillpharmacy.de\/wp-content\/uploads\/2026\/04\/photo_5096273778597104772_x.jpg","type":"image\/jpeg"}],"twitter_card":"summary_large_image","twitter_misc":{"Gesch\u00e4tzte Lesezeit":"3\u00a0Minuten"},"schema":{"@context":"https:\/\/schema.org","@graph":[{"@type":"WebPage","@id":"https:\/\/trusthillpharmacy.de\/shop\/bensedin-diazepam-10-mg\/","url":"https:\/\/trusthillpharmacy.de\/shop\/bensedin-diazepam-10-mg\/","name":"Bensedin Diazepam 10 mg - Trusthill Apotheke","isPartOf":{"@id":"https:\/\/trusthillpharmacy.de\/#website"},"primaryImageOfPage":{"@id":"https:\/\/trusthillpharmacy.de\/shop\/bensedin-diazepam-10-mg\/#primaryimage"},"image":{"@id":"https:\/\/trusthillpharmacy.de\/shop\/bensedin-diazepam-10-mg\/#primaryimage"},"thumbnailUrl":"https:\/\/trusthillpharmacy.de\/wp-content\/uploads\/2026\/04\/photo_5096273778597104772_x.jpg","datePublished":"2026-04-09T10:02:32+00:00","dateModified":"2026-04-14T16:06:46+00:00","description":"Bensedin Diazepam 10 mg ist ein Markenname f\u00fcr Diazepam, ein Benzodiazepin-Medikament, das h\u00e4ufig zur kurzfristigen Linderung von Angstzust\u00e4nden und Muskelkr\u00e4mpfen verschrieben wird.","breadcrumb":{"@id":"https:\/\/trusthillpharmacy.de\/shop\/bensedin-diazepam-10-mg\/#breadcrumb"},"inLanguage":"de","potentialAction":[{"@type":"ReadAction","target":["https:\/\/trusthillpharmacy.de\/shop\/bensedin-diazepam-10-mg\/"]}]},{"@type":"ImageObject","inLanguage":"de","@id":"https:\/\/trusthillpharmacy.de\/shop\/bensedin-diazepam-10-mg\/#primaryimage","url":"https:\/\/trusthillpharmacy.de\/wp-content\/uploads\/2026\/04\/photo_5096273778597104772_x.jpg","contentUrl":"https:\/\/trusthillpharmacy.de\/wp-content\/uploads\/2026\/04\/photo_5096273778597104772_x.jpg","width":483,"height":350,"caption":"Bensedin Diazepam 10 mg"},{"@type":"BreadcrumbList","@id":"https:\/\/trusthillpharmacy.de\/shop\/bensedin-diazepam-10-mg\/#breadcrumb","itemListElement":[{"@type":"ListItem","position":1,"name":"Home","item":"https:\/\/trusthillpharmacy.de\/"},{"@type":"ListItem","position":2,"name":"Shop","item":"https:\/\/trusthillpharmacy.de\/shop\/"},{"@type":"ListItem","position":3,"name":"Bensedin Diazepam 10 mg"}]},{"@type":"WebSite","@id":"https:\/\/trusthillpharmacy.de\/#website","url":"https:\/\/trusthillpharmacy.de\/","name":"Trusthill Apotheke","description":"","publisher":{"@id":"https:\/\/trusthillpharmacy.de\/#organization"},"potentialAction":[{"@type":"SearchAction","target":{"@type":"EntryPoint","urlTemplate":"https:\/\/trusthillpharmacy.de\/?s={search_term_string}"},"query-input":{"@type":"PropertyValueSpecification","valueRequired":true,"valueName":"search_term_string"}}],"inLanguage":"de"},{"@type":"Organization","@id":"https:\/\/trusthillpharmacy.de\/#organization","name":"Trusthill Apotheke","url":"https:\/\/trusthillpharmacy.de\/","logo":{"@type":"ImageObject","inLanguage":"de","@id":"https:\/\/trusthillpharmacy.de\/#\/schema\/logo\/image\/","url":"https:\/\/trusthillpharmacy.de\/wp-content\/uploads\/2025\/12\/trusthill-pharmacy-site-icon-1.png","contentUrl":"https:\/\/trusthillpharmacy.de\/wp-content\/uploads\/2025\/12\/trusthill-pharmacy-site-icon-1.png","width":512,"height":512,"caption":"Trusthill Pharmacy"},"image":{"@id":"https:\/\/trusthillpharmacy.de\/#\/schema\/logo\/image\/"}}]}},"jetpack_sharing_enabled":true,"_links":{"self":[{"href":"https:\/\/trusthillpharmacy.de\/de\/wp-json\/wp\/v2\/product\/7735","targetHints":{"allow":["GET"]}}],"collection":[{"href":"https:\/\/trusthillpharmacy.de\/de\/wp-json\/wp\/v2\/product"}],"about":[{"href":"https:\/\/trusthillpharmacy.de\/de\/wp-json\/wp\/v2\/types\/product"}],"version-history":[{"count":3,"href":"https:\/\/trusthillpharmacy.de\/de\/wp-json\/wp\/v2\/product\/7735\/revisions"}],"predecessor-version":[{"id":7770,"href":"https:\/\/trusthillpharmacy.de\/de\/wp-json\/wp\/v2\/product\/7735\/revisions\/7770"}],"wp:featuredmedia":[{"embeddable":true,"href":"https:\/\/trusthillpharmacy.de\/de\/wp-json\/wp\/v2\/media\/7744"}],"wp:attachment":[{"href":"https:\/\/trusthillpharmacy.de\/de\/wp-json\/wp\/v2\/media?parent=7735"}],"wp:term":[{"taxonomy":"product_brand","embeddable":true,"href":"https:\/\/trusthillpharmacy.de\/de\/wp-json\/wp\/v2\/product_brand?post=7735"},{"taxonomy":"product_cat","embeddable":true,"href":"https:\/\/trusthillpharmacy.de\/de\/wp-json\/wp\/v2\/product_cat?post=7735"},{"taxonomy":"product_tag","embeddable":true,"href":"https:\/\/trusthillpharmacy.de\/de\/wp-json\/wp\/v2\/product_tag?post=7735"}],"curies":[{"name":"wp","href":"https:\/\/api.w.org\/{rel}","templated":true}]}}