{"id":7939,"date":"2026-04-21T09:09:17","date_gmt":"2026-04-21T09:09:17","guid":{"rendered":"https:\/\/trusthillpharmacy.de\/?post_type=product&#038;p=7939"},"modified":"2026-04-22T09:29:50","modified_gmt":"2026-04-22T09:29:50","slug":"vyvanse-online-kaufen","status":"publish","type":"product","link":"https:\/\/trusthillpharmacy.de\/de\/shop\/vyvanse-online-kaufen\/","title":{"rendered":"Kaufen Vyvanse Online"},"content":{"rendered":"<h1><a href=\"http:\/\/google.com\">Kaufen Vyvanse Online<\/a><\/h1>\n<p class=\"mb-2 last:mb-0\"><a href=\"https:\/\/trusthillpharmacy.de\/de\/\">Vyvanse<\/a> (lisdexamfetamine) ist ein verschreibungspflichtiges Stimulans Medikamente in Erster Linie zur Behandlung von\u00a0<strong>Aufmerksamkeits-Defizit-Hyperaktivit\u00e4ts-St\u00f6rung (ADHS)<\/strong>\u00a0und\u00a0<strong>binge-eating-disorder (BED)<\/strong>\u00a0bei Erwachsenen und Kinder (ADHS).<\/p>\n<h3>Key Facts:<\/h3>\n<ul>\n<li><strong>Wie es funktioniert<\/strong>: Es ist ein prodrug, das konvertiert zu dextroamphetamine in den K\u00f6rper, Erh\u00f6hung der Dopamin-und Noradrenalin Ebenen, zu verbessern Fokus und Impulskontrolle.<\/li>\n<li><strong>Darreichungsformen<\/strong>: Kapseln (10-70 mg) oder Kautabletten; eingenommen einmal t\u00e4glich am morgen.<\/li>\n<li><strong>H\u00e4ufige Nebenwirkungen<\/strong>: Verminderter Appetit, Schlaflosigkeit, trockener Mund, Unruhe, erh\u00f6hte Herzfrequenz.<\/li>\n<li><strong>Warnungen<\/strong>: Schedule II kontrollierte Substanz (high abuse potential). Nicht f\u00fcr die Gewichtsabnahme. Vermeiden, mit Herz Probleme, Glaukom oder Mao-Hemmer. Kann die Abh\u00e4ngigkeit verursachen.<\/li>\n<\/ul>\n<p class=\"mb-2 last:mb-0\"><strong>Wichtig<\/strong>: Vyvanse erfordert ein Rezept von einem Arzt. Nicht kaufen oder benutzen, ohne eine\u2014online-Quellen, sind oft illegal\/gef\u00e4lscht und gef\u00e4hrlich. Finden Sie einen Gesundheitsdienstleister f\u00fcr die Auswertung und sicheren Zugang. F\u00fcr mehr details, \u00fcberpr\u00fcfen Sie die FDA-Ressourcen oder Trusthill Apotheke.<\/p>\n<div class=\"prose break-words dark:prose-invert prose-p:leading-relaxed prose-pre:p-0 fix-max-with-100 prose-p:!mt-0\">\n<h4><strong>Medizinische Anwendungen<\/strong><\/h4>\n<ul>\n<li><strong>FDA-zugelassen<\/strong>:\n<ul>\n<li>ADHS bei Kindern (6+ Jahre), Jugendliche und Erwachsene.<\/li>\n<li>Mittelschwerer bis schwerer binge-eating-disorder (BED) bei Erwachsenen.<\/li>\n<\/ul>\n<\/li>\n<li><strong>Off-label verwendet<\/strong>\u00a0(manchmal vorgeschrieben): Narkolepsie oder Behandlung-resistente depression (Beweise variiert).<\/li>\n<\/ul>\n<h4><strong>Mechanismus der Aktion<\/strong><\/h4>\n<ul>\n<li>Prodrug: Inaktiv, bis metabolisiert in den roten Blutk\u00f6rperchen zu dextroamphetamine (aktive form).<\/li>\n<li>L\u00e4nger als immediate-release Amphetamine (bis zu 14 Stunden), die Verringerung Missbrauchspotential \u00fcber den oralen Weg (Schnupfen\/IV weniger effektiv).<\/li>\n<li>Steigert die Botenstoffe Dopamin und Noradrenalin im pr\u00e4frontalen Kortex f\u00fcr bessere Aufmerksamkeit und die Exekutive Funktion.<\/li>\n<\/ul>\n<h4><strong>Dosierung Und Verwaltung<\/strong><\/h4>\n<\/div>\n<div class=\"overflow-x-auto my-4\">\n<table class=\"markdown-table\">\n<thead>\n<tr>\n<th>Alter Gruppe<\/th>\n<th>Anfangsdosis<\/th>\n<th>Titration<\/th>\n<th>Max Dosis<\/th>\n<\/tr>\n<\/thead>\n<tbody>\n<tr>\n<td>Kinder (6-12)<\/td>\n<td>30 mg\/Tag<\/td>\n<td>Erh\u00f6hen 10-20 mg w\u00f6chentlich<\/td>\n<td>70 mg<\/td>\n<\/tr>\n<tr>\n<td>Jugendliche (13-17)<\/td>\n<td>30 mg\/Tag<\/td>\n<td>Erh\u00f6hen 10-20 mg w\u00f6chentlich<\/td>\n<td>70 mg<\/td>\n<\/tr>\n<tr>\n<td>Erwachsene (ADHS)<\/td>\n<td>30 mg\/Tag<\/td>\n<td>Erh\u00f6hen 20 mg w\u00f6chentlich<\/td>\n<td>70 mg<\/td>\n<\/tr>\n<tr>\n<td>Erwachsene (BETT)<\/td>\n<td>50 mg\/Tag<\/td>\n<td>Erh\u00f6hen 20 mg w\u00f6chentlich<\/td>\n<td>70 mg<\/td>\n<\/tr>\n<\/tbody>\n<\/table>\n<\/div>\n<div class=\"prose break-words dark:prose-invert prose-p:leading-relaxed prose-pre:p-0 fix-max-with-100 prose-p:!mt-0\">\n<ul>\n<li>Nehmen Sie mit\/ohne Essen; vermeiden Sie, sp\u00e4t-Tag-Dosierung zu verhindern, Schlaflosigkeit.<\/li>\n<li>Kapseln: im ganzen Schlucken, \u00f6ffnen und mischen in Wasser\/Joghurt (nicht kauen).<\/li>\n<\/ul>\n<h4><strong>Nebenwirkungen<\/strong><\/h4>\n<\/div>\n<div class=\"overflow-x-auto my-4\">\n<table class=\"markdown-table\">\n<thead>\n<tr>\n<th>H\u00e4ufig (\u22655%)<\/th>\n<th>Ernst (seek help)<\/th>\n<\/tr>\n<\/thead>\n<tbody>\n<tr>\n<td>Schlaflosigkeit, verminderter Appetit\/Gewichtsverlust, trockener Mund, Kopfschmerzen, Angst, Reizbarkeit, \u00fcbelkeit<\/td>\n<td>Herz-Probleme (Schmerzen in der Brust, Herzklopfen), Psychosen\/Halluzinationen, Priapismus, schwere Hypertonie, serotonin-Syndrom, Wachstums-suppression bei Kindern<\/td>\n<\/tr>\n<\/tbody>\n<\/table>\n<\/div>\n<div class=\"prose break-words dark:prose-invert prose-p:leading-relaxed prose-pre:p-0 fix-max-with-100 prose-p:!mt-0\">\n<h4><strong>Gegenanzeigen &amp; Warnhinweise<\/strong><\/h4>\n<ul>\n<li><strong>Nicht verwenden, wenn<\/strong>: Herz Krankheit, Arteriosklerose in fortgeschrittenem Stadium, Hyperthyreose, Glaukom, Geschichte des Drogenmissbrauchs, Mao-Hemmer verwenden (innerhalb 14 Tagen).<\/li>\n<li><strong>Schwangerschaft<\/strong>: Kategorie C; potenzielle Sch\u00e4digung des F\u00f6tus.<\/li>\n<li><strong>Wechselwirkungen<\/strong>: Vermeiden Sie die mit SSRIs\/SNRIs (serotonin-Syndrom-Risiko), Alkohol, Koffein oder andere Stimulanzien enthalten.<\/li>\n<li><strong>\u00dcberdosis<\/strong>: Symptome sind Unruhe, Halluzinationen, Krampfanf\u00e4lle, Koma. - Call emergency services.<\/li>\n<\/ul>\n<h4><strong>Missbrauch &amp; Abh\u00e4ngigkeit<\/strong><\/h4>\n<ul>\n<li>Hohes Potenzial f\u00fcr Missbrauch (z.B., f\u00fcr das Studium\/Party). Extended-release-design senkt die street-Wert f\u00fcr die Injektion.<\/li>\n<li>Widerrufsrecht: M\u00fcdigkeit, depression, erh\u00f6hter Appetit.<\/li>\n<\/ul>\n<h4><strong>Kosten &amp; Verf\u00fcgbarkeit<\/strong><\/h4>\n<ul>\n<li>Marke: ~400\/Monat (US, ohne Versicherung). Generika ab 2023 (~200).<\/li>\n<li>Bedeckt durch die meisten Versicherungen, bei vorheriger Genehmigung.<\/li>\n<\/ul>\n<h4><strong>Beweis &amp; Studien<\/strong><\/h4>\n<ul>\n<li><strong>ADHS Wirksamkeit<\/strong>: Meta-Analysen (z.B., Cochrane Review) zeigen 70-80% Antwort rate, superior to placebo.<\/li>\n<li><strong>BETT<\/strong>: STAR-Studie (2015) gezeigt, reduzierte binge Tage durch 3-4\/Woche vs. placebo.<\/li>\n<li>Langfristig: Sicher ist f\u00fcr 2+ Jahre Kinder, die mit der \u00fcberwachung, das Wachstum \u00fcberwacht, \u00fcber H\u00f6he\/Gewicht-charts.<\/li>\n<\/ul>\n<\/div>","protected":false},"excerpt":{"rendered":"<p>Buy Vyvanse Online Vyvanse (lisdexamfetamine) is a prescription stimulant medication primarily used to treat\u00a0Attention Deficit Hyperactivity Disorder (ADHD)\u00a0and\u00a0binge eating disorder (BED)\u00a0in adults and children (for ADHD). Key Facts: How it works: It&#8217;s a prodrug that converts to dextroamphetamine in the body, increasing dopamine and norepinephrine levels to improve focus and impulse control. Dosage forms: Capsules &hellip; <a href=\"https:\/\/trusthillpharmacy.de\/de\/shop\/vyvanse-online-kaufen\/\" class=\"more-link\">Continue reading <span class=\"screen-reader-text\">Kaufen Vyvanse Online<\/span><\/a><\/p>","protected":false},"featured_media":7940,"template":"","meta":[],"product_brand":[],"product_cat":[15],"product_tag":[226],"class_list":{"0":"post-7939","1":"product","2":"type-product","3":"status-publish","4":"has-post-thumbnail","6":"product_cat-uncategorized","7":"product_tag-buy-vyvanse-online","10":"instock","11":"shipping-taxable","12":"purchasable","13":"product-type-variable"},"yoast_head":"<!-- This site is optimized with the Yoast SEO Premium plugin v26.5 (Yoast SEO v27.4) - https:\/\/yoast.com\/product\/yoast-seo-premium-wordpress\/ -->\n<title>Buy Vyvanse Online - Trusthill Pharmacy<\/title>\n<meta name=\"description\" content=\"Buy Vyvanse online (lisdexamfetamine) is a prescription stimulant medication primarily used to treat\u00a0Attention Deficit Hyperactivity Disorder (ADHD).\" \/>\n<meta name=\"robots\" content=\"index, follow, max-snippet:-1, max-image-preview:large, max-video-preview:-1\" \/>\n<link rel=\"canonical\" href=\"https:\/\/trusthillpharmacy.de\/de\/shop\/vyvanse-online-kaufen\/\" \/>\n<meta property=\"og:locale\" content=\"de_DE\" \/>\n<meta property=\"og:type\" content=\"article\" \/>\n<meta property=\"og:title\" content=\"Buy Vyvanse Online\" \/>\n<meta property=\"og:description\" content=\"Buy Vyvanse online (lisdexamfetamine) is a prescription stimulant medication primarily used to treat\u00a0Attention Deficit Hyperactivity Disorder (ADHD).\" \/>\n<meta property=\"og:url\" content=\"https:\/\/trusthillpharmacy.de\/de\/shop\/vyvanse-online-kaufen\/\" \/>\n<meta property=\"og:site_name\" content=\"Trusthill Pharmacy\" \/>\n<meta property=\"article:modified_time\" content=\"2026-04-22T09:29:50+00:00\" \/>\n<meta property=\"og:image\" content=\"https:\/\/trusthillpharmacy.de\/wp-content\/uploads\/2026\/04\/photo_5132142751293050301_m.jpg\" \/>\n\t<meta property=\"og:image:width\" content=\"300\" \/>\n\t<meta property=\"og:image:height\" content=\"300\" \/>\n\t<meta property=\"og:image:type\" content=\"image\/jpeg\" \/>\n<meta name=\"twitter:card\" content=\"summary_large_image\" \/>\n<meta name=\"twitter:label1\" content=\"Gesch\u00e4tzte Lesezeit\" \/>\n\t<meta name=\"twitter:data1\" content=\"3\u00a0Minuten\" \/>\n<script type=\"application\/ld+json\" class=\"yoast-schema-graph\">{\"@context\":\"https:\\\/\\\/schema.org\",\"@graph\":[{\"@type\":\"WebPage\",\"@id\":\"https:\\\/\\\/trusthillpharmacy.de\\\/shop\\\/buy-vyvanse-online\\\/\",\"url\":\"https:\\\/\\\/trusthillpharmacy.de\\\/shop\\\/buy-vyvanse-online\\\/\",\"name\":\"Buy Vyvanse Online - Trusthill Pharmacy\",\"isPartOf\":{\"@id\":\"https:\\\/\\\/trusthillpharmacy.de\\\/#website\"},\"primaryImageOfPage\":{\"@id\":\"https:\\\/\\\/trusthillpharmacy.de\\\/shop\\\/buy-vyvanse-online\\\/#primaryimage\"},\"image\":{\"@id\":\"https:\\\/\\\/trusthillpharmacy.de\\\/shop\\\/buy-vyvanse-online\\\/#primaryimage\"},\"thumbnailUrl\":\"https:\\\/\\\/trusthillpharmacy.de\\\/wp-content\\\/uploads\\\/2026\\\/04\\\/photo_5132142751293050301_m.jpg\",\"datePublished\":\"2026-04-21T09:09:17+00:00\",\"dateModified\":\"2026-04-22T09:29:50+00:00\",\"description\":\"Buy Vyvanse online (lisdexamfetamine) is a prescription stimulant medication primarily used to treat\u00a0Attention Deficit Hyperactivity Disorder (ADHD).\",\"breadcrumb\":{\"@id\":\"https:\\\/\\\/trusthillpharmacy.de\\\/shop\\\/buy-vyvanse-online\\\/#breadcrumb\"},\"inLanguage\":\"de\",\"potentialAction\":[{\"@type\":\"ReadAction\",\"target\":[\"https:\\\/\\\/trusthillpharmacy.de\\\/shop\\\/buy-vyvanse-online\\\/\"]}]},{\"@type\":\"ImageObject\",\"inLanguage\":\"de\",\"@id\":\"https:\\\/\\\/trusthillpharmacy.de\\\/shop\\\/buy-vyvanse-online\\\/#primaryimage\",\"url\":\"https:\\\/\\\/trusthillpharmacy.de\\\/wp-content\\\/uploads\\\/2026\\\/04\\\/photo_5132142751293050301_m.jpg\",\"contentUrl\":\"https:\\\/\\\/trusthillpharmacy.de\\\/wp-content\\\/uploads\\\/2026\\\/04\\\/photo_5132142751293050301_m.jpg\",\"width\":300,\"height\":300,\"caption\":\"Buy Vyvanse Online\"},{\"@type\":\"BreadcrumbList\",\"@id\":\"https:\\\/\\\/trusthillpharmacy.de\\\/shop\\\/buy-vyvanse-online\\\/#breadcrumb\",\"itemListElement\":[{\"@type\":\"ListItem\",\"position\":1,\"name\":\"Home\",\"item\":\"https:\\\/\\\/trusthillpharmacy.de\\\/\"},{\"@type\":\"ListItem\",\"position\":2,\"name\":\"Shop\",\"item\":\"https:\\\/\\\/trusthillpharmacy.de\\\/shop\\\/\"},{\"@type\":\"ListItem\",\"position\":3,\"name\":\"Buy Vyvanse Online\"}]},{\"@type\":\"WebSite\",\"@id\":\"https:\\\/\\\/trusthillpharmacy.de\\\/#website\",\"url\":\"https:\\\/\\\/trusthillpharmacy.de\\\/\",\"name\":\"Trusthill Pharmacy\",\"description\":\"\",\"publisher\":{\"@id\":\"https:\\\/\\\/trusthillpharmacy.de\\\/#organization\"},\"potentialAction\":[{\"@type\":\"SearchAction\",\"target\":{\"@type\":\"EntryPoint\",\"urlTemplate\":\"https:\\\/\\\/trusthillpharmacy.de\\\/?s={search_term_string}\"},\"query-input\":{\"@type\":\"PropertyValueSpecification\",\"valueRequired\":true,\"valueName\":\"search_term_string\"}}],\"inLanguage\":\"de\"},{\"@type\":\"Organization\",\"@id\":\"https:\\\/\\\/trusthillpharmacy.de\\\/#organization\",\"name\":\"Trusthill Pharmacy\",\"url\":\"https:\\\/\\\/trusthillpharmacy.de\\\/\",\"logo\":{\"@type\":\"ImageObject\",\"inLanguage\":\"de\",\"@id\":\"https:\\\/\\\/trusthillpharmacy.de\\\/#\\\/schema\\\/logo\\\/image\\\/\",\"url\":\"https:\\\/\\\/trusthillpharmacy.de\\\/wp-content\\\/uploads\\\/2025\\\/12\\\/trusthill-pharmacy-site-icon-1.png\",\"contentUrl\":\"https:\\\/\\\/trusthillpharmacy.de\\\/wp-content\\\/uploads\\\/2025\\\/12\\\/trusthill-pharmacy-site-icon-1.png\",\"width\":512,\"height\":512,\"caption\":\"Trusthill Pharmacy\"},\"image\":{\"@id\":\"https:\\\/\\\/trusthillpharmacy.de\\\/#\\\/schema\\\/logo\\\/image\\\/\"}}]}<\/script>\n<!-- \/ Yoast SEO Premium plugin. -->","yoast_head_json":{"title":"Kaufen Vyvanse Online - Trusthill Apotheke","description":"Kaufen Vyvanse online (lisdexamfetamine) ist ein verschreibungspflichtiges Stimulans Medikament in Erster Linie zur Behandlung von Aufmerksamkeits-Defizit-Hyperaktivit\u00e4ts-St\u00f6rung (ADHS).","robots":{"index":"index","follow":"follow","max-snippet":"max-snippet:-1","max-image-preview":"max-image-preview:large","max-video-preview":"max-video-preview:-1"},"canonical":"https:\/\/trusthillpharmacy.de\/de\/shop\/vyvanse-online-kaufen\/","og_locale":"de_DE","og_type":"article","og_title":"Buy Vyvanse Online","og_description":"Buy Vyvanse online (lisdexamfetamine) is a prescription stimulant medication primarily used to treat\u00a0Attention Deficit Hyperactivity Disorder (ADHD).","og_url":"https:\/\/trusthillpharmacy.de\/de\/shop\/vyvanse-online-kaufen\/","og_site_name":"Trusthill Pharmacy","article_modified_time":"2026-04-22T09:29:50+00:00","og_image":[{"width":300,"height":300,"url":"https:\/\/trusthillpharmacy.de\/wp-content\/uploads\/2026\/04\/photo_5132142751293050301_m.jpg","type":"image\/jpeg"}],"twitter_card":"summary_large_image","twitter_misc":{"Gesch\u00e4tzte Lesezeit":"3\u00a0Minuten"},"schema":{"@context":"https:\/\/schema.org","@graph":[{"@type":"WebPage","@id":"https:\/\/trusthillpharmacy.de\/shop\/buy-vyvanse-online\/","url":"https:\/\/trusthillpharmacy.de\/shop\/buy-vyvanse-online\/","name":"Kaufen Vyvanse Online - Trusthill Apotheke","isPartOf":{"@id":"https:\/\/trusthillpharmacy.de\/#website"},"primaryImageOfPage":{"@id":"https:\/\/trusthillpharmacy.de\/shop\/buy-vyvanse-online\/#primaryimage"},"image":{"@id":"https:\/\/trusthillpharmacy.de\/shop\/buy-vyvanse-online\/#primaryimage"},"thumbnailUrl":"https:\/\/trusthillpharmacy.de\/wp-content\/uploads\/2026\/04\/photo_5132142751293050301_m.jpg","datePublished":"2026-04-21T09:09:17+00:00","dateModified":"2026-04-22T09:29:50+00:00","description":"Kaufen Vyvanse online (lisdexamfetamine) ist ein verschreibungspflichtiges Stimulans Medikament in Erster Linie zur Behandlung von Aufmerksamkeits-Defizit-Hyperaktivit\u00e4ts-St\u00f6rung (ADHS).","breadcrumb":{"@id":"https:\/\/trusthillpharmacy.de\/shop\/buy-vyvanse-online\/#breadcrumb"},"inLanguage":"de","potentialAction":[{"@type":"ReadAction","target":["https:\/\/trusthillpharmacy.de\/shop\/buy-vyvanse-online\/"]}]},{"@type":"ImageObject","inLanguage":"de","@id":"https:\/\/trusthillpharmacy.de\/shop\/buy-vyvanse-online\/#primaryimage","url":"https:\/\/trusthillpharmacy.de\/wp-content\/uploads\/2026\/04\/photo_5132142751293050301_m.jpg","contentUrl":"https:\/\/trusthillpharmacy.de\/wp-content\/uploads\/2026\/04\/photo_5132142751293050301_m.jpg","width":300,"height":300,"caption":"Buy Vyvanse Online"},{"@type":"BreadcrumbList","@id":"https:\/\/trusthillpharmacy.de\/shop\/buy-vyvanse-online\/#breadcrumb","itemListElement":[{"@type":"ListItem","position":1,"name":"Home","item":"https:\/\/trusthillpharmacy.de\/"},{"@type":"ListItem","position":2,"name":"Shop","item":"https:\/\/trusthillpharmacy.de\/shop\/"},{"@type":"ListItem","position":3,"name":"Buy Vyvanse Online"}]},{"@type":"WebSite","@id":"https:\/\/trusthillpharmacy.de\/#website","url":"https:\/\/trusthillpharmacy.de\/","name":"Trusthill Apotheke","description":"","publisher":{"@id":"https:\/\/trusthillpharmacy.de\/#organization"},"potentialAction":[{"@type":"SearchAction","target":{"@type":"EntryPoint","urlTemplate":"https:\/\/trusthillpharmacy.de\/?s={search_term_string}"},"query-input":{"@type":"PropertyValueSpecification","valueRequired":true,"valueName":"search_term_string"}}],"inLanguage":"de"},{"@type":"Organization","@id":"https:\/\/trusthillpharmacy.de\/#organization","name":"Trusthill Apotheke","url":"https:\/\/trusthillpharmacy.de\/","logo":{"@type":"ImageObject","inLanguage":"de","@id":"https:\/\/trusthillpharmacy.de\/#\/schema\/logo\/image\/","url":"https:\/\/trusthillpharmacy.de\/wp-content\/uploads\/2025\/12\/trusthill-pharmacy-site-icon-1.png","contentUrl":"https:\/\/trusthillpharmacy.de\/wp-content\/uploads\/2025\/12\/trusthill-pharmacy-site-icon-1.png","width":512,"height":512,"caption":"Trusthill Pharmacy"},"image":{"@id":"https:\/\/trusthillpharmacy.de\/#\/schema\/logo\/image\/"}}]}},"jetpack_sharing_enabled":true,"_links":{"self":[{"href":"https:\/\/trusthillpharmacy.de\/de\/wp-json\/wp\/v2\/product\/7939","targetHints":{"allow":["GET"]}}],"collection":[{"href":"https:\/\/trusthillpharmacy.de\/de\/wp-json\/wp\/v2\/product"}],"about":[{"href":"https:\/\/trusthillpharmacy.de\/de\/wp-json\/wp\/v2\/types\/product"}],"version-history":[{"count":3,"href":"https:\/\/trusthillpharmacy.de\/de\/wp-json\/wp\/v2\/product\/7939\/revisions"}],"predecessor-version":[{"id":8006,"href":"https:\/\/trusthillpharmacy.de\/de\/wp-json\/wp\/v2\/product\/7939\/revisions\/8006"}],"wp:featuredmedia":[{"embeddable":true,"href":"https:\/\/trusthillpharmacy.de\/de\/wp-json\/wp\/v2\/media\/7940"}],"wp:attachment":[{"href":"https:\/\/trusthillpharmacy.de\/de\/wp-json\/wp\/v2\/media?parent=7939"}],"wp:term":[{"taxonomy":"product_brand","embeddable":true,"href":"https:\/\/trusthillpharmacy.de\/de\/wp-json\/wp\/v2\/product_brand?post=7939"},{"taxonomy":"product_cat","embeddable":true,"href":"https:\/\/trusthillpharmacy.de\/de\/wp-json\/wp\/v2\/product_cat?post=7939"},{"taxonomy":"product_tag","embeddable":true,"href":"https:\/\/trusthillpharmacy.de\/de\/wp-json\/wp\/v2\/product_tag?post=7939"}],"curies":[{"name":"wp","href":"https:\/\/api.w.org\/{rel}","templated":true}]}}