{"id":8132,"date":"2026-04-27T00:16:04","date_gmt":"2026-04-27T00:16:04","guid":{"rendered":"https:\/\/trusthillpharmacy.de\/?post_type=product&#038;p=8132"},"modified":"2026-04-28T12:09:51","modified_gmt":"2026-04-28T12:09:51","slug":"orlistat-120-mg","status":"publish","type":"product","link":"https:\/\/trusthillpharmacy.de\/de\/shop\/orlistat-120-mg\/","title":{"rendered":"Orlistat 120 mg"},"content":{"rendered":"<h1><a href=\"http:\/\/google.com\">Orlistat 120 mg<\/a><\/h1>\n<p class=\"mb-2 last:mb-0\">Haben Sie mit hartn\u00e4ckigem Fett zu k\u00e4mpfen und suchen Sie nach einer zuverl\u00e4ssigen L\u00f6sung?\u00a0<a href=\"https:\/\/trusthillpharmacy.de\/de\/\"><strong>Orlistat 120 mg<\/strong><\/a>\u00a0Die L\u00f6sung? Dieses rezeptpflichtige Medikament zur Gewichtsreduktion wurde entwickelt, um Erwachsenen bei der Behandlung von \u00dcbergewicht zu helfen, indem es die Aufnahme von Nahrungsfetten blockiert. Im Gegensatz zu Crash-Di\u00e4ten oder nicht erprobten Nahrungserg\u00e4nzungsmitteln\u00a0<strong>Orlistat 120mg Kapseln<\/strong>\u00a0Es bek\u00e4mpft die Ursache der Gewichtszunahme und ist daher eine Top-Wahl f\u00fcr nachhaltige Ergebnisse.<\/p>\n<h2>Wie wirkt Orlistat 120 mg?<\/h2>\n<p class=\"mb-2 last:mb-0\"><strong>Orlistat 120 mg<\/strong>\u00a0Wirkt als Lipasehemmer, indem es sich an Enzyme in Ihrem Verdauungssystem bindet, die Fette abbauen. Bis zu 30 % des aufgenommenen Fetts passieren Ihren K\u00f6rper unverdaut und werden auf nat\u00fcrliche Weise ausgeschieden. Nehmen Sie eine Tablette ein.\u00a0<strong>Orlistat-Kapsel<\/strong>\u00a0Jede Hauptmahlzeit sollte Fett enthalten (bis zu dreimal t\u00e4glich). F\u00fcr optimale Ergebnisse\u00a0<strong>Orlistat-Ergebnisse<\/strong>Kombinieren Sie es mit einer kalorienreduzierten, fettarmen Ern\u00e4hrung und regelm\u00e4\u00dfiger Bewegung. Klinische Studien zeigen, dass Anwender in Verbindung mit Lebensstil\u00e4nderungen innerhalb eines Jahres 5\u201310 % ihres K\u00f6rpergewichts verlieren.<\/p>\n<h2>Wichtigste Vorteile von Orlistat 120 mg Kapseln<\/h2>\n<ul>\n<li><strong>Nachgewiesene Wirksamkeit<\/strong>: Von der FDA zur Behandlung von Fettleibigkeit zugelassen (BMI \u226530 oder \u226527 mit Begleiterkrankungen wie Diabetes oder Bluthochdruck).<\/li>\n<li><strong>Keine systemische Absorption<\/strong>Wirkt lokal im Darm und minimiert so die Nebenwirkungen im Vergleich zu Appetitz\u00fcglern.<\/li>\n<li><strong>Langfristige Unterst\u00fctzung<\/strong>Ideal zur Gewichtserhaltung nach einer Di\u00e4t.<\/li>\n<li><strong>Bequeme Dosierung<\/strong>Einfaches Programm, das zu einem hektischen Lebensstil passt.<\/li>\n<\/ul>\n<p class=\"mb-2 last:mb-0\">Suchen nach\u00a0<strong>Orlistat online kaufen<\/strong>Lassen Sie sich immer von einem Arzt ein Rezept ausstellen, um sicherzustellen, dass es f\u00fcr Sie geeignet ist.<\/p>\n<h2>Nebenwirkungen und Vorsichtsma\u00dfnahmen bei der Einnahme von Orlistat 120 mg<\/h2>\n<p class=\"mb-2 last:mb-0\">Common\u00a0<strong>Nebenwirkungen von Orlistat<\/strong>\u00a0include oily spotting, gas with discharge, urgent bowel movements, and fecal urgency\u2014often reduced by limiting fat intake (&lt;30% of calories). Rare issues: vitamin deficiencies (take A, D, E, K supplements). Not for pregnant\/nursing women, gallbladder issues, or chronic malabsorption. Monitor with healthcare provider.<\/p>\n<h2>Orlistat 120 mg Dosierung und Tipps f\u00fcr den Erfolg<\/h2>\n<p class=\"mb-2 last:mb-0\">Standarddosis:\u00a0<strong>Orlistat<\/strong>\u00a0Dreimal t\u00e4glich zu fetthaltigen Mahlzeiten einnehmen. Bei fettfreien Mahlzeiten auslassen. Fortschritte in einem Ern\u00e4hrungstagebuch festhalten. F\u00fcr optimale Ergebnisse mit einem t\u00e4glichen Kaloriendefizit von 500 Kalorien kombinieren.\u00a0<strong>Orlistat-Gewichtsverlust<\/strong>.<\/p>\n<p class=\"mb-2 last:mb-0\">Bereit f\u00fcr Ver\u00e4nderung? Sprechen Sie mit uns.\u00a0<strong>Orlistat 120 mg Trusthill Apotheke <\/strong>Oder wenden Sie sich an Ihren Hausarzt in Ihrer Region und nutzen Sie die Online-Bestellung bei Trusthill Pharmacy. Erzielen Sie sichere und wirksame Ergebnisse \u2013 starten Sie noch heute!<\/p>\n\n    <div class=\"xs_social_share_widget xs_share_url after_content \t\tmain_content  wslu-style-1 wslu-share-box-shaped wslu-fill-colored wslu-none wslu-share-horizontal wslu-theme-font-no wslu-main_content\">\n\n\t\t\n        <ul>\n\t\t\t        <\/ul>\n    <\/div>","protected":false},"excerpt":{"rendered":"<p>Orlistat 120mg Are you struggling with stubborn fat and seeking a reliable\u00a0Orlistat 120mg\u00a0solution? This prescription-strength weight loss medication is designed to help adults manage obesity by blocking dietary fat absorption. Unlike crash diets or unproven supplements,\u00a0Orlistat 120mg capsules\u00a0target the root of weight gain, making it a top choice for sustainable results. How Does Orlistat 120mg &hellip; <a href=\"https:\/\/trusthillpharmacy.de\/de\/shop\/orlistat-120-mg\/\" class=\"more-link\">Continue reading <span class=\"screen-reader-text\">Orlistat 120 mg<\/span><\/a><\/p>","protected":false},"featured_media":8131,"template":"","meta":{"postBodyCss":"","postBodyMargin":[],"postBodyPadding":[],"postBodyBackground":{"backgroundType":"classic","gradient":""}},"product_brand":[],"product_cat":[105],"product_tag":[250],"class_list":{"0":"post-8132","1":"product","2":"type-product","3":"status-publish","4":"has-post-thumbnail","6":"product_cat-weight-loss","7":"product_tag-orlistat-120mg","10":"instock","11":"shipping-taxable","12":"purchasable","13":"product-type-simple"},"yoast_head":"<!-- This site is optimized with the Yoast SEO Premium plugin v26.5 (Yoast SEO v27.4) - https:\/\/yoast.com\/product\/yoast-seo-premium-wordpress\/ -->\n<title>Orlistat 120mg - Trusthill Pharmacy<\/title>\n<meta name=\"description\" content=\"Orlistat 120mg, prescription-strength weight loss medication is designed to help adults manage obesity by blocking dietary fat absorption.\" \/>\n<meta name=\"robots\" content=\"index, follow, max-snippet:-1, max-image-preview:large, max-video-preview:-1\" \/>\n<link rel=\"canonical\" href=\"https:\/\/trusthillpharmacy.de\/de\/shop\/orlistat-120-mg\/\" \/>\n<meta property=\"og:locale\" content=\"de_DE\" \/>\n<meta property=\"og:type\" content=\"article\" \/>\n<meta property=\"og:title\" content=\"Orlistat 120mg\" \/>\n<meta property=\"og:description\" content=\"Orlistat 120mg, prescription-strength weight loss medication is designed to help adults manage obesity by blocking dietary fat absorption.\" \/>\n<meta property=\"og:url\" content=\"https:\/\/trusthillpharmacy.de\/de\/shop\/orlistat-120-mg\/\" \/>\n<meta property=\"og:site_name\" content=\"Trusthill Pharmacy\" \/>\n<meta property=\"article:modified_time\" content=\"2026-04-28T12:09:51+00:00\" \/>\n<meta property=\"og:image\" content=\"https:\/\/trusthillpharmacy.de\/wp-content\/uploads\/2026\/04\/photo_5147672180509314080_x.jpg\" \/>\n\t<meta property=\"og:image:width\" content=\"700\" \/>\n\t<meta property=\"og:image:height\" content=\"700\" \/>\n\t<meta property=\"og:image:type\" content=\"image\/jpeg\" \/>\n<meta name=\"twitter:card\" content=\"summary_large_image\" \/>\n<meta name=\"twitter:label1\" content=\"Gesch\u00e4tzte Lesezeit\" \/>\n\t<meta name=\"twitter:data1\" content=\"2\u00a0Minuten\" \/>\n<script type=\"application\/ld+json\" class=\"yoast-schema-graph\">{\"@context\":\"https:\\\/\\\/schema.org\",\"@graph\":[{\"@type\":\"WebPage\",\"@id\":\"https:\\\/\\\/trusthillpharmacy.de\\\/shop\\\/orlistat-120mg\\\/\",\"url\":\"https:\\\/\\\/trusthillpharmacy.de\\\/shop\\\/orlistat-120mg\\\/\",\"name\":\"Orlistat 120mg - Trusthill Pharmacy\",\"isPartOf\":{\"@id\":\"https:\\\/\\\/trusthillpharmacy.de\\\/#website\"},\"primaryImageOfPage\":{\"@id\":\"https:\\\/\\\/trusthillpharmacy.de\\\/shop\\\/orlistat-120mg\\\/#primaryimage\"},\"image\":{\"@id\":\"https:\\\/\\\/trusthillpharmacy.de\\\/shop\\\/orlistat-120mg\\\/#primaryimage\"},\"thumbnailUrl\":\"https:\\\/\\\/trusthillpharmacy.de\\\/wp-content\\\/uploads\\\/2026\\\/04\\\/photo_5147672180509314080_x.jpg\",\"datePublished\":\"2026-04-27T00:16:04+00:00\",\"dateModified\":\"2026-04-28T12:09:51+00:00\",\"description\":\"Orlistat 120mg, prescription-strength weight loss medication is designed to help adults manage obesity by blocking dietary fat absorption.\",\"breadcrumb\":{\"@id\":\"https:\\\/\\\/trusthillpharmacy.de\\\/shop\\\/orlistat-120mg\\\/#breadcrumb\"},\"inLanguage\":\"de\",\"potentialAction\":[{\"@type\":\"ReadAction\",\"target\":[\"https:\\\/\\\/trusthillpharmacy.de\\\/shop\\\/orlistat-120mg\\\/\"]}]},{\"@type\":\"ImageObject\",\"inLanguage\":\"de\",\"@id\":\"https:\\\/\\\/trusthillpharmacy.de\\\/shop\\\/orlistat-120mg\\\/#primaryimage\",\"url\":\"https:\\\/\\\/trusthillpharmacy.de\\\/wp-content\\\/uploads\\\/2026\\\/04\\\/photo_5147672180509314080_x.jpg\",\"contentUrl\":\"https:\\\/\\\/trusthillpharmacy.de\\\/wp-content\\\/uploads\\\/2026\\\/04\\\/photo_5147672180509314080_x.jpg\",\"width\":700,\"height\":700,\"caption\":\"Orlistat 120mg\"},{\"@type\":\"BreadcrumbList\",\"@id\":\"https:\\\/\\\/trusthillpharmacy.de\\\/shop\\\/orlistat-120mg\\\/#breadcrumb\",\"itemListElement\":[{\"@type\":\"ListItem\",\"position\":1,\"name\":\"Home\",\"item\":\"https:\\\/\\\/trusthillpharmacy.de\\\/\"},{\"@type\":\"ListItem\",\"position\":2,\"name\":\"Shop\",\"item\":\"https:\\\/\\\/trusthillpharmacy.de\\\/shop\\\/\"},{\"@type\":\"ListItem\",\"position\":3,\"name\":\"Orlistat 120mg\"}]},{\"@type\":\"WebSite\",\"@id\":\"https:\\\/\\\/trusthillpharmacy.de\\\/#website\",\"url\":\"https:\\\/\\\/trusthillpharmacy.de\\\/\",\"name\":\"Trusthill Pharmacy\",\"description\":\"\",\"publisher\":{\"@id\":\"https:\\\/\\\/trusthillpharmacy.de\\\/#organization\"},\"potentialAction\":[{\"@type\":\"SearchAction\",\"target\":{\"@type\":\"EntryPoint\",\"urlTemplate\":\"https:\\\/\\\/trusthillpharmacy.de\\\/?s={search_term_string}\"},\"query-input\":{\"@type\":\"PropertyValueSpecification\",\"valueRequired\":true,\"valueName\":\"search_term_string\"}}],\"inLanguage\":\"de\"},{\"@type\":\"Organization\",\"@id\":\"https:\\\/\\\/trusthillpharmacy.de\\\/#organization\",\"name\":\"Trusthill Pharmacy\",\"url\":\"https:\\\/\\\/trusthillpharmacy.de\\\/\",\"logo\":{\"@type\":\"ImageObject\",\"inLanguage\":\"de\",\"@id\":\"https:\\\/\\\/trusthillpharmacy.de\\\/#\\\/schema\\\/logo\\\/image\\\/\",\"url\":\"https:\\\/\\\/trusthillpharmacy.de\\\/wp-content\\\/uploads\\\/2025\\\/12\\\/trusthill-pharmacy-site-icon-1.png\",\"contentUrl\":\"https:\\\/\\\/trusthillpharmacy.de\\\/wp-content\\\/uploads\\\/2025\\\/12\\\/trusthill-pharmacy-site-icon-1.png\",\"width\":512,\"height\":512,\"caption\":\"Trusthill Pharmacy\"},\"image\":{\"@id\":\"https:\\\/\\\/trusthillpharmacy.de\\\/#\\\/schema\\\/logo\\\/image\\\/\"}}]}<\/script>\n<!-- \/ Yoast SEO Premium plugin. -->","yoast_head_json":{"title":"Orlistat 120 mg \u2013 Trusthill Apotheke","description":"Orlistat 120 mg ist ein verschreibungspflichtiges Medikament zur Gewichtsreduktion, das Erwachsenen bei der Bew\u00e4ltigung von \u00dcbergewicht helfen soll, indem es die Aufnahme von Nahrungsfetten blockiert.","robots":{"index":"index","follow":"follow","max-snippet":"max-snippet:-1","max-image-preview":"max-image-preview:large","max-video-preview":"max-video-preview:-1"},"canonical":"https:\/\/trusthillpharmacy.de\/de\/shop\/orlistat-120-mg\/","og_locale":"de_DE","og_type":"article","og_title":"Orlistat 120mg","og_description":"Orlistat 120mg, prescription-strength weight loss medication is designed to help adults manage obesity by blocking dietary fat absorption.","og_url":"https:\/\/trusthillpharmacy.de\/de\/shop\/orlistat-120-mg\/","og_site_name":"Trusthill Pharmacy","article_modified_time":"2026-04-28T12:09:51+00:00","og_image":[{"width":700,"height":700,"url":"https:\/\/trusthillpharmacy.de\/wp-content\/uploads\/2026\/04\/photo_5147672180509314080_x.jpg","type":"image\/jpeg"}],"twitter_card":"summary_large_image","twitter_misc":{"Gesch\u00e4tzte Lesezeit":"2\u00a0Minuten"},"schema":{"@context":"https:\/\/schema.org","@graph":[{"@type":"WebPage","@id":"https:\/\/trusthillpharmacy.de\/shop\/orlistat-120mg\/","url":"https:\/\/trusthillpharmacy.de\/shop\/orlistat-120mg\/","name":"Orlistat 120 mg \u2013 Trusthill Apotheke","isPartOf":{"@id":"https:\/\/trusthillpharmacy.de\/#website"},"primaryImageOfPage":{"@id":"https:\/\/trusthillpharmacy.de\/shop\/orlistat-120mg\/#primaryimage"},"image":{"@id":"https:\/\/trusthillpharmacy.de\/shop\/orlistat-120mg\/#primaryimage"},"thumbnailUrl":"https:\/\/trusthillpharmacy.de\/wp-content\/uploads\/2026\/04\/photo_5147672180509314080_x.jpg","datePublished":"2026-04-27T00:16:04+00:00","dateModified":"2026-04-28T12:09:51+00:00","description":"Orlistat 120 mg ist ein verschreibungspflichtiges Medikament zur Gewichtsreduktion, das Erwachsenen bei der Bew\u00e4ltigung von \u00dcbergewicht helfen soll, indem es die Aufnahme von Nahrungsfetten blockiert.","breadcrumb":{"@id":"https:\/\/trusthillpharmacy.de\/shop\/orlistat-120mg\/#breadcrumb"},"inLanguage":"de","potentialAction":[{"@type":"ReadAction","target":["https:\/\/trusthillpharmacy.de\/shop\/orlistat-120mg\/"]}]},{"@type":"ImageObject","inLanguage":"de","@id":"https:\/\/trusthillpharmacy.de\/shop\/orlistat-120mg\/#primaryimage","url":"https:\/\/trusthillpharmacy.de\/wp-content\/uploads\/2026\/04\/photo_5147672180509314080_x.jpg","contentUrl":"https:\/\/trusthillpharmacy.de\/wp-content\/uploads\/2026\/04\/photo_5147672180509314080_x.jpg","width":700,"height":700,"caption":"Orlistat 120mg"},{"@type":"BreadcrumbList","@id":"https:\/\/trusthillpharmacy.de\/shop\/orlistat-120mg\/#breadcrumb","itemListElement":[{"@type":"ListItem","position":1,"name":"Home","item":"https:\/\/trusthillpharmacy.de\/"},{"@type":"ListItem","position":2,"name":"Shop","item":"https:\/\/trusthillpharmacy.de\/shop\/"},{"@type":"ListItem","position":3,"name":"Orlistat 120mg"}]},{"@type":"WebSite","@id":"https:\/\/trusthillpharmacy.de\/#website","url":"https:\/\/trusthillpharmacy.de\/","name":"Trusthill Apotheke","description":"","publisher":{"@id":"https:\/\/trusthillpharmacy.de\/#organization"},"potentialAction":[{"@type":"SearchAction","target":{"@type":"EntryPoint","urlTemplate":"https:\/\/trusthillpharmacy.de\/?s={search_term_string}"},"query-input":{"@type":"PropertyValueSpecification","valueRequired":true,"valueName":"search_term_string"}}],"inLanguage":"de"},{"@type":"Organization","@id":"https:\/\/trusthillpharmacy.de\/#organization","name":"Trusthill Apotheke","url":"https:\/\/trusthillpharmacy.de\/","logo":{"@type":"ImageObject","inLanguage":"de","@id":"https:\/\/trusthillpharmacy.de\/#\/schema\/logo\/image\/","url":"https:\/\/trusthillpharmacy.de\/wp-content\/uploads\/2025\/12\/trusthill-pharmacy-site-icon-1.png","contentUrl":"https:\/\/trusthillpharmacy.de\/wp-content\/uploads\/2025\/12\/trusthill-pharmacy-site-icon-1.png","width":512,"height":512,"caption":"Trusthill Pharmacy"},"image":{"@id":"https:\/\/trusthillpharmacy.de\/#\/schema\/logo\/image\/"}}]}},"jetpack_sharing_enabled":true,"_links":{"self":[{"href":"https:\/\/trusthillpharmacy.de\/de\/wp-json\/wp\/v2\/product\/8132","targetHints":{"allow":["GET"]}}],"collection":[{"href":"https:\/\/trusthillpharmacy.de\/de\/wp-json\/wp\/v2\/product"}],"about":[{"href":"https:\/\/trusthillpharmacy.de\/de\/wp-json\/wp\/v2\/types\/product"}],"version-history":[{"count":3,"href":"https:\/\/trusthillpharmacy.de\/de\/wp-json\/wp\/v2\/product\/8132\/revisions"}],"predecessor-version":[{"id":8166,"href":"https:\/\/trusthillpharmacy.de\/de\/wp-json\/wp\/v2\/product\/8132\/revisions\/8166"}],"wp:featuredmedia":[{"embeddable":true,"href":"https:\/\/trusthillpharmacy.de\/de\/wp-json\/wp\/v2\/media\/8131"}],"wp:attachment":[{"href":"https:\/\/trusthillpharmacy.de\/de\/wp-json\/wp\/v2\/media?parent=8132"}],"wp:term":[{"taxonomy":"product_brand","embeddable":true,"href":"https:\/\/trusthillpharmacy.de\/de\/wp-json\/wp\/v2\/product_brand?post=8132"},{"taxonomy":"product_cat","embeddable":true,"href":"https:\/\/trusthillpharmacy.de\/de\/wp-json\/wp\/v2\/product_cat?post=8132"},{"taxonomy":"product_tag","embeddable":true,"href":"https:\/\/trusthillpharmacy.de\/de\/wp-json\/wp\/v2\/product_tag?post=8132"}],"curies":[{"name":"wp","href":"https:\/\/api.w.org\/{rel}","templated":true}]}}