{"id":6845,"date":"2025-12-10T11:15:23","date_gmt":"2025-12-10T11:15:23","guid":{"rendered":"https:\/\/trusthillpharmacy.de\/?post_type=product&#038;p=6845"},"modified":"2026-04-04T23:19:37","modified_gmt":"2026-04-04T23:19:37","slug":"fentanilo-comprimidos-100mcg","status":"publish","type":"product","link":"https:\/\/trusthillpharmacy.de\/es\/shop\/fentanilo-comprimidos-100mcg\/","title":{"rendered":"Fentanilo tabletas de 100 mcg"},"content":{"rendered":"<h1><a href=\"http:\/\/google.com\">Fentanilo tabletas de 100 mcg<\/a><\/h1>\n<p class=\"mb-2 last:mb-0\"><a href=\"https:\/\/trusthillpharmacy.de\/es\/\">Fentanilo tabletas de 100 mcg<\/a> son un potente opi\u00e1ceo medicamento recetado para el dolor severo de la gesti\u00f3n en entornos m\u00e9dicos. Como un opioide sint\u00e9tico, el fentanilo funciona mediante la uni\u00f3n a los receptores opi\u00e1ceos en el cerebro, proporcionando un r\u00e1pido e intenso alivio del dolor. Esta forma de dosificaci\u00f3n se utiliza normalmente para el dolor irruptivo en pacientes con c\u00e1ncer o aquellos con enfermedades cr\u00f3nicas que no responden a otros analg\u00e9sicos. Sin embargo, debido a su alta potencia\u2014fentanilo es de 50 a 100 veces m\u00e1s fuerte que la morfina es estrictamente regulado y est\u00e1 disponible s\u00f3lo con receta m\u00e9dica.<\/p>\n<h4>Las Aplicaciones m\u00e9dicas de Fentanilo 100mcg Tabletas<\/h4>\n<p class=\"mb-2 last:mb-0\">Fentanilo tabletas de 100 mcg a menudo se indica a corto plazo para el control del dolor en escenarios como la recuperaci\u00f3n post-quir\u00fargica o agudos de hemorroides en condiciones tales como la enfermedad de c\u00e9lulas falciformes. Est\u00e1n dise\u00f1ados para sublingual o bucal de la administraci\u00f3n, permitiendo una r\u00e1pida absorci\u00f3n a trav\u00e9s de las membranas mucosas. Esto las hace ideales para pacientes que no pueden tragar las pastillas o la necesidad de acci\u00f3n r\u00e1pida de alivio. En los cuidados paliativos, el fentanilo ayuda a gestionar el final de la vida el dolor, mejorar la calidad de vida de personas con enfermedades terminales.<\/p>\n<h4>Pautas de dosificaci\u00f3n y Administraci\u00f3n<\/h4>\n<p class=\"mb-2 last:mb-0\">La norma a partir de la dosis de fentanilo tabletas de 100 mcg es de un comprimido cada 4-6 horas seg\u00fan sea necesario, pero esto debe ser adaptadas por un profesional de la salud basada en la tolerancia y la severidad del dolor. Nunca exceda las cantidades indicadas, como la sobredosis puede conducir a la depresi\u00f3n respiratoria o la muerte. Los pacientes deben evitar el consumo de alcohol y sedantes, mientras que el uso de este medicamento, y es crucial para almacenar las tabletas de forma segura para evitar el uso indebido. La titulaci\u00f3n es la clave; los m\u00e9dicos suelen comenzar con la menor dosis y ajustar gradualmente.<\/p>\n<h4>Los posibles Efectos Secundarios y Riesgos<\/h4>\n<p class=\"mb-2 last:mb-0\">Los efectos secundarios comunes de fentanilo tabletas incluyen somnolencia, n\u00e1useas, estre\u00f1imiento y mareos. Los riesgos m\u00e1s serios implican respiratoria supresi\u00f3n, la adicci\u00f3n y s\u00edntomas de abstinencia si se detuvo bruscamente. El uso a largo plazo puede conducir a la tolerancia, que requiere dosis m\u00e1s altas para el mismo efecto. El fentanilo ha estado vinculada a los opioides crisis debido a su potencial de abuso\u2014il\u00edcito de versiones a menudo son atada en drogas de la calle, provocando que miles de sobredosis anualmente. Siempre consulte a un m\u00e9dico antes de su uso, y el informe de reacciones adversas de inmediato.<\/p>\n<h4>Precauciones de seguridad y las Alternativas<\/h4>\n<p class=\"mb-2 last:mb-0\">Para minimizar los riesgos, fentanilo 100mcg tabletas s\u00f3lo debe utilizarse bajo supervisi\u00f3n m\u00e9dica. La naloxona, un antagonista de opioides, se debe a la mano para casos de emergencia. Alternativas como la no-opioides analg\u00e9sicos (por ejemplo, Aines) u otros opioides, con abuso de disuasi\u00f3n formulaciones pueden ser consideradas seguras para el manejo del dolor. La educaci\u00f3n en la eliminaci\u00f3n adecuada previene el da\u00f1o ambiental y el uso indebido.<\/p>\n<p class=\"mb-2 last:mb-0\">","protected":false},"excerpt":{"rendered":"<p><a href=\"https:\/\/trusthillpharmacy.de\/es\/product\/fentanilo-comprimidos-100mcg\/\">Fentanilo<\/a> tabletas de 100 mcg ofrecer vital alivio para el dolor severo, pero la demanda de precauci\u00f3n debido a su fuerza. Si usted est\u00e1 considerando este medicamento, discutir las opciones con un profesional de la salud para garantizar la seguridad, el uso efectivo.<\/p>","protected":false},"featured_media":6846,"template":"","meta":[],"product_brand":[],"product_cat":[107],"product_tag":[138],"class_list":{"0":"post-6845","1":"product","2":"type-product","3":"status-publish","4":"has-post-thumbnail","6":"product_cat-painkillers","7":"product_tag-fentanyl-tablets-100mcg","10":"instock","11":"sale","12":"shipping-taxable","13":"purchasable","14":"product-type-simple"},"yoast_head":"<!-- This site is optimized with the Yoast SEO Premium plugin v26.5 (Yoast SEO v27.4) - https:\/\/yoast.com\/product\/yoast-seo-premium-wordpress\/ -->\n<title>Fentanyl tablets 100mcg - Trusthill Pharmacy<\/title>\n<meta name=\"robots\" content=\"index, follow, max-snippet:-1, max-image-preview:large, max-video-preview:-1\" \/>\n<link rel=\"canonical\" href=\"https:\/\/trusthillpharmacy.de\/es\/shop\/fentanilo-comprimidos-100mcg\/\" \/>\n<meta property=\"og:locale\" content=\"es_ES\" \/>\n<meta property=\"og:type\" content=\"article\" \/>\n<meta property=\"og:title\" content=\"Fentanyl tablets 100mcg\" \/>\n<meta property=\"og:description\" content=\"Fentanyl tablets 100mcg offer vital relief for severe pain but demand caution due to their strength. If you&#039;re considering this medication, discuss options with a healthcare professional to ensure safe, effective use.\" \/>\n<meta property=\"og:url\" content=\"https:\/\/trusthillpharmacy.de\/es\/shop\/fentanilo-comprimidos-100mcg\/\" \/>\n<meta property=\"og:site_name\" content=\"Trusthill Pharmacy\" \/>\n<meta property=\"article:modified_time\" content=\"2026-04-04T23:19:37+00:00\" \/>\n<meta name=\"twitter:card\" content=\"summary_large_image\" \/>\n<meta name=\"twitter:label1\" content=\"Est. reading time\" \/>\n\t<meta name=\"twitter:data1\" content=\"2 minutes\" \/>\n<script type=\"application\/ld+json\" class=\"yoast-schema-graph\">{\"@context\":\"https:\\\/\\\/schema.org\",\"@graph\":[{\"@type\":\"WebPage\",\"@id\":\"https:\\\/\\\/trusthillpharmacy.de\\\/shop\\\/fentanyl-tablets-100mcg\\\/\",\"url\":\"https:\\\/\\\/trusthillpharmacy.de\\\/shop\\\/fentanyl-tablets-100mcg\\\/\",\"name\":\"Fentanyl tablets 100mcg - Trusthill Pharmacy\",\"isPartOf\":{\"@id\":\"https:\\\/\\\/trusthillpharmacy.de\\\/#website\"},\"primaryImageOfPage\":{\"@id\":\"https:\\\/\\\/trusthillpharmacy.de\\\/shop\\\/fentanyl-tablets-100mcg\\\/#primaryimage\"},\"image\":{\"@id\":\"https:\\\/\\\/trusthillpharmacy.de\\\/shop\\\/fentanyl-tablets-100mcg\\\/#primaryimage\"},\"thumbnailUrl\":\"https:\\\/\\\/trusthillpharmacy.de\\\/wp-content\\\/uploads\\\/2025\\\/12\\\/Fentanyl-tabletten-100mcg.avif\",\"datePublished\":\"2025-12-10T11:15:23+00:00\",\"dateModified\":\"2026-04-04T23:19:37+00:00\",\"breadcrumb\":{\"@id\":\"https:\\\/\\\/trusthillpharmacy.de\\\/shop\\\/fentanyl-tablets-100mcg\\\/#breadcrumb\"},\"inLanguage\":\"es-ES\",\"potentialAction\":[{\"@type\":\"ReadAction\",\"target\":[\"https:\\\/\\\/trusthillpharmacy.de\\\/shop\\\/fentanyl-tablets-100mcg\\\/\"]}]},{\"@type\":\"ImageObject\",\"inLanguage\":\"es-ES\",\"@id\":\"https:\\\/\\\/trusthillpharmacy.de\\\/shop\\\/fentanyl-tablets-100mcg\\\/#primaryimage\",\"url\":\"https:\\\/\\\/trusthillpharmacy.de\\\/wp-content\\\/uploads\\\/2025\\\/12\\\/Fentanyl-tabletten-100mcg.avif\",\"contentUrl\":\"https:\\\/\\\/trusthillpharmacy.de\\\/wp-content\\\/uploads\\\/2025\\\/12\\\/Fentanyl-tabletten-100mcg.avif\",\"width\":600,\"height\":600,\"caption\":\"Fentanyl tablets 100mcg\"},{\"@type\":\"BreadcrumbList\",\"@id\":\"https:\\\/\\\/trusthillpharmacy.de\\\/shop\\\/fentanyl-tablets-100mcg\\\/#breadcrumb\",\"itemListElement\":[{\"@type\":\"ListItem\",\"position\":1,\"name\":\"Home\",\"item\":\"https:\\\/\\\/trusthillpharmacy.de\\\/\"},{\"@type\":\"ListItem\",\"position\":2,\"name\":\"Shop\",\"item\":\"https:\\\/\\\/trusthillpharmacy.de\\\/shop\\\/\"},{\"@type\":\"ListItem\",\"position\":3,\"name\":\"Fentanyl tablets 100mcg\"}]},{\"@type\":\"WebSite\",\"@id\":\"https:\\\/\\\/trusthillpharmacy.de\\\/#website\",\"url\":\"https:\\\/\\\/trusthillpharmacy.de\\\/\",\"name\":\"Trusthill Pharmacy\",\"description\":\"\",\"publisher\":{\"@id\":\"https:\\\/\\\/trusthillpharmacy.de\\\/#organization\"},\"potentialAction\":[{\"@type\":\"SearchAction\",\"target\":{\"@type\":\"EntryPoint\",\"urlTemplate\":\"https:\\\/\\\/trusthillpharmacy.de\\\/?s={search_term_string}\"},\"query-input\":{\"@type\":\"PropertyValueSpecification\",\"valueRequired\":true,\"valueName\":\"search_term_string\"}}],\"inLanguage\":\"es-ES\"},{\"@type\":\"Organization\",\"@id\":\"https:\\\/\\\/trusthillpharmacy.de\\\/#organization\",\"name\":\"Trusthill Pharmacy\",\"url\":\"https:\\\/\\\/trusthillpharmacy.de\\\/\",\"logo\":{\"@type\":\"ImageObject\",\"inLanguage\":\"es-ES\",\"@id\":\"https:\\\/\\\/trusthillpharmacy.de\\\/#\\\/schema\\\/logo\\\/image\\\/\",\"url\":\"https:\\\/\\\/trusthillpharmacy.de\\\/wp-content\\\/uploads\\\/2025\\\/12\\\/trusthill-pharmacy-site-icon-1.png\",\"contentUrl\":\"https:\\\/\\\/trusthillpharmacy.de\\\/wp-content\\\/uploads\\\/2025\\\/12\\\/trusthill-pharmacy-site-icon-1.png\",\"width\":512,\"height\":512,\"caption\":\"Trusthill Pharmacy\"},\"image\":{\"@id\":\"https:\\\/\\\/trusthillpharmacy.de\\\/#\\\/schema\\\/logo\\\/image\\\/\"}}]}<\/script>\n<!-- \/ Yoast SEO Premium plugin. -->","yoast_head_json":{"title":"Fentanilo tabletas de 100 mcg - Trusthill Farmacia","robots":{"index":"index","follow":"follow","max-snippet":"max-snippet:-1","max-image-preview":"max-image-preview:large","max-video-preview":"max-video-preview:-1"},"canonical":"https:\/\/trusthillpharmacy.de\/es\/shop\/fentanilo-comprimidos-100mcg\/","og_locale":"es_ES","og_type":"article","og_title":"Fentanyl tablets 100mcg","og_description":"Fentanyl tablets 100mcg offer vital relief for severe pain but demand caution due to their strength. If you're considering this medication, discuss options with a healthcare professional to ensure safe, effective use.","og_url":"https:\/\/trusthillpharmacy.de\/es\/shop\/fentanilo-comprimidos-100mcg\/","og_site_name":"Trusthill Pharmacy","article_modified_time":"2026-04-04T23:19:37+00:00","twitter_card":"summary_large_image","twitter_misc":{"Est. reading time":"2 minutes"},"schema":{"@context":"https:\/\/schema.org","@graph":[{"@type":"WebPage","@id":"https:\/\/trusthillpharmacy.de\/shop\/fentanyl-tablets-100mcg\/","url":"https:\/\/trusthillpharmacy.de\/shop\/fentanyl-tablets-100mcg\/","name":"Fentanilo tabletas de 100 mcg - Trusthill Farmacia","isPartOf":{"@id":"https:\/\/trusthillpharmacy.de\/#website"},"primaryImageOfPage":{"@id":"https:\/\/trusthillpharmacy.de\/shop\/fentanyl-tablets-100mcg\/#primaryimage"},"image":{"@id":"https:\/\/trusthillpharmacy.de\/shop\/fentanyl-tablets-100mcg\/#primaryimage"},"thumbnailUrl":"https:\/\/trusthillpharmacy.de\/wp-content\/uploads\/2025\/12\/Fentanyl-tabletten-100mcg.avif","datePublished":"2025-12-10T11:15:23+00:00","dateModified":"2026-04-04T23:19:37+00:00","breadcrumb":{"@id":"https:\/\/trusthillpharmacy.de\/shop\/fentanyl-tablets-100mcg\/#breadcrumb"},"inLanguage":"es-ES","potentialAction":[{"@type":"ReadAction","target":["https:\/\/trusthillpharmacy.de\/shop\/fentanyl-tablets-100mcg\/"]}]},{"@type":"ImageObject","inLanguage":"es-ES","@id":"https:\/\/trusthillpharmacy.de\/shop\/fentanyl-tablets-100mcg\/#primaryimage","url":"https:\/\/trusthillpharmacy.de\/wp-content\/uploads\/2025\/12\/Fentanyl-tabletten-100mcg.avif","contentUrl":"https:\/\/trusthillpharmacy.de\/wp-content\/uploads\/2025\/12\/Fentanyl-tabletten-100mcg.avif","width":600,"height":600,"caption":"Fentanyl tablets 100mcg"},{"@type":"BreadcrumbList","@id":"https:\/\/trusthillpharmacy.de\/shop\/fentanyl-tablets-100mcg\/#breadcrumb","itemListElement":[{"@type":"ListItem","position":1,"name":"Home","item":"https:\/\/trusthillpharmacy.de\/"},{"@type":"ListItem","position":2,"name":"Shop","item":"https:\/\/trusthillpharmacy.de\/shop\/"},{"@type":"ListItem","position":3,"name":"Fentanyl tablets 100mcg"}]},{"@type":"WebSite","@id":"https:\/\/trusthillpharmacy.de\/#website","url":"https:\/\/trusthillpharmacy.de\/","name":"Trusthill Farmacia","description":"","publisher":{"@id":"https:\/\/trusthillpharmacy.de\/#organization"},"potentialAction":[{"@type":"SearchAction","target":{"@type":"EntryPoint","urlTemplate":"https:\/\/trusthillpharmacy.de\/?s={search_term_string}"},"query-input":{"@type":"PropertyValueSpecification","valueRequired":true,"valueName":"search_term_string"}}],"inLanguage":"es-ES"},{"@type":"Organization","@id":"https:\/\/trusthillpharmacy.de\/#organization","name":"Trusthill Farmacia","url":"https:\/\/trusthillpharmacy.de\/","logo":{"@type":"ImageObject","inLanguage":"es-ES","@id":"https:\/\/trusthillpharmacy.de\/#\/schema\/logo\/image\/","url":"https:\/\/trusthillpharmacy.de\/wp-content\/uploads\/2025\/12\/trusthill-pharmacy-site-icon-1.png","contentUrl":"https:\/\/trusthillpharmacy.de\/wp-content\/uploads\/2025\/12\/trusthill-pharmacy-site-icon-1.png","width":512,"height":512,"caption":"Trusthill Pharmacy"},"image":{"@id":"https:\/\/trusthillpharmacy.de\/#\/schema\/logo\/image\/"}}]}},"jetpack_sharing_enabled":true,"_links":{"self":[{"href":"https:\/\/trusthillpharmacy.de\/es\/wp-json\/wp\/v2\/product\/6845","targetHints":{"allow":["GET"]}}],"collection":[{"href":"https:\/\/trusthillpharmacy.de\/es\/wp-json\/wp\/v2\/product"}],"about":[{"href":"https:\/\/trusthillpharmacy.de\/es\/wp-json\/wp\/v2\/types\/product"}],"version-history":[{"count":3,"href":"https:\/\/trusthillpharmacy.de\/es\/wp-json\/wp\/v2\/product\/6845\/revisions"}],"predecessor-version":[{"id":7073,"href":"https:\/\/trusthillpharmacy.de\/es\/wp-json\/wp\/v2\/product\/6845\/revisions\/7073"}],"wp:featuredmedia":[{"embeddable":true,"href":"https:\/\/trusthillpharmacy.de\/es\/wp-json\/wp\/v2\/media\/6846"}],"wp:attachment":[{"href":"https:\/\/trusthillpharmacy.de\/es\/wp-json\/wp\/v2\/media?parent=6845"}],"wp:term":[{"taxonomy":"product_brand","embeddable":true,"href":"https:\/\/trusthillpharmacy.de\/es\/wp-json\/wp\/v2\/product_brand?post=6845"},{"taxonomy":"product_cat","embeddable":true,"href":"https:\/\/trusthillpharmacy.de\/es\/wp-json\/wp\/v2\/product_cat?post=6845"},{"taxonomy":"product_tag","embeddable":true,"href":"https:\/\/trusthillpharmacy.de\/es\/wp-json\/wp\/v2\/product_tag?post=6845"}],"curies":[{"name":"wp","href":"https:\/\/api.w.org\/{rel}","templated":true}]}}