{"id":7704,"date":"2026-04-08T22:49:00","date_gmt":"2026-04-08T22:49:00","guid":{"rendered":"https:\/\/trusthillpharmacy.de\/?post_type=product&#038;p=7704"},"modified":"2026-04-14T16:25:20","modified_gmt":"2026-04-14T16:25:20","slug":"comprar-dihidrocodeina","status":"publish","type":"product","link":"https:\/\/trusthillpharmacy.de\/es\/shop\/comprar-dihidrocodeina\/","title":{"rendered":"Comprar Dihydrocodeine"},"content":{"rendered":"<h1><a href=\"http:\/\/google.com\">Comprar Dihydrocodeine<\/a><\/h1>\n<div class=\"relative mx-auto max-w-2xl px-0 md:px-4 w-full md:m-auto md:w-[90%]\">\n<div class=\"group relative flex items-start md:-ml-12 chat-message\" data-message-id=\"JH0Bw2C\">\n<div class=\"ml-4 flex-1 space-y-2 overflow-hidden px-1\">\n<div class=\"relative\">\n<div class=\"transition-all duration-300 ease-in-out\">\n<div>\n<div>\n<div class=\"prose break-words dark:prose-invert prose-p:leading-relaxed prose-pre:p-0 fix-max-with-100 prose-p:!mt-0\">\n<p class=\"mb-2 last:mb-0\">Comprar <a href=\"https:\/\/trusthillpharmacy.de\/es\/\">Dihidrocode\u00edna<\/a> (DHC) es un <strong>analg\u00e9sico opioide semisint\u00e9tico<\/strong>\u00a0Derivado de la code\u00edna. Se utiliza principalmente para aliviar el dolor moderado a intenso y, en ocasiones, para suprimir la tos. Qu\u00edmicamente, es 4,5\u03b1-epoxi-3-metoxi-17-metilmorfinan-6\u03b1-ol, con la f\u00f3rmula molecular C\u2081\u2088H\u2082\u2083NO\u2083.<\/p>\n<h4>Hechos clave y Utiliza<\/h4>\n<\/div>\n<div class=\"overflow-x-auto my-4\">\n<table class=\"markdown-table\">\n<thead>\n<tr>\n<th>Aspecto<\/th>\n<th>Detalles<\/th>\n<\/tr>\n<\/thead>\n<tbody>\n<tr>\n<td>Clase<\/td>\n<td>Opioide (analg\u00e9sico narc\u00f3tico); sustancia controlada de la Lista III en EE. UU. (DEA), Clase B en el Reino Unido.<\/td>\n<\/tr>\n<tr>\n<td>Nombres De Marcas Comunes<\/td>\n<td>DHC Continus, DF118 (Reino Unido); disponible en forma de comprimidos, soluci\u00f3n oral o inyecciones.<\/td>\n<\/tr>\n<tr>\n<td>Usos M\u00e9dicos<\/td>\n<td>\n<ul>\n<li>Pain management (e.g., post-surgery, chronic pain).&lt;br&gt;- Cough suppressant in some formulations.&lt;br&gt;- Sometimes for opioid withdrawal (lower potency than morphine).<\/li>\n<\/ul>\n<\/td>\n<\/tr>\n<tr>\n<td>Dosis (Adultos)<\/td>\n<td>Generalmente, 30\u201360 mg cada 4\u20136 horas (liberaci\u00f3n inmediata); dosis m\u00e1xima: 240 mg\/d\u00eda. Liberaci\u00f3n prolongada: 60\u2013120 mg cada 12 horas. **Siga siempre las indicaciones m\u00e9dicas; el riesgo de sobredosis es elevado.<\/td>\n<\/tr>\n<tr>\n<td>Inicio\/Duraci\u00f3n<\/td>\n<td>Inicio de acci\u00f3n: 30\u201360 minutos (v\u00eda oral). Efecto m\u00e1ximo: 1\u20132 horas. Duraci\u00f3n: 4\u20136 horas.<\/td>\n<\/tr>\n<\/tbody>\n<\/table>\n<\/div>\n<div class=\"prose break-words dark:prose-invert prose-p:leading-relaxed prose-pre:p-0 fix-max-with-100 prose-p:!mt-0\">\n<h4>C\u00f3mo Funciona<\/h4>\n<p class=\"mb-2 last:mb-0\">DHC se une a\u00a0<strong>receptores mu-opioides<\/strong>\u00a0Act\u00faa en el cerebro y la m\u00e9dula espinal, reduciendo la percepci\u00f3n del dolor y alterando la respuesta emocional al mismo. Su potencia es aproximadamente una d\u00e9cima parte de la de la morfina, pero es m\u00e1s potente que la de la code\u00edna (aproximadamente el doble). Se metaboliza en el h\u00edgado mediante la enzima CYP2D6, transform\u00e1ndose en dihidromorfina (metabolito activo), lo que contribuye a sus efectos.<\/p>\n<p class=\"mb-2 last:mb-0\"><strong>Evidencia<\/strong>Los estudios cl\u00ednicos (por ejemplo, las revisiones Cochrane sobre opioides para el dolor cr\u00f3nico) muestran una eficacia similar a la del tramadol o la code\u00edna para el dolor moderado, con un NNT (n\u00famero necesario de pacientes a tratar para que uno se beneficie) de entre 4 y 12, dependiendo de la dosis y la afecci\u00f3n.<\/p>\n<h4>Efectos secundarios y Riesgos<\/h4>\n<ul>\n<li><strong>Com\u00fan<\/strong>: Somnolencia, n\u00e1useas, estre\u00f1imiento, mareos, picaz\u00f3n.<\/li>\n<li><strong>Seria<\/strong>: Depresi\u00f3n respiratoria (riesgo de sobredosis potencialmente mortal), adicci\u00f3n, tolerancia.<\/li>\n<li><strong>Overdose Signs<\/strong>Respiraci\u00f3n lenta, pupilas puntiformes, coma. La naloxona lo revierte.<\/li>\n<li><strong>Interacciones<\/strong>Peligroso con alcohol, benzodiacepinas y otros opioides (riesgo de insuficiencia respiratoria). Evitar en caso de asma, traumatismos craneoencef\u00e1licos o problemas hep\u00e1ticos graves.<\/li>\n<\/ul>\n<p class=\"mb-2 last:mb-0\"><strong>Potencial de adicci\u00f3n<\/strong>Alto potencial de abuso, similar al de la code\u00edna. Su uso prolongado provoca dependencia; los s\u00edntomas de abstinencia incluyen ansiedad, insomnio y sudoraci\u00f3n.<\/p>\n<h4>Situaci\u00f3n Jur\u00eddica<\/h4>\n<ul>\n<li><strong>A NOSOTROS<\/strong>: Solo con receta m\u00e9dica (CIII); no aprobado por la FDA para la tos, pero se usa fuera de indicaci\u00f3n.<\/li>\n<li><strong>Reino Unido\/UE<\/strong>: Solo con receta m\u00e9dica; disponible sin receta en combinaciones de dosis bajas (por ejemplo, con paracetamol como co-dydramol).<\/li>\n<li><strong>Global<\/strong>Controlado en virtud de la Convenci\u00f3n \u00danica de las Naciones Unidas sobre Estupefacientes.<\/li>\n<\/ul>\n<h4>Dato curioso \/ Comparaci\u00f3n<\/h4>\n<\/div>\n<div class=\"overflow-x-auto my-4\">\n<table class=\"markdown-table\">\n<thead>\n<tr>\n<th>Droga<\/th>\n<th>Potencia relativa (respecto a la morfina)<\/th>\n<th>Supresi\u00f3n de la tos<\/th>\n<\/tr>\n<\/thead>\n<tbody>\n<tr>\n<td>Dihidrocode\u00edna<\/td>\n<td>0.1<\/td>\n<td>Moderado<\/td>\n<\/tr>\n<tr>\n<td>Code\u00edna<\/td>\n<td>0.1<\/td>\n<td>Fuerte<\/td>\n<\/tr>\n<tr>\n<td>Morfina<\/td>\n<td>1.0<\/td>\n<td>D\u00e9bil<\/td>\n<\/tr>\n<tr>\n<td>Oxycodone<\/td>\n<td>1.5<\/td>\n<td>Baja<\/td>\n<\/tr>\n<\/tbody>\n<\/table>\n<\/div>\n<div class=\"prose break-words dark:prose-invert prose-p:leading-relaxed prose-pre:p-0 fix-max-with-100 prose-p:!mt-0\">\n<p class=\"mb-2 last:mb-0\"><strong>Fuentes<\/strong>Bases de datos de medicamentos de la FDA\/EMA, Formulario Nacional Brit\u00e1nico (BNF), estudios de PubMed (p. ej., metaan\u00e1lisis sobre \"Dihidrocode\u00edna para el dolor\", 2014). Para uso personal, consulte a un m\u00e9dico; \u00a1esto no constituye asesoramiento m\u00e9dico! Si lo hace con fines de investigaci\u00f3n o por curiosidad, \u00bfcu\u00e1l es su enfoque espec\u00edfico?<\/p>\n<\/div>\n<\/div>\n<\/div>\n<\/div>\n<\/div>\n<div class=\"flex items-center justify-end gap-1 transition-opacity duration-100 opacity-0 group-hover:opacity-100 group-focus-within:opacity-100 md:absolute md:-right-10 md:-top-2\"><\/div>\n<\/div>\n<\/div>\n<\/div>\n<div class=\"relative mx-auto max-w-2xl px-4 w-full md:m-auto md:w-[90%]\">\n<div class=\"group relative mb-4 flex items-start md:-ml-12\">\n<div class=\"sm:ml-4 flex-1 space-y-2 overflow-hidden pr-1\">\n<div class=\"flex w-full items-center justify-between\">\n<div class=\"flex items-center space-x-1\"><\/div>\n<\/div>\n<\/div>\n<\/div>\n<\/div>\n\n    <div class=\"xs_social_share_widget xs_share_url after_content \t\tmain_content  wslu-style-1 wslu-share-box-shaped wslu-fill-colored wslu-none wslu-share-horizontal wslu-theme-font-no wslu-main_content\">\n\n\t\t\n        <ul>\n\t\t\t        <\/ul>\n    <\/div>","protected":false},"excerpt":{"rendered":"<p>Buy Dihydrocodeine Buy Dihydrocodeine (DHC) is a semi-synthetic opioid analgesic\u00a0derived from codeine. It&#8217;s used primarily for moderate to severe pain relief and sometimes for cough suppression. Chemically, it&#8217;s 4,5\u03b1-epoxy-3-methoxy-17-methylmorphinan-6\u03b1-ol, with the molecular formula C\u2081\u2088H\u2082\u2083NO\u2083. Key Facts and Uses Aspect Details Class Opioid (narcotic analgesic); Schedule III controlled substance in the US (DEA), Class B in &hellip; <a href=\"https:\/\/trusthillpharmacy.de\/es\/shop\/comprar-dihidrocodeina\/\" class=\"more-link\">Continue reading <span class=\"screen-reader-text\">Comprar Dihydrocodeine<\/span><\/a><\/p>","protected":false},"featured_media":7723,"template":"","meta":{"postBodyCss":"","postBodyMargin":[],"postBodyPadding":[],"postBodyBackground":{"backgroundType":"classic","gradient":""}},"product_brand":[],"product_cat":[108],"product_tag":[207],"class_list":{"0":"post-7704","1":"product","2":"type-product","3":"status-publish","4":"has-post-thumbnail","6":"product_cat-pain-relief","7":"product_tag-buy-dihydrocodeine","10":"instock","11":"shipping-taxable","12":"purchasable","13":"product-type-variable"},"yoast_head":"<!-- This site is optimized with the Yoast SEO Premium plugin v26.5 (Yoast SEO v27.4) - https:\/\/yoast.com\/product\/yoast-seo-premium-wordpress\/ -->\n<title>Buy Dihydrocodeine - Trusthill Pharmacy<\/title>\n<meta name=\"description\" content=\"Buy Dihydrocodeine is a semi-synthetic opioid analgesic\u00a0derived from codeine. It&#039;s used primarily for moderate to severe pain relief &amp; cough suppression.\" \/>\n<meta name=\"robots\" content=\"index, follow, max-snippet:-1, max-image-preview:large, max-video-preview:-1\" \/>\n<link rel=\"canonical\" href=\"https:\/\/trusthillpharmacy.de\/es\/shop\/comprar-dihidrocodeina\/\" \/>\n<meta property=\"og:locale\" content=\"es_ES\" \/>\n<meta property=\"og:type\" content=\"article\" \/>\n<meta property=\"og:title\" content=\"Buy Dihydrocodeine\" \/>\n<meta property=\"og:description\" content=\"Buy Dihydrocodeine is a semi-synthetic opioid analgesic\u00a0derived from codeine. It&#039;s used primarily for moderate to severe pain relief &amp; cough suppression.\" \/>\n<meta property=\"og:url\" content=\"https:\/\/trusthillpharmacy.de\/es\/shop\/comprar-dihidrocodeina\/\" \/>\n<meta property=\"og:site_name\" content=\"Trusthill Pharmacy\" \/>\n<meta property=\"article:modified_time\" content=\"2026-04-14T16:25:20+00:00\" \/>\n<meta property=\"og:image\" content=\"https:\/\/trusthillpharmacy.de\/wp-content\/uploads\/2026\/04\/photo_5096273778597104648_y.jpg\" \/>\n\t<meta property=\"og:image:width\" content=\"715\" \/>\n\t<meta property=\"og:image:height\" content=\"1280\" \/>\n\t<meta property=\"og:image:type\" content=\"image\/jpeg\" \/>\n<meta name=\"twitter:card\" content=\"summary_large_image\" \/>\n<meta name=\"twitter:label1\" content=\"Est. reading time\" \/>\n\t<meta name=\"twitter:data1\" content=\"2 minutes\" \/>\n<script type=\"application\/ld+json\" class=\"yoast-schema-graph\">{\"@context\":\"https:\\\/\\\/schema.org\",\"@graph\":[{\"@type\":\"WebPage\",\"@id\":\"https:\\\/\\\/trusthillpharmacy.de\\\/shop\\\/buy-dihydrocodeine\\\/\",\"url\":\"https:\\\/\\\/trusthillpharmacy.de\\\/shop\\\/buy-dihydrocodeine\\\/\",\"name\":\"Buy Dihydrocodeine - Trusthill Pharmacy\",\"isPartOf\":{\"@id\":\"https:\\\/\\\/trusthillpharmacy.de\\\/#website\"},\"primaryImageOfPage\":{\"@id\":\"https:\\\/\\\/trusthillpharmacy.de\\\/shop\\\/buy-dihydrocodeine\\\/#primaryimage\"},\"image\":{\"@id\":\"https:\\\/\\\/trusthillpharmacy.de\\\/shop\\\/buy-dihydrocodeine\\\/#primaryimage\"},\"thumbnailUrl\":\"https:\\\/\\\/trusthillpharmacy.de\\\/wp-content\\\/uploads\\\/2026\\\/04\\\/photo_5096273778597104648_y.jpg\",\"datePublished\":\"2026-04-08T22:49:00+00:00\",\"dateModified\":\"2026-04-14T16:25:20+00:00\",\"description\":\"Buy Dihydrocodeine is a semi-synthetic opioid analgesic\u00a0derived from codeine. It's used primarily for moderate to severe pain relief & cough suppression.\",\"breadcrumb\":{\"@id\":\"https:\\\/\\\/trusthillpharmacy.de\\\/shop\\\/buy-dihydrocodeine\\\/#breadcrumb\"},\"inLanguage\":\"es-ES\",\"potentialAction\":[{\"@type\":\"ReadAction\",\"target\":[\"https:\\\/\\\/trusthillpharmacy.de\\\/shop\\\/buy-dihydrocodeine\\\/\"]}]},{\"@type\":\"ImageObject\",\"inLanguage\":\"es-ES\",\"@id\":\"https:\\\/\\\/trusthillpharmacy.de\\\/shop\\\/buy-dihydrocodeine\\\/#primaryimage\",\"url\":\"https:\\\/\\\/trusthillpharmacy.de\\\/wp-content\\\/uploads\\\/2026\\\/04\\\/photo_5096273778597104648_y.jpg\",\"contentUrl\":\"https:\\\/\\\/trusthillpharmacy.de\\\/wp-content\\\/uploads\\\/2026\\\/04\\\/photo_5096273778597104648_y.jpg\",\"width\":715,\"height\":1280,\"caption\":\"Buy Dihydrocodeine\"},{\"@type\":\"BreadcrumbList\",\"@id\":\"https:\\\/\\\/trusthillpharmacy.de\\\/shop\\\/buy-dihydrocodeine\\\/#breadcrumb\",\"itemListElement\":[{\"@type\":\"ListItem\",\"position\":1,\"name\":\"Home\",\"item\":\"https:\\\/\\\/trusthillpharmacy.de\\\/\"},{\"@type\":\"ListItem\",\"position\":2,\"name\":\"Shop\",\"item\":\"https:\\\/\\\/trusthillpharmacy.de\\\/shop\\\/\"},{\"@type\":\"ListItem\",\"position\":3,\"name\":\"Buy Dihydrocodeine\"}]},{\"@type\":\"WebSite\",\"@id\":\"https:\\\/\\\/trusthillpharmacy.de\\\/#website\",\"url\":\"https:\\\/\\\/trusthillpharmacy.de\\\/\",\"name\":\"Trusthill Pharmacy\",\"description\":\"\",\"publisher\":{\"@id\":\"https:\\\/\\\/trusthillpharmacy.de\\\/#organization\"},\"potentialAction\":[{\"@type\":\"SearchAction\",\"target\":{\"@type\":\"EntryPoint\",\"urlTemplate\":\"https:\\\/\\\/trusthillpharmacy.de\\\/?s={search_term_string}\"},\"query-input\":{\"@type\":\"PropertyValueSpecification\",\"valueRequired\":true,\"valueName\":\"search_term_string\"}}],\"inLanguage\":\"es-ES\"},{\"@type\":\"Organization\",\"@id\":\"https:\\\/\\\/trusthillpharmacy.de\\\/#organization\",\"name\":\"Trusthill Pharmacy\",\"url\":\"https:\\\/\\\/trusthillpharmacy.de\\\/\",\"logo\":{\"@type\":\"ImageObject\",\"inLanguage\":\"es-ES\",\"@id\":\"https:\\\/\\\/trusthillpharmacy.de\\\/#\\\/schema\\\/logo\\\/image\\\/\",\"url\":\"https:\\\/\\\/trusthillpharmacy.de\\\/wp-content\\\/uploads\\\/2025\\\/12\\\/trusthill-pharmacy-site-icon-1.png\",\"contentUrl\":\"https:\\\/\\\/trusthillpharmacy.de\\\/wp-content\\\/uploads\\\/2025\\\/12\\\/trusthill-pharmacy-site-icon-1.png\",\"width\":512,\"height\":512,\"caption\":\"Trusthill Pharmacy\"},\"image\":{\"@id\":\"https:\\\/\\\/trusthillpharmacy.de\\\/#\\\/schema\\\/logo\\\/image\\\/\"}}]}<\/script>\n<!-- \/ Yoast SEO Premium plugin. -->","yoast_head_json":{"title":"Compre dihidrocode\u00edna - Farmacia Trusthill","description":"La dihidrocode\u00edna es un analg\u00e9sico opioide semisint\u00e9tico derivado de la code\u00edna. Se utiliza principalmente para aliviar el dolor moderado a intenso y para suprimir la tos.","robots":{"index":"index","follow":"follow","max-snippet":"max-snippet:-1","max-image-preview":"max-image-preview:large","max-video-preview":"max-video-preview:-1"},"canonical":"https:\/\/trusthillpharmacy.de\/es\/shop\/comprar-dihidrocodeina\/","og_locale":"es_ES","og_type":"article","og_title":"Buy Dihydrocodeine","og_description":"Buy Dihydrocodeine is a semi-synthetic opioid analgesic\u00a0derived from codeine. It's used primarily for moderate to severe pain relief & cough suppression.","og_url":"https:\/\/trusthillpharmacy.de\/es\/shop\/comprar-dihidrocodeina\/","og_site_name":"Trusthill Pharmacy","article_modified_time":"2026-04-14T16:25:20+00:00","og_image":[{"width":715,"height":1280,"url":"https:\/\/trusthillpharmacy.de\/wp-content\/uploads\/2026\/04\/photo_5096273778597104648_y.jpg","type":"image\/jpeg"}],"twitter_card":"summary_large_image","twitter_misc":{"Est. reading time":"2 minutes"},"schema":{"@context":"https:\/\/schema.org","@graph":[{"@type":"WebPage","@id":"https:\/\/trusthillpharmacy.de\/shop\/buy-dihydrocodeine\/","url":"https:\/\/trusthillpharmacy.de\/shop\/buy-dihydrocodeine\/","name":"Compre dihidrocode\u00edna - Farmacia Trusthill","isPartOf":{"@id":"https:\/\/trusthillpharmacy.de\/#website"},"primaryImageOfPage":{"@id":"https:\/\/trusthillpharmacy.de\/shop\/buy-dihydrocodeine\/#primaryimage"},"image":{"@id":"https:\/\/trusthillpharmacy.de\/shop\/buy-dihydrocodeine\/#primaryimage"},"thumbnailUrl":"https:\/\/trusthillpharmacy.de\/wp-content\/uploads\/2026\/04\/photo_5096273778597104648_y.jpg","datePublished":"2026-04-08T22:49:00+00:00","dateModified":"2026-04-14T16:25:20+00:00","description":"La dihidrocode\u00edna es un analg\u00e9sico opioide semisint\u00e9tico derivado de la code\u00edna. Se utiliza principalmente para aliviar el dolor moderado a intenso y para suprimir la tos.","breadcrumb":{"@id":"https:\/\/trusthillpharmacy.de\/shop\/buy-dihydrocodeine\/#breadcrumb"},"inLanguage":"es-ES","potentialAction":[{"@type":"ReadAction","target":["https:\/\/trusthillpharmacy.de\/shop\/buy-dihydrocodeine\/"]}]},{"@type":"ImageObject","inLanguage":"es-ES","@id":"https:\/\/trusthillpharmacy.de\/shop\/buy-dihydrocodeine\/#primaryimage","url":"https:\/\/trusthillpharmacy.de\/wp-content\/uploads\/2026\/04\/photo_5096273778597104648_y.jpg","contentUrl":"https:\/\/trusthillpharmacy.de\/wp-content\/uploads\/2026\/04\/photo_5096273778597104648_y.jpg","width":715,"height":1280,"caption":"Buy Dihydrocodeine"},{"@type":"BreadcrumbList","@id":"https:\/\/trusthillpharmacy.de\/shop\/buy-dihydrocodeine\/#breadcrumb","itemListElement":[{"@type":"ListItem","position":1,"name":"Home","item":"https:\/\/trusthillpharmacy.de\/"},{"@type":"ListItem","position":2,"name":"Shop","item":"https:\/\/trusthillpharmacy.de\/shop\/"},{"@type":"ListItem","position":3,"name":"Buy Dihydrocodeine"}]},{"@type":"WebSite","@id":"https:\/\/trusthillpharmacy.de\/#website","url":"https:\/\/trusthillpharmacy.de\/","name":"Trusthill Farmacia","description":"","publisher":{"@id":"https:\/\/trusthillpharmacy.de\/#organization"},"potentialAction":[{"@type":"SearchAction","target":{"@type":"EntryPoint","urlTemplate":"https:\/\/trusthillpharmacy.de\/?s={search_term_string}"},"query-input":{"@type":"PropertyValueSpecification","valueRequired":true,"valueName":"search_term_string"}}],"inLanguage":"es-ES"},{"@type":"Organization","@id":"https:\/\/trusthillpharmacy.de\/#organization","name":"Trusthill Farmacia","url":"https:\/\/trusthillpharmacy.de\/","logo":{"@type":"ImageObject","inLanguage":"es-ES","@id":"https:\/\/trusthillpharmacy.de\/#\/schema\/logo\/image\/","url":"https:\/\/trusthillpharmacy.de\/wp-content\/uploads\/2025\/12\/trusthill-pharmacy-site-icon-1.png","contentUrl":"https:\/\/trusthillpharmacy.de\/wp-content\/uploads\/2025\/12\/trusthill-pharmacy-site-icon-1.png","width":512,"height":512,"caption":"Trusthill Pharmacy"},"image":{"@id":"https:\/\/trusthillpharmacy.de\/#\/schema\/logo\/image\/"}}]}},"jetpack_sharing_enabled":true,"_links":{"self":[{"href":"https:\/\/trusthillpharmacy.de\/es\/wp-json\/wp\/v2\/product\/7704","targetHints":{"allow":["GET"]}}],"collection":[{"href":"https:\/\/trusthillpharmacy.de\/es\/wp-json\/wp\/v2\/product"}],"about":[{"href":"https:\/\/trusthillpharmacy.de\/es\/wp-json\/wp\/v2\/types\/product"}],"version-history":[{"count":3,"href":"https:\/\/trusthillpharmacy.de\/es\/wp-json\/wp\/v2\/product\/7704\/revisions"}],"predecessor-version":[{"id":7776,"href":"https:\/\/trusthillpharmacy.de\/es\/wp-json\/wp\/v2\/product\/7704\/revisions\/7776"}],"wp:featuredmedia":[{"embeddable":true,"href":"https:\/\/trusthillpharmacy.de\/es\/wp-json\/wp\/v2\/media\/7723"}],"wp:attachment":[{"href":"https:\/\/trusthillpharmacy.de\/es\/wp-json\/wp\/v2\/media?parent=7704"}],"wp:term":[{"taxonomy":"product_brand","embeddable":true,"href":"https:\/\/trusthillpharmacy.de\/es\/wp-json\/wp\/v2\/product_brand?post=7704"},{"taxonomy":"product_cat","embeddable":true,"href":"https:\/\/trusthillpharmacy.de\/es\/wp-json\/wp\/v2\/product_cat?post=7704"},{"taxonomy":"product_tag","embeddable":true,"href":"https:\/\/trusthillpharmacy.de\/es\/wp-json\/wp\/v2\/product_tag?post=7704"}],"curies":[{"name":"wp","href":"https:\/\/api.w.org\/{rel}","templated":true}]}}