{"id":7705,"date":"2026-04-08T23:22:27","date_gmt":"2026-04-08T23:22:27","guid":{"rendered":"https:\/\/trusthillpharmacy.de\/?post_type=product&#038;p=7705"},"modified":"2026-04-14T16:20:44","modified_gmt":"2026-04-14T16:20:44","slug":"amoxicillin-500-mg","status":"publish","type":"product","link":"https:\/\/trusthillpharmacy.de\/es\/shop\/amoxicillin-500-mg\/","title":{"rendered":"Amoxicilina 500 mg"},"content":{"rendered":"<h1><a href=\"http:\/\/google.com\">Amoxicilina 500 mg<\/a><\/h1>\n<div class=\"prose break-words dark:prose-invert prose-p:leading-relaxed prose-pre:p-0 fix-max-with-100 prose-p:!mt-0\">\n<p class=\"mb-2 last:mb-0\"><a href=\"https:\/\/trusthillpharmacy.de\/es\/\">Amoxicilina<\/a> 500 mg es una dosis ampliamente utilizada. <strong>antibi\u00f3tico de la clase de la penicilina<\/strong>\u00a0Eficaz contra diversas infecciones bacterianas. La dosis de 500 mg es una de las m\u00e1s comunes para adultos. A continuaci\u00f3n, se presenta un resumen conciso basado en las directrices m\u00e9dicas est\u00e1ndar (por ejemplo, el etiquetado de la FDA, los CDC y referencias farmacol\u00f3gicas como Lexicomp y UpToDate):<\/p>\n<h4><strong>Usos comunes<\/strong><\/h4>\n<ul>\n<li><strong>Infecciones respiratorias<\/strong>: Sinusitis, bronquitis, neumon\u00eda, infecciones de o\u00eddo (otitis media).<\/li>\n<li><strong>infecciones de la piel<\/strong>: Celulitis, imp\u00e9tigo.<\/li>\n<li><strong>Infecciones del tracto urinario (ITU)<\/strong>.<\/li>\n<li><strong>infecciones dentales<\/strong>\u00a0o profilaxis postoperatoria.<\/li>\n<li><strong>Faringitis estreptoc\u00f3cica<\/strong>\u00a0o otras infecciones estreptoc\u00f3cicas.<\/li>\n<li>A menudo se combina con clavulanato (como Augmentin) para una mayor protecci\u00f3n contra las bacterias resistentes.<\/li>\n<\/ul>\n<p class=\"mb-2 last:mb-0\"><strong>No es eficaz contra<\/strong>: Virus (por ejemplo, resfriados, gripe, COVID-19), infecciones por hongos o la mayor\u00eda de las enfermedades parasitarias.<\/p>\n<h4><strong>Dosis est\u00e1ndar para adultos<\/strong><\/h4>\n<\/div>\n<div class=\"overflow-x-auto my-4\">\n<table class=\"markdown-table\">\n<thead>\n<tr>\n<th>Condici\u00f3n<\/th>\n<th>Dosis T\u00edpica<\/th>\n<th>Frecuencia<\/th>\n<th>Duraci\u00f3n<\/th>\n<\/tr>\n<\/thead>\n<tbody>\n<tr>\n<td>La mayor\u00eda de las infecciones (p. ej., sinusitis, ITU)<\/td>\n<td>500 mg<\/td>\n<td>Cada 8 horas (TID)<\/td>\n<td>5\u201310 d\u00edas<\/td>\n<\/tr>\n<tr>\n<td>Faringitis estreptoc\u00f3cica<\/td>\n<td>500 mg<\/td>\n<td>Cada 12 horas (BID)<\/td>\n<td>10 d\u00edas<\/td>\n<\/tr>\n<tr>\n<td>Infecciones graves<\/td>\n<td>875 mg (o 500 mg tres veces al d\u00eda)<\/td>\n<td>Cada 12\u20138 horas<\/td>\n<td>7\u201314 d\u00edas<\/td>\n<\/tr>\n<\/tbody>\n<\/table>\n<\/div>\n<div class=\"prose break-words dark:prose-invert prose-p:leading-relaxed prose-pre:p-0 fix-max-with-100 prose-p:!mt-0\">\n<ul>\n<li><strong>Ajustes<\/strong>: Lower doses for kidney impairment (e.g., CrCl &lt;30 mL\/min: max 500 mg BID). Pediatric dosing is weight-based (20\u201390 mg\/kg\/day divided TID).<\/li>\n<li>Completa siempre el tratamiento completo para evitar la resistencia.<\/li>\n<\/ul>\n<h4><strong>C\u00f3mo Funciona<\/strong><\/h4>\n<p class=\"mb-2 last:mb-0\">La amoxicilina inhibe la s\u00edntesis de la pared celular bacteriana al unirse a las prote\u00ednas fijadoras de penicilina, lo que provoca la muerte bacteriana.\u00a0<strong>amplio espectro<\/strong>\u00a0pero la resistencia (por ejemplo, en productores de betalactamasa) es com\u00fan, de ah\u00ed las combinaciones como Augmentin.<\/p>\n<h4><strong>Efectos secundarios<\/strong><\/h4>\n<\/div>\n<div class=\"overflow-x-auto my-4\">\n<table class=\"markdown-table\">\n<thead>\n<tr>\n<th>Com\u00fan (5\u201310%)<\/th>\n<th>Serious (Rare, &lt;1%)<\/th>\n<\/tr>\n<\/thead>\n<tbody>\n<tr>\n<td>N\u00e1useas, v\u00f3mitos, diarrea<\/td>\n<td>Reacciones al\u00e9rgicas (erupci\u00f3n cut\u00e1nea, anafilaxia: 1\/10.000)<\/td>\n<\/tr>\n<tr>\n<td>Erupci\u00f3n<\/td>\n<td>colitis por Clostridioides difficile<\/td>\n<\/tr>\n<tr>\n<td>Infecciones por hongos (vaginales\/orales)<\/td>\n<td>Elevaci\u00f3n de las enzimas hep\u00e1ticas<\/td>\n<\/tr>\n<\/tbody>\n<\/table>\n<\/div>\n<div class=\"prose break-words dark:prose-invert prose-p:leading-relaxed prose-pre:p-0 fix-max-with-100 prose-p:!mt-0\">\n<ul>\n<li><strong>Advertencia sobre alergias<\/strong>Aproximadamente el 10% de los pacientes refieren alergia a la penicilina (la verdadera alergia mediada por IgE es de aproximadamente el 1-2%). La reactividad cruzada con las cefalosporinas es baja (aproximadamente el 2%).<\/li>\n<\/ul>\n<h4><strong>Interacciones y precauciones<\/strong><\/h4>\n<ul>\n<li><strong>Evitar con<\/strong>: Alopurinol (\u2191 riesgo de erupci\u00f3n cut\u00e1nea), warfarina (\u2191 sangrado), anticonceptivos orales (pueden reducir la eficacia).<\/li>\n<li><strong>Embarazo<\/strong>: Categor\u00eda B (seguro; utilizado en la profilaxis de la enfermedad de Lyme).<\/li>\n<li><strong>Monitoreo<\/strong>No se necesitan an\u00e1lisis de laboratorio rutinarios a menos que el uso sea prolongado.<\/li>\n<li><strong>Almacenamiento<\/strong>: Temperatura ambiente; desechar despu\u00e9s de 14 d\u00edas si se trata de una suspensi\u00f3n reconstituida.<\/li>\n<\/ul>\n<h4><strong>Evidencia y eficacia<\/strong><\/h4>\n<ul>\n<li><strong>Metaan\u00e1lisis<\/strong>\u00a0(p. ej., revisiones Cochrane): tasa de curaci\u00f3n del 80-95% para infecciones no complicadas como la otitis media aguda o la faringitis estreptoc\u00f3cica.<\/li>\n<li>Tendencias de resistencia: &gt;30% en algunas cepas de neumococo (seg\u00fan los CDC), por lo que se recomienda realizar pruebas de cultivo y sensibilidad en casos recurrentes.<\/li>\n<\/ul>\n<p class=\"mb-2 last:mb-0\"><strong>Importante<\/strong>: Esta es informaci\u00f3n general\u2014<strong>Esto no es consejo m\u00e9dico.<\/strong>Consulte a un m\u00e9dico o farmac\u00e9utico para obtener una dosificaci\u00f3n personalizada, especialmente si tiene alergias, est\u00e1 embarazada o toma otros medicamentos. La automedicaci\u00f3n puede provocar resistencia o complicaciones. Si se trata de una afecci\u00f3n espec\u00edfica, proporcione m\u00e1s detalles para recibir informaci\u00f3n personalizada.<\/p>\n<\/div>\n\n    <div class=\"xs_social_share_widget xs_share_url after_content \t\tmain_content  wslu-style-1 wslu-share-box-shaped wslu-fill-colored wslu-none wslu-share-horizontal wslu-theme-font-no wslu-main_content\">\n\n\t\t\n        <ul>\n\t\t\t        <\/ul>\n    <\/div>","protected":false},"excerpt":{"rendered":"<p>Amoxicillin 500 mg Amoxicillin 500 mg is a widely used penicillin-class antibiotic\u00a0effective against a variety of bacterial infections. The 500 mg dose is one of the most common strengths for adults. Here&#8217;s a concise breakdown based on standard medical guidelines (e.g., from FDA labeling, CDC, and pharmacology references like Lexicomp and UpToDate): Common Uses Respiratory &hellip; <a href=\"https:\/\/trusthillpharmacy.de\/es\/shop\/amoxicillin-500-mg\/\" class=\"more-link\">Continue reading <span class=\"screen-reader-text\">Amoxicilina 500 mg<\/span><\/a><\/p>","protected":false},"featured_media":7728,"template":"","meta":{"postBodyCss":"","postBodyMargin":[],"postBodyPadding":[],"postBodyBackground":{"backgroundType":"classic","gradient":""}},"product_brand":[],"product_cat":[15],"product_tag":[208],"class_list":{"0":"post-7705","1":"product","2":"type-product","3":"status-publish","4":"has-post-thumbnail","6":"product_cat-uncategorized","7":"product_tag-amoxicillin-500-mg","10":"instock","11":"shipping-taxable","12":"purchasable","13":"product-type-variable"},"yoast_head":"<!-- This site is optimized with the Yoast SEO Premium plugin v26.5 (Yoast SEO v27.4) - https:\/\/yoast.com\/product\/yoast-seo-premium-wordpress\/ -->\n<title>Amoxicillin 500 mg - Trusthill Pharmacy<\/title>\n<meta name=\"description\" content=\"Amoxicillin 500 mg dose is a widely used penicillin-class antibiotic\u00a0effective against a variety of bacterial infections.\" \/>\n<meta name=\"robots\" content=\"index, follow, max-snippet:-1, max-image-preview:large, max-video-preview:-1\" \/>\n<link rel=\"canonical\" href=\"https:\/\/trusthillpharmacy.de\/es\/shop\/amoxicillin-500-mg\/\" \/>\n<meta property=\"og:locale\" content=\"es_ES\" \/>\n<meta property=\"og:type\" content=\"article\" \/>\n<meta property=\"og:title\" content=\"Amoxicillin 500 mg\" \/>\n<meta property=\"og:description\" content=\"Amoxicillin 500 mg dose is a widely used penicillin-class antibiotic\u00a0effective against a variety of bacterial infections.\" \/>\n<meta property=\"og:url\" content=\"https:\/\/trusthillpharmacy.de\/es\/shop\/amoxicillin-500-mg\/\" \/>\n<meta property=\"og:site_name\" content=\"Trusthill Pharmacy\" \/>\n<meta property=\"article:modified_time\" content=\"2026-04-14T16:20:44+00:00\" \/>\n<meta property=\"og:image\" content=\"https:\/\/trusthillpharmacy.de\/wp-content\/uploads\/2026\/04\/photo_5096273778597104657_x.jpg\" \/>\n\t<meta property=\"og:image:width\" content=\"500\" \/>\n\t<meta property=\"og:image:height\" content=\"500\" \/>\n\t<meta property=\"og:image:type\" content=\"image\/jpeg\" \/>\n<meta name=\"twitter:card\" content=\"summary_large_image\" \/>\n<meta name=\"twitter:label1\" content=\"Est. reading time\" \/>\n\t<meta name=\"twitter:data1\" content=\"2 minutes\" \/>\n<script type=\"application\/ld+json\" class=\"yoast-schema-graph\">{\"@context\":\"https:\\\/\\\/schema.org\",\"@graph\":[{\"@type\":\"WebPage\",\"@id\":\"https:\\\/\\\/trusthillpharmacy.de\\\/shop\\\/amoxicillin-500-mg\\\/\",\"url\":\"https:\\\/\\\/trusthillpharmacy.de\\\/shop\\\/amoxicillin-500-mg\\\/\",\"name\":\"Amoxicillin 500 mg - Trusthill Pharmacy\",\"isPartOf\":{\"@id\":\"https:\\\/\\\/trusthillpharmacy.de\\\/#website\"},\"primaryImageOfPage\":{\"@id\":\"https:\\\/\\\/trusthillpharmacy.de\\\/shop\\\/amoxicillin-500-mg\\\/#primaryimage\"},\"image\":{\"@id\":\"https:\\\/\\\/trusthillpharmacy.de\\\/shop\\\/amoxicillin-500-mg\\\/#primaryimage\"},\"thumbnailUrl\":\"https:\\\/\\\/trusthillpharmacy.de\\\/wp-content\\\/uploads\\\/2026\\\/04\\\/photo_5096273778597104657_x.jpg\",\"datePublished\":\"2026-04-08T23:22:27+00:00\",\"dateModified\":\"2026-04-14T16:20:44+00:00\",\"description\":\"Amoxicillin 500 mg dose is a widely used penicillin-class antibiotic\u00a0effective against a variety of bacterial infections.\",\"breadcrumb\":{\"@id\":\"https:\\\/\\\/trusthillpharmacy.de\\\/shop\\\/amoxicillin-500-mg\\\/#breadcrumb\"},\"inLanguage\":\"es-ES\",\"potentialAction\":[{\"@type\":\"ReadAction\",\"target\":[\"https:\\\/\\\/trusthillpharmacy.de\\\/shop\\\/amoxicillin-500-mg\\\/\"]}]},{\"@type\":\"ImageObject\",\"inLanguage\":\"es-ES\",\"@id\":\"https:\\\/\\\/trusthillpharmacy.de\\\/shop\\\/amoxicillin-500-mg\\\/#primaryimage\",\"url\":\"https:\\\/\\\/trusthillpharmacy.de\\\/wp-content\\\/uploads\\\/2026\\\/04\\\/photo_5096273778597104657_x.jpg\",\"contentUrl\":\"https:\\\/\\\/trusthillpharmacy.de\\\/wp-content\\\/uploads\\\/2026\\\/04\\\/photo_5096273778597104657_x.jpg\",\"width\":500,\"height\":500,\"caption\":\"Amoxicillin 500 mg\"},{\"@type\":\"BreadcrumbList\",\"@id\":\"https:\\\/\\\/trusthillpharmacy.de\\\/shop\\\/amoxicillin-500-mg\\\/#breadcrumb\",\"itemListElement\":[{\"@type\":\"ListItem\",\"position\":1,\"name\":\"Home\",\"item\":\"https:\\\/\\\/trusthillpharmacy.de\\\/\"},{\"@type\":\"ListItem\",\"position\":2,\"name\":\"Shop\",\"item\":\"https:\\\/\\\/trusthillpharmacy.de\\\/shop\\\/\"},{\"@type\":\"ListItem\",\"position\":3,\"name\":\"Amoxicillin 500 mg\"}]},{\"@type\":\"WebSite\",\"@id\":\"https:\\\/\\\/trusthillpharmacy.de\\\/#website\",\"url\":\"https:\\\/\\\/trusthillpharmacy.de\\\/\",\"name\":\"Trusthill Pharmacy\",\"description\":\"\",\"publisher\":{\"@id\":\"https:\\\/\\\/trusthillpharmacy.de\\\/#organization\"},\"potentialAction\":[{\"@type\":\"SearchAction\",\"target\":{\"@type\":\"EntryPoint\",\"urlTemplate\":\"https:\\\/\\\/trusthillpharmacy.de\\\/?s={search_term_string}\"},\"query-input\":{\"@type\":\"PropertyValueSpecification\",\"valueRequired\":true,\"valueName\":\"search_term_string\"}}],\"inLanguage\":\"es-ES\"},{\"@type\":\"Organization\",\"@id\":\"https:\\\/\\\/trusthillpharmacy.de\\\/#organization\",\"name\":\"Trusthill Pharmacy\",\"url\":\"https:\\\/\\\/trusthillpharmacy.de\\\/\",\"logo\":{\"@type\":\"ImageObject\",\"inLanguage\":\"es-ES\",\"@id\":\"https:\\\/\\\/trusthillpharmacy.de\\\/#\\\/schema\\\/logo\\\/image\\\/\",\"url\":\"https:\\\/\\\/trusthillpharmacy.de\\\/wp-content\\\/uploads\\\/2025\\\/12\\\/trusthill-pharmacy-site-icon-1.png\",\"contentUrl\":\"https:\\\/\\\/trusthillpharmacy.de\\\/wp-content\\\/uploads\\\/2025\\\/12\\\/trusthill-pharmacy-site-icon-1.png\",\"width\":512,\"height\":512,\"caption\":\"Trusthill Pharmacy\"},\"image\":{\"@id\":\"https:\\\/\\\/trusthillpharmacy.de\\\/#\\\/schema\\\/logo\\\/image\\\/\"}}]}<\/script>\n<!-- \/ Yoast SEO Premium plugin. -->","yoast_head_json":{"title":"Amoxicilina 500 mg - Farmacia Trusthill","description":"La amoxicilina en dosis de 500 mg es un antibi\u00f3tico de la clase de las penicilinas ampliamente utilizado y eficaz contra diversas infecciones bacterianas.","robots":{"index":"index","follow":"follow","max-snippet":"max-snippet:-1","max-image-preview":"max-image-preview:large","max-video-preview":"max-video-preview:-1"},"canonical":"https:\/\/trusthillpharmacy.de\/es\/shop\/amoxicillin-500-mg\/","og_locale":"es_ES","og_type":"article","og_title":"Amoxicillin 500 mg","og_description":"Amoxicillin 500 mg dose is a widely used penicillin-class antibiotic\u00a0effective against a variety of bacterial infections.","og_url":"https:\/\/trusthillpharmacy.de\/es\/shop\/amoxicillin-500-mg\/","og_site_name":"Trusthill Pharmacy","article_modified_time":"2026-04-14T16:20:44+00:00","og_image":[{"width":500,"height":500,"url":"https:\/\/trusthillpharmacy.de\/wp-content\/uploads\/2026\/04\/photo_5096273778597104657_x.jpg","type":"image\/jpeg"}],"twitter_card":"summary_large_image","twitter_misc":{"Est. reading time":"2 minutes"},"schema":{"@context":"https:\/\/schema.org","@graph":[{"@type":"WebPage","@id":"https:\/\/trusthillpharmacy.de\/shop\/amoxicillin-500-mg\/","url":"https:\/\/trusthillpharmacy.de\/shop\/amoxicillin-500-mg\/","name":"Amoxicilina 500 mg - Farmacia Trusthill","isPartOf":{"@id":"https:\/\/trusthillpharmacy.de\/#website"},"primaryImageOfPage":{"@id":"https:\/\/trusthillpharmacy.de\/shop\/amoxicillin-500-mg\/#primaryimage"},"image":{"@id":"https:\/\/trusthillpharmacy.de\/shop\/amoxicillin-500-mg\/#primaryimage"},"thumbnailUrl":"https:\/\/trusthillpharmacy.de\/wp-content\/uploads\/2026\/04\/photo_5096273778597104657_x.jpg","datePublished":"2026-04-08T23:22:27+00:00","dateModified":"2026-04-14T16:20:44+00:00","description":"La amoxicilina en dosis de 500 mg es un antibi\u00f3tico de la clase de las penicilinas ampliamente utilizado y eficaz contra diversas infecciones bacterianas.","breadcrumb":{"@id":"https:\/\/trusthillpharmacy.de\/shop\/amoxicillin-500-mg\/#breadcrumb"},"inLanguage":"es-ES","potentialAction":[{"@type":"ReadAction","target":["https:\/\/trusthillpharmacy.de\/shop\/amoxicillin-500-mg\/"]}]},{"@type":"ImageObject","inLanguage":"es-ES","@id":"https:\/\/trusthillpharmacy.de\/shop\/amoxicillin-500-mg\/#primaryimage","url":"https:\/\/trusthillpharmacy.de\/wp-content\/uploads\/2026\/04\/photo_5096273778597104657_x.jpg","contentUrl":"https:\/\/trusthillpharmacy.de\/wp-content\/uploads\/2026\/04\/photo_5096273778597104657_x.jpg","width":500,"height":500,"caption":"Amoxicillin 500 mg"},{"@type":"BreadcrumbList","@id":"https:\/\/trusthillpharmacy.de\/shop\/amoxicillin-500-mg\/#breadcrumb","itemListElement":[{"@type":"ListItem","position":1,"name":"Home","item":"https:\/\/trusthillpharmacy.de\/"},{"@type":"ListItem","position":2,"name":"Shop","item":"https:\/\/trusthillpharmacy.de\/shop\/"},{"@type":"ListItem","position":3,"name":"Amoxicillin 500 mg"}]},{"@type":"WebSite","@id":"https:\/\/trusthillpharmacy.de\/#website","url":"https:\/\/trusthillpharmacy.de\/","name":"Trusthill Farmacia","description":"","publisher":{"@id":"https:\/\/trusthillpharmacy.de\/#organization"},"potentialAction":[{"@type":"SearchAction","target":{"@type":"EntryPoint","urlTemplate":"https:\/\/trusthillpharmacy.de\/?s={search_term_string}"},"query-input":{"@type":"PropertyValueSpecification","valueRequired":true,"valueName":"search_term_string"}}],"inLanguage":"es-ES"},{"@type":"Organization","@id":"https:\/\/trusthillpharmacy.de\/#organization","name":"Trusthill Farmacia","url":"https:\/\/trusthillpharmacy.de\/","logo":{"@type":"ImageObject","inLanguage":"es-ES","@id":"https:\/\/trusthillpharmacy.de\/#\/schema\/logo\/image\/","url":"https:\/\/trusthillpharmacy.de\/wp-content\/uploads\/2025\/12\/trusthill-pharmacy-site-icon-1.png","contentUrl":"https:\/\/trusthillpharmacy.de\/wp-content\/uploads\/2025\/12\/trusthill-pharmacy-site-icon-1.png","width":512,"height":512,"caption":"Trusthill Pharmacy"},"image":{"@id":"https:\/\/trusthillpharmacy.de\/#\/schema\/logo\/image\/"}}]}},"jetpack_sharing_enabled":true,"_links":{"self":[{"href":"https:\/\/trusthillpharmacy.de\/es\/wp-json\/wp\/v2\/product\/7705","targetHints":{"allow":["GET"]}}],"collection":[{"href":"https:\/\/trusthillpharmacy.de\/es\/wp-json\/wp\/v2\/product"}],"about":[{"href":"https:\/\/trusthillpharmacy.de\/es\/wp-json\/wp\/v2\/types\/product"}],"version-history":[{"count":3,"href":"https:\/\/trusthillpharmacy.de\/es\/wp-json\/wp\/v2\/product\/7705\/revisions"}],"predecessor-version":[{"id":7774,"href":"https:\/\/trusthillpharmacy.de\/es\/wp-json\/wp\/v2\/product\/7705\/revisions\/7774"}],"wp:featuredmedia":[{"embeddable":true,"href":"https:\/\/trusthillpharmacy.de\/es\/wp-json\/wp\/v2\/media\/7728"}],"wp:attachment":[{"href":"https:\/\/trusthillpharmacy.de\/es\/wp-json\/wp\/v2\/media?parent=7705"}],"wp:term":[{"taxonomy":"product_brand","embeddable":true,"href":"https:\/\/trusthillpharmacy.de\/es\/wp-json\/wp\/v2\/product_brand?post=7705"},{"taxonomy":"product_cat","embeddable":true,"href":"https:\/\/trusthillpharmacy.de\/es\/wp-json\/wp\/v2\/product_cat?post=7705"},{"taxonomy":"product_tag","embeddable":true,"href":"https:\/\/trusthillpharmacy.de\/es\/wp-json\/wp\/v2\/product_tag?post=7705"}],"curies":[{"name":"wp","href":"https:\/\/api.w.org\/{rel}","templated":true}]}}