{"id":7792,"date":"2026-04-14T18:37:32","date_gmt":"2026-04-14T18:37:32","guid":{"rendered":"https:\/\/trusthillpharmacy.de\/?post_type=product&#038;p=7792"},"modified":"2026-04-17T19:33:38","modified_gmt":"2026-04-17T19:33:38","slug":"morfina-30mg","status":"publish","type":"product","link":"https:\/\/trusthillpharmacy.de\/es\/shop\/morfina-30mg\/","title":{"rendered":"Morfina 30 mg"},"content":{"rendered":"<h1><a href=\"http:\/\/google.com\">Morfina 30 mg<\/a><\/h1>\n<div class=\"prose break-words dark:prose-invert prose-p:leading-relaxed prose-pre:p-0 fix-max-with-100 prose-p:!mt-0\">\n<p class=\"mb-2 last:mb-0\"><a href=\"https:\/\/trusthillpharmacy.de\/es\/\">Morfina<\/a> El sulfato de 30 mg es un potente analg\u00e9sico opioide com\u00fanmente disponible en\u00a0<strong>comprimidos orales de liberaci\u00f3n inmediata (LI)<\/strong>,\u00a0<strong>formulaciones de liberaci\u00f3n prolongada (LP)<\/strong>\u00a0(p. ej., MS Contin), u otras formas como inyecciones. Aqu\u00ed hay un desglose basado en datos farmacol\u00f3gicos est\u00e1ndar (p. ej., de las etiquetas de la FDA, la USP y referencias m\u00e9dicas como Lexicomp):<\/p>\n<h4><strong>Los Usos Principales<\/strong><\/h4>\n<ul>\n<li><strong>Primario<\/strong>: Alivio del dolor moderado a intenso (por ejemplo, dolor postoperatorio, dolor oncol\u00f3gico, lesiones agudas).<\/li>\n<li><strong>Otro<\/strong>: A veces se utiliza para la disnea grave en cuidados paliativos o para la supresi\u00f3n de la tos.<\/li>\n<li><strong>Contexto de la dosis de 30 mg<\/strong>:<\/li>\n<\/ul>\n<\/div>\n<div class=\"overflow-x-auto my-4\">\n<table class=\"markdown-table\">\n<thead>\n<tr>\n<th>Formulario<\/th>\n<th>Caso de uso t\u00edpico<\/th>\n<th>Inicio\/Duraci\u00f3n<\/th>\n<\/tr>\n<\/thead>\n<tbody>\n<tr>\n<td>Tableta IR<\/td>\n<td>Episodio de dolor agudo<\/td>\n<td>Onset: 30-60 min&lt;br&gt;Peak: 1-2 hrs&lt;br&gt;Duration: 3-6 hrs<\/td>\n<\/tr>\n<tr>\n<td>Tableta de liberaci\u00f3n prolongada<\/td>\n<td>Manejo del dolor cr\u00f3nico<\/td>\n<td>Onset: 1-2 hrs&lt;br&gt;Peak: 3-6 hrs&lt;br&gt;Duration: 8-24 hrs<\/td>\n<\/tr>\n<tr>\n<td>Inyecci\u00f3n<\/td>\n<td>Dolor agudo\/traumatismo hospitalario<\/td>\n<td>Onset: 5-10 min (IV)&lt;br&gt;Duration: 2-4 hrs<\/td>\n<\/tr>\n<\/tbody>\n<\/table>\n<\/div>\n<div class=\"prose break-words dark:prose-invert prose-p:leading-relaxed prose-pre:p-0 fix-max-with-100 prose-p:!mt-0\">\n<h4><strong>Farmacocin\u00e9tica<\/strong><\/h4>\n<ul>\n<li><strong>Biodisponibilidad<\/strong>: ~20-30% oral (metabolismo de primer paso); 100% IV.<\/li>\n<li><strong>Vida media<\/strong>: 2-4 horas (funci\u00f3n renal\/hep\u00e1tica normal).<\/li>\n<li><strong>Dosis equianalg\u00e9sica<\/strong>: 30 mg por v\u00eda oral IR \u2248 10 mg por v\u00eda intravenosa\/intramuscular \u2248 30 mg por v\u00eda rectal.<\/li>\n<\/ul>\n<h4><strong>Pautas de dosificaci\u00f3n (adultos)<\/strong><\/h4>\n<\/div>\n<div class=\"overflow-x-auto my-4\">\n<table class=\"markdown-table\">\n<thead>\n<tr>\n<th>Condici\u00f3n<\/th>\n<th>Dosis inicial (RI)<\/th>\n<th>M\u00e1ximo diario (IR)<\/th>\n<th>Notas<\/th>\n<\/tr>\n<\/thead>\n<tbody>\n<tr>\n<td>Dolor agudo<\/td>\n<td>15-30 mg cada 4 horas seg\u00fan necesidad<\/td>\n<td>120-180 mg<\/td>\n<td>Ajustar la dosis en funci\u00f3n de la respuesta.<\/td>\n<\/tr>\n<tr>\n<td>Dolor cr\u00f3nico<\/td>\n<td>ER: 30 mg cada 12-24 horas<\/td>\n<td>400+ mg<\/td>\n<td>No triture la pastilla de liberaci\u00f3n prolongada; riesgo de sobredosis.<\/td>\n<\/tr>\n<tr>\n<td>Sin experiencia previa con opioides<\/td>\n<td>Comience con una dosis baja (por ejemplo, 15 mg).<\/td>\n<td>\n<ul>\n<li><\/li>\n<\/ul>\n<\/td>\n<td>Ancianos\/insuficiencia renal: Reducir entre un 25 y un 50 %.<\/td>\n<\/tr>\n<\/tbody>\n<\/table>\n<\/div>\n<div class=\"prose break-words dark:prose-invert prose-p:leading-relaxed prose-pre:p-0 fix-max-with-100 prose-p:!mt-0\">\n<ul>\n<li><strong>Ni\u00f1os<\/strong>: Weight-based (0.05-0.2 mg\/kg IV); not for &lt;2 yrs typically.<\/li>\n<li><strong>Conversi\u00f3n<\/strong>Para otros opioides, utilice calculadoras como las de MDCalc (por ejemplo, 30 mg de morfina oral = 10 mg IV).<\/li>\n<\/ul>\n<h4><strong>Efectos secundarios y riesgos<\/strong><\/h4>\n<\/div>\n<div class=\"overflow-x-auto my-4\">\n<table class=\"markdown-table\">\n<thead>\n<tr>\n<th>Com\u00fan (&gt;10%)<\/th>\n<th>Grave (Monitor)<\/th>\n<th>Overdose Signs<\/th>\n<\/tr>\n<\/thead>\n<tbody>\n<tr>\n<td>N\u00e1useas, estre\u00f1imiento, somnolencia, picaz\u00f3n<\/td>\n<td>Depresi\u00f3n respiratoria, hipotensi\u00f3n, tolerancia<\/td>\n<td>Pupilas puntiformes, coma, apnea (la naloxona lo revierte).<\/td>\n<\/tr>\n<\/tbody>\n<\/table>\n<\/div>\n<div class=\"prose break-words dark:prose-invert prose-p:leading-relaxed prose-pre:p-0 fix-max-with-100 prose-p:!mt-0\">\n<ul>\n<li><strong>Contraindicaciones<\/strong>: Asma aguda, \u00edleo paral\u00edtico, depresi\u00f3n respiratoria grave.<\/li>\n<li><strong>Advertencias<\/strong>Alto potencial de abuso (sustancia controlada de la Lista II). Riesgo de adicci\u00f3n y sobredosis (especialmente con benzodiacepinas y alcohol). Las directrices de los CDC recomiendan la dosis efectiva m\u00e1s baja y la duraci\u00f3n m\u00e1s corta.<\/li>\n<\/ul>\n<h4><strong>Evidencia y fuentes<\/strong><\/h4>\n<ul>\n<li><strong>Eficacia<\/strong>: Respaldado por ECA (por ejemplo, la escala analg\u00e9sica de la OMS); 30 mg de liberaci\u00f3n inmediata proporcionan una reducci\u00f3n del dolor de entre el 70 % y el 90 % en pacientes que no han recibido opioides (revisiones de JAMA).<\/li>\n<li><strong>Referencias<\/strong>: Etiqueta de la FDA (sulfato de morfina), UpToDate, Micromedex. Para c\u00e1lculos:\u00a0<a>Tabla de dosis equianalg\u00e9sicas de opioides (Red de Cuidados Paliativos)<\/a>.<\/li>\n<\/ul>\n<p class=\"mb-2 last:mb-0\"><strong>Descargo de responsabilidad<\/strong>Esta es informaci\u00f3n general, no un consejo m\u00e9dico. La dosis debe ser personalizada por un profesional de la salud. El uso indebido puede ser fatal; consulte a un m\u00e9dico o farmac\u00e9utico. Si se trata de una situaci\u00f3n espec\u00edfica, proporcione m\u00e1s detalles para que podamos brindarle informaci\u00f3n personalizada.<\/p>\n<\/div>\n\n    <div class=\"xs_social_share_widget xs_share_url after_content \t\tmain_content  wslu-style-1 wslu-share-box-shaped wslu-fill-colored wslu-none wslu-share-horizontal wslu-theme-font-no wslu-main_content\">\n\n\t\t\n        <ul>\n\t\t\t        <\/ul>\n    <\/div>","protected":false},"excerpt":{"rendered":"<p>Morphine 30mg Morphine sulfate 30 mg is a potent opioid analgesic commonly available in\u00a0immediate-release (IR) oral tablets,\u00a0extended-release (ER) formulations\u00a0(e.g., MS Contin), or other forms like injections. Here&#8217;s a factual breakdown based on standard pharmacological data (e.g., from FDA labels, USP, and medical references like Lexicomp): Key Uses Primary: Moderate to severe pain relief (e.g., post-surgical, &hellip; <a href=\"https:\/\/trusthillpharmacy.de\/es\/shop\/morfina-30mg\/\" class=\"more-link\">Continue reading <span class=\"screen-reader-text\">Morfina 30 mg<\/span><\/a><\/p>","protected":false},"featured_media":7799,"template":"","meta":{"postBodyCss":"","postBodyMargin":[],"postBodyPadding":[],"postBodyBackground":{"backgroundType":"classic","gradient":""}},"product_brand":[],"product_cat":[15],"product_tag":[218],"class_list":{"0":"post-7792","1":"product","2":"type-product","3":"status-publish","4":"has-post-thumbnail","6":"product_cat-uncategorized","7":"product_tag-morphine-30mg","10":"instock","11":"shipping-taxable","12":"purchasable","13":"product-type-variable"},"yoast_head":"<!-- This site is optimized with the Yoast SEO Premium plugin v26.5 (Yoast SEO v27.4) - https:\/\/yoast.com\/product\/yoast-seo-premium-wordpress\/ -->\n<title>Morphine 30mg - Trusthill Pharmacy<\/title>\n<meta name=\"description\" content=\"Morphine 30mg is a potent opioid analgesic commonly available in\u00a0immediate-release oral tablets,\u00a0extended-release formulations.\" \/>\n<meta name=\"robots\" content=\"index, follow, max-snippet:-1, max-image-preview:large, max-video-preview:-1\" \/>\n<link rel=\"canonical\" href=\"https:\/\/trusthillpharmacy.de\/es\/shop\/morfina-30mg\/\" \/>\n<meta property=\"og:locale\" content=\"es_ES\" \/>\n<meta property=\"og:type\" content=\"article\" \/>\n<meta property=\"og:title\" content=\"Morphine 30mg\" \/>\n<meta property=\"og:description\" content=\"Morphine 30mg is a potent opioid analgesic commonly available in\u00a0immediate-release oral tablets,\u00a0extended-release formulations.\" \/>\n<meta property=\"og:url\" content=\"https:\/\/trusthillpharmacy.de\/es\/shop\/morfina-30mg\/\" \/>\n<meta property=\"og:site_name\" content=\"Trusthill Pharmacy\" \/>\n<meta property=\"article:modified_time\" content=\"2026-04-17T19:33:38+00:00\" \/>\n<meta property=\"og:image\" content=\"https:\/\/trusthillpharmacy.de\/wp-content\/uploads\/2026\/04\/photo_5114158142676733431_y.jpg\" \/>\n\t<meta property=\"og:image:width\" content=\"1037\" \/>\n\t<meta property=\"og:image:height\" content=\"1280\" \/>\n\t<meta property=\"og:image:type\" content=\"image\/jpeg\" \/>\n<meta name=\"twitter:card\" content=\"summary_large_image\" \/>\n<meta name=\"twitter:label1\" content=\"Est. reading time\" \/>\n\t<meta name=\"twitter:data1\" content=\"2 minutes\" \/>\n<script type=\"application\/ld+json\" class=\"yoast-schema-graph\">{\"@context\":\"https:\\\/\\\/schema.org\",\"@graph\":[{\"@type\":\"WebPage\",\"@id\":\"https:\\\/\\\/trusthillpharmacy.de\\\/shop\\\/morphine-30mg\\\/\",\"url\":\"https:\\\/\\\/trusthillpharmacy.de\\\/shop\\\/morphine-30mg\\\/\",\"name\":\"Morphine 30mg - Trusthill Pharmacy\",\"isPartOf\":{\"@id\":\"https:\\\/\\\/trusthillpharmacy.de\\\/#website\"},\"primaryImageOfPage\":{\"@id\":\"https:\\\/\\\/trusthillpharmacy.de\\\/shop\\\/morphine-30mg\\\/#primaryimage\"},\"image\":{\"@id\":\"https:\\\/\\\/trusthillpharmacy.de\\\/shop\\\/morphine-30mg\\\/#primaryimage\"},\"thumbnailUrl\":\"https:\\\/\\\/trusthillpharmacy.de\\\/wp-content\\\/uploads\\\/2026\\\/04\\\/photo_5114158142676733431_y.jpg\",\"datePublished\":\"2026-04-14T18:37:32+00:00\",\"dateModified\":\"2026-04-17T19:33:38+00:00\",\"description\":\"Morphine 30mg is a potent opioid analgesic commonly available in\u00a0immediate-release oral tablets,\u00a0extended-release formulations.\",\"breadcrumb\":{\"@id\":\"https:\\\/\\\/trusthillpharmacy.de\\\/shop\\\/morphine-30mg\\\/#breadcrumb\"},\"inLanguage\":\"es-ES\",\"potentialAction\":[{\"@type\":\"ReadAction\",\"target\":[\"https:\\\/\\\/trusthillpharmacy.de\\\/shop\\\/morphine-30mg\\\/\"]}]},{\"@type\":\"ImageObject\",\"inLanguage\":\"es-ES\",\"@id\":\"https:\\\/\\\/trusthillpharmacy.de\\\/shop\\\/morphine-30mg\\\/#primaryimage\",\"url\":\"https:\\\/\\\/trusthillpharmacy.de\\\/wp-content\\\/uploads\\\/2026\\\/04\\\/photo_5114158142676733431_y.jpg\",\"contentUrl\":\"https:\\\/\\\/trusthillpharmacy.de\\\/wp-content\\\/uploads\\\/2026\\\/04\\\/photo_5114158142676733431_y.jpg\",\"width\":1037,\"height\":1280,\"caption\":\"Morphine 30mg\"},{\"@type\":\"BreadcrumbList\",\"@id\":\"https:\\\/\\\/trusthillpharmacy.de\\\/shop\\\/morphine-30mg\\\/#breadcrumb\",\"itemListElement\":[{\"@type\":\"ListItem\",\"position\":1,\"name\":\"Home\",\"item\":\"https:\\\/\\\/trusthillpharmacy.de\\\/\"},{\"@type\":\"ListItem\",\"position\":2,\"name\":\"Shop\",\"item\":\"https:\\\/\\\/trusthillpharmacy.de\\\/shop\\\/\"},{\"@type\":\"ListItem\",\"position\":3,\"name\":\"Morphine 30mg\"}]},{\"@type\":\"WebSite\",\"@id\":\"https:\\\/\\\/trusthillpharmacy.de\\\/#website\",\"url\":\"https:\\\/\\\/trusthillpharmacy.de\\\/\",\"name\":\"Trusthill Pharmacy\",\"description\":\"\",\"publisher\":{\"@id\":\"https:\\\/\\\/trusthillpharmacy.de\\\/#organization\"},\"potentialAction\":[{\"@type\":\"SearchAction\",\"target\":{\"@type\":\"EntryPoint\",\"urlTemplate\":\"https:\\\/\\\/trusthillpharmacy.de\\\/?s={search_term_string}\"},\"query-input\":{\"@type\":\"PropertyValueSpecification\",\"valueRequired\":true,\"valueName\":\"search_term_string\"}}],\"inLanguage\":\"es-ES\"},{\"@type\":\"Organization\",\"@id\":\"https:\\\/\\\/trusthillpharmacy.de\\\/#organization\",\"name\":\"Trusthill Pharmacy\",\"url\":\"https:\\\/\\\/trusthillpharmacy.de\\\/\",\"logo\":{\"@type\":\"ImageObject\",\"inLanguage\":\"es-ES\",\"@id\":\"https:\\\/\\\/trusthillpharmacy.de\\\/#\\\/schema\\\/logo\\\/image\\\/\",\"url\":\"https:\\\/\\\/trusthillpharmacy.de\\\/wp-content\\\/uploads\\\/2025\\\/12\\\/trusthill-pharmacy-site-icon-1.png\",\"contentUrl\":\"https:\\\/\\\/trusthillpharmacy.de\\\/wp-content\\\/uploads\\\/2025\\\/12\\\/trusthill-pharmacy-site-icon-1.png\",\"width\":512,\"height\":512,\"caption\":\"Trusthill Pharmacy\"},\"image\":{\"@id\":\"https:\\\/\\\/trusthillpharmacy.de\\\/#\\\/schema\\\/logo\\\/image\\\/\"}}]}<\/script>\n<!-- \/ Yoast SEO Premium plugin. -->","yoast_head_json":{"title":"Morfina 30 mg - Farmacia Trusthill","description":"La morfina de 30 mg es un potente analg\u00e9sico opioide que se encuentra com\u00fanmente disponible en comprimidos orales de liberaci\u00f3n inmediata y en formulaciones de liberaci\u00f3n prolongada.","robots":{"index":"index","follow":"follow","max-snippet":"max-snippet:-1","max-image-preview":"max-image-preview:large","max-video-preview":"max-video-preview:-1"},"canonical":"https:\/\/trusthillpharmacy.de\/es\/shop\/morfina-30mg\/","og_locale":"es_ES","og_type":"article","og_title":"Morphine 30mg","og_description":"Morphine 30mg is a potent opioid analgesic commonly available in\u00a0immediate-release oral tablets,\u00a0extended-release formulations.","og_url":"https:\/\/trusthillpharmacy.de\/es\/shop\/morfina-30mg\/","og_site_name":"Trusthill Pharmacy","article_modified_time":"2026-04-17T19:33:38+00:00","og_image":[{"width":1037,"height":1280,"url":"https:\/\/trusthillpharmacy.de\/wp-content\/uploads\/2026\/04\/photo_5114158142676733431_y.jpg","type":"image\/jpeg"}],"twitter_card":"summary_large_image","twitter_misc":{"Est. reading time":"2 minutes"},"schema":{"@context":"https:\/\/schema.org","@graph":[{"@type":"WebPage","@id":"https:\/\/trusthillpharmacy.de\/shop\/morphine-30mg\/","url":"https:\/\/trusthillpharmacy.de\/shop\/morphine-30mg\/","name":"Morfina 30 mg - Farmacia Trusthill","isPartOf":{"@id":"https:\/\/trusthillpharmacy.de\/#website"},"primaryImageOfPage":{"@id":"https:\/\/trusthillpharmacy.de\/shop\/morphine-30mg\/#primaryimage"},"image":{"@id":"https:\/\/trusthillpharmacy.de\/shop\/morphine-30mg\/#primaryimage"},"thumbnailUrl":"https:\/\/trusthillpharmacy.de\/wp-content\/uploads\/2026\/04\/photo_5114158142676733431_y.jpg","datePublished":"2026-04-14T18:37:32+00:00","dateModified":"2026-04-17T19:33:38+00:00","description":"La morfina de 30 mg es un potente analg\u00e9sico opioide que se encuentra com\u00fanmente disponible en comprimidos orales de liberaci\u00f3n inmediata y en formulaciones de liberaci\u00f3n prolongada.","breadcrumb":{"@id":"https:\/\/trusthillpharmacy.de\/shop\/morphine-30mg\/#breadcrumb"},"inLanguage":"es-ES","potentialAction":[{"@type":"ReadAction","target":["https:\/\/trusthillpharmacy.de\/shop\/morphine-30mg\/"]}]},{"@type":"ImageObject","inLanguage":"es-ES","@id":"https:\/\/trusthillpharmacy.de\/shop\/morphine-30mg\/#primaryimage","url":"https:\/\/trusthillpharmacy.de\/wp-content\/uploads\/2026\/04\/photo_5114158142676733431_y.jpg","contentUrl":"https:\/\/trusthillpharmacy.de\/wp-content\/uploads\/2026\/04\/photo_5114158142676733431_y.jpg","width":1037,"height":1280,"caption":"Morphine 30mg"},{"@type":"BreadcrumbList","@id":"https:\/\/trusthillpharmacy.de\/shop\/morphine-30mg\/#breadcrumb","itemListElement":[{"@type":"ListItem","position":1,"name":"Home","item":"https:\/\/trusthillpharmacy.de\/"},{"@type":"ListItem","position":2,"name":"Shop","item":"https:\/\/trusthillpharmacy.de\/shop\/"},{"@type":"ListItem","position":3,"name":"Morphine 30mg"}]},{"@type":"WebSite","@id":"https:\/\/trusthillpharmacy.de\/#website","url":"https:\/\/trusthillpharmacy.de\/","name":"Trusthill Farmacia","description":"","publisher":{"@id":"https:\/\/trusthillpharmacy.de\/#organization"},"potentialAction":[{"@type":"SearchAction","target":{"@type":"EntryPoint","urlTemplate":"https:\/\/trusthillpharmacy.de\/?s={search_term_string}"},"query-input":{"@type":"PropertyValueSpecification","valueRequired":true,"valueName":"search_term_string"}}],"inLanguage":"es-ES"},{"@type":"Organization","@id":"https:\/\/trusthillpharmacy.de\/#organization","name":"Trusthill Farmacia","url":"https:\/\/trusthillpharmacy.de\/","logo":{"@type":"ImageObject","inLanguage":"es-ES","@id":"https:\/\/trusthillpharmacy.de\/#\/schema\/logo\/image\/","url":"https:\/\/trusthillpharmacy.de\/wp-content\/uploads\/2025\/12\/trusthill-pharmacy-site-icon-1.png","contentUrl":"https:\/\/trusthillpharmacy.de\/wp-content\/uploads\/2025\/12\/trusthill-pharmacy-site-icon-1.png","width":512,"height":512,"caption":"Trusthill Pharmacy"},"image":{"@id":"https:\/\/trusthillpharmacy.de\/#\/schema\/logo\/image\/"}}]}},"jetpack_sharing_enabled":true,"_links":{"self":[{"href":"https:\/\/trusthillpharmacy.de\/es\/wp-json\/wp\/v2\/product\/7792","targetHints":{"allow":["GET"]}}],"collection":[{"href":"https:\/\/trusthillpharmacy.de\/es\/wp-json\/wp\/v2\/product"}],"about":[{"href":"https:\/\/trusthillpharmacy.de\/es\/wp-json\/wp\/v2\/types\/product"}],"version-history":[{"count":3,"href":"https:\/\/trusthillpharmacy.de\/es\/wp-json\/wp\/v2\/product\/7792\/revisions"}],"predecessor-version":[{"id":7835,"href":"https:\/\/trusthillpharmacy.de\/es\/wp-json\/wp\/v2\/product\/7792\/revisions\/7835"}],"wp:featuredmedia":[{"embeddable":true,"href":"https:\/\/trusthillpharmacy.de\/es\/wp-json\/wp\/v2\/media\/7799"}],"wp:attachment":[{"href":"https:\/\/trusthillpharmacy.de\/es\/wp-json\/wp\/v2\/media?parent=7792"}],"wp:term":[{"taxonomy":"product_brand","embeddable":true,"href":"https:\/\/trusthillpharmacy.de\/es\/wp-json\/wp\/v2\/product_brand?post=7792"},{"taxonomy":"product_cat","embeddable":true,"href":"https:\/\/trusthillpharmacy.de\/es\/wp-json\/wp\/v2\/product_cat?post=7792"},{"taxonomy":"product_tag","embeddable":true,"href":"https:\/\/trusthillpharmacy.de\/es\/wp-json\/wp\/v2\/product_tag?post=7792"}],"curies":[{"name":"wp","href":"https:\/\/api.w.org\/{rel}","templated":true}]}}