{"id":7850,"date":"2026-04-18T00:04:00","date_gmt":"2026-04-18T00:04:00","guid":{"rendered":"https:\/\/trusthillpharmacy.de\/?post_type=product&#038;p=7850"},"modified":"2026-04-22T08:57:06","modified_gmt":"2026-04-22T08:57:06","slug":"dexanfetamina","status":"publish","type":"product","link":"https:\/\/trusthillpharmacy.de\/es\/shop\/dexanfetamina\/","title":{"rendered":"Dexamfetamine"},"content":{"rendered":"<h1><a href=\"http:\/\/google.com\">Dexamfetamine<\/a><\/h1>\n<div class=\"prose break-words dark:prose-invert prose-p:leading-relaxed prose-pre:p-0 fix-max-with-100 prose-p:!mt-0\">\n<p class=\"mb-2 last:mb-0\"><a href=\"https:\/\/trusthillpharmacy.de\/es\/\">Dexamfetamine<\/a>, tambi\u00e9n conocido como la dextroanfetamina, es el dextrorotatory enanti\u00f3mero de la anfetamina. Es un sistema nervioso central (SNC) estimulante principalmente se utiliza en medicina para el tratamiento de d\u00e9ficit de atenci\u00f3n e hiperactividad (TDAH) y la narcolepsia. He aqu\u00ed un desglose de los principales hechos:<\/p>\n<h4>Usos M\u00e9dicos<\/h4>\n<ul>\n<li><strong>El TDA \/ h<\/strong>: Mejora el enfoque, la atenci\u00f3n y el control de los impulsos en los ni\u00f1os (normalmente 6+ a\u00f1os) y adultos. Prescribe a menudo como parte de la terapia conductual.<\/li>\n<li><strong>La narcolepsia<\/strong>: Ayuda a reducir la excesiva somnolencia durante el d\u00eda.<\/li>\n<li>Nombres de marcas comunes: Dexedrine, Dexampex, o en combinaciones, como Adderall (mezcla de sales de anfetamina).<\/li>\n<\/ul>\n<h4>C\u00f3mo Funciona<\/h4>\n<ul>\n<li><strong>Mecanismo<\/strong>: Aumenta los niveles de neurotransmisores como la dopamina y la norepinefrina en el cerebro mediante la promoci\u00f3n de su liberaci\u00f3n y bloqueo de la recaptaci\u00f3n de serotonina. Esto mejora el estado de alerta y la funci\u00f3n ejecutiva.<\/li>\n<li><strong>Formularios<\/strong>: Tabletas de liberaci\u00f3n inmediata, c\u00e1psulas de liberaci\u00f3n prolongada, o soluciones orales. Dosis de inicio baja (por ejemplo, de 5 a 10 mg\/d\u00eda para el TDA \/ h) y se titula basado en la respuesta.<\/li>\n<\/ul>\n<h4>Pautas de dosificaci\u00f3n (General, Consulte a un M\u00e9dico)<\/h4>\n<\/div>\n<div class=\"overflow-x-auto my-4\">\n<table class=\"markdown-table\">\n<thead>\n<tr>\n<th>Condici\u00f3n<\/th>\n<th>T\u00edpico De La Dosis De Adulto<\/th>\n<th>T\u00edpico Dosis Pedi\u00e1trica (6+ a\u00f1os)<\/th>\n<\/tr>\n<\/thead>\n<tbody>\n<tr>\n<td>El TDA \/ h<\/td>\n<td>5-40 mg\/d\u00eda (dividido)<\/td>\n<td>5-40 mg\/d\u00eda (dividido)<\/td>\n<\/tr>\n<tr>\n<td>La narcolepsia<\/td>\n<td>10-60 mg\/d\u00eda (dividido)<\/td>\n<td>Normalmente no de primera l\u00ednea<\/td>\n<\/tr>\n<\/tbody>\n<\/table>\n<\/div>\n<div class=\"prose break-words dark:prose-invert prose-p:leading-relaxed prose-pre:p-0 fix-max-with-100 prose-p:!mt-0\">\n<p class=\"mb-2 last:mb-0\"><em>Siga siempre a un profesional m\u00e9dico, no automedicarse.<\/em><\/p>\n<h4>Efectos secundarios<\/h4>\n<ul>\n<li><strong>Com\u00fan<\/strong>: Insomnio, sequedad de boca, p\u00e9rdida de apetito, p\u00e9rdida de peso, aumento de la frecuencia card\u00edaca, la tensi\u00f3n, la ansiedad, el dolor de cabeza.<\/li>\n<li><strong>Seria<\/strong>: Potencial para la adicci\u00f3n, la psicosis (dosis altas), cardiovasculares (p. ej., hipertensi\u00f3n arterial), la supresi\u00f3n del crecimiento en ni\u00f1os.<\/li>\n<li><strong>Retiro<\/strong>: Fatiga, depresi\u00f3n, irritabilidad si se detuvo bruscamente.<\/li>\n<\/ul>\n<h4>Riesgos y Advertencias<\/h4>\n<ul>\n<li><strong>Sustancia Controlada<\/strong>: En el anexo II en los estados unidos (alto potencial de abuso). El mal uso puede dar lugar a la tolerancia, dependencia, o sobredosis (s\u00edntomas: agitaci\u00f3n, alucinaciones, convulsiones, hipertermia).<\/li>\n<li><strong>Contraindicaciones<\/strong>: Evitar en el glaucoma, hipertensi\u00f3n grave, enfermedad card\u00edaca, hipertiroidismo, o con inhibidores de la monoamino oxidasa (riesgo de crisis hipertensiva).<\/li>\n<li><strong>Interacciones<\/strong>: Amplifica los efectos de la cafe\u00edna, antidepresivos, o de alcohol; peligrosa que la coca\u00edna u otros estimulantes.<\/li>\n<li><strong>Evidencia<\/strong>: Aprobado por la FDA se basan en ensayos cl\u00ednicos que muestran el 70-80% de eficacia en la reducci\u00f3n de los s\u00edntomas de TDA \/ h (por ejemplo, estudio MTA, 1999). El uso a largo plazo requiere de la supervisi\u00f3n de los riesgos cardiovasculares (AHA).<\/li>\n<\/ul>\n<h4>Situaci\u00f3n Jur\u00eddica<\/h4>\n<ul>\n<li>Receta m\u00e9dica en todo el mundo. Ilegal poseer el uno sin el debido a la posibilidad de abuso (por ejemplo, como \"velocidad\" en contextos l\u00fadicos).<\/li>\n<\/ul>\n<p class=\"mb-2 last:mb-0\">Si usted est\u00e1 pidiendo asesoramiento m\u00e9dico personal, consulte a un m\u00e9dico\u2014no soy un sustituto. Para obtener m\u00e1s detalles, consulte fuentes como la FDA etiquetas o PubMed de estudios (por ejemplo, la b\u00fasqueda \"dextroamphetamine TDAH meta-an\u00e1lisis\"). \u00bfQu\u00e9 aspecto espec\u00edfico que le interesa?<\/p>\n<\/div>","protected":false},"excerpt":{"rendered":"<p>Dexamfetamine Dexamfetamine, also known as dextroamphetamine, is the dextrorotatory enantiomer of amphetamine. It&#8217;s a central nervous system (CNS) stimulant primarily used in medicine for treating attention deficit hyperactivity disorder (ADHD) and narcolepsy. Here&#8217;s a breakdown of key facts: Medical Uses ADHD: Improves focus, attention, and impulse control in children (typically 6+ years) and adults. Often &hellip; <a href=\"https:\/\/trusthillpharmacy.de\/es\/shop\/dexanfetamina\/\" class=\"more-link\">Continue reading <span class=\"screen-reader-text\">Dexamfetamine<\/span><\/a><\/p>","protected":false},"featured_media":7865,"template":"","meta":[],"product_brand":[],"product_cat":[15],"product_tag":[222],"class_list":{"0":"post-7850","1":"product","2":"type-product","3":"status-publish","4":"has-post-thumbnail","6":"product_cat-uncategorized","7":"product_tag-dexamfetamine","10":"instock","11":"shipping-taxable","12":"purchasable","13":"product-type-variable"},"yoast_head":"<!-- This site is optimized with the Yoast SEO Premium plugin v26.5 (Yoast SEO v27.4) - https:\/\/yoast.com\/product\/yoast-seo-premium-wordpress\/ -->\n<title>Dexamfetamine - Trusthill Pharmacy<\/title>\n<meta name=\"description\" content=\"Dexamfetamine treats central nervous system stimulant primarily used in medicine for treating attention deficit hyperactivity disorder (ADHD) &amp; narcolepsy.\" \/>\n<meta name=\"robots\" content=\"index, follow, max-snippet:-1, max-image-preview:large, max-video-preview:-1\" \/>\n<link rel=\"canonical\" href=\"https:\/\/trusthillpharmacy.de\/es\/shop\/dexanfetamina\/\" \/>\n<meta property=\"og:locale\" content=\"es_ES\" \/>\n<meta property=\"og:type\" content=\"article\" \/>\n<meta property=\"og:title\" content=\"Dexamfetamine\" \/>\n<meta property=\"og:description\" content=\"Dexamfetamine treats central nervous system stimulant primarily used in medicine for treating attention deficit hyperactivity disorder (ADHD) &amp; narcolepsy.\" \/>\n<meta property=\"og:url\" content=\"https:\/\/trusthillpharmacy.de\/es\/shop\/dexanfetamina\/\" \/>\n<meta property=\"og:site_name\" content=\"Trusthill Pharmacy\" \/>\n<meta property=\"article:modified_time\" content=\"2026-04-22T08:57:06+00:00\" \/>\n<meta property=\"og:image\" content=\"https:\/\/trusthillpharmacy.de\/wp-content\/uploads\/2026\/04\/photo_5123147599421574209_y.jpg\" \/>\n\t<meta property=\"og:image:width\" content=\"1280\" \/>\n\t<meta property=\"og:image:height\" content=\"960\" \/>\n\t<meta property=\"og:image:type\" content=\"image\/jpeg\" \/>\n<meta name=\"twitter:card\" content=\"summary_large_image\" \/>\n<meta name=\"twitter:label1\" content=\"Est. reading time\" \/>\n\t<meta name=\"twitter:data1\" content=\"2 minutes\" \/>\n<script type=\"application\/ld+json\" class=\"yoast-schema-graph\">{\"@context\":\"https:\\\/\\\/schema.org\",\"@graph\":[{\"@type\":\"WebPage\",\"@id\":\"https:\\\/\\\/trusthillpharmacy.de\\\/shop\\\/dexamfetamine\\\/\",\"url\":\"https:\\\/\\\/trusthillpharmacy.de\\\/shop\\\/dexamfetamine\\\/\",\"name\":\"Dexamfetamine - Trusthill Pharmacy\",\"isPartOf\":{\"@id\":\"https:\\\/\\\/trusthillpharmacy.de\\\/#website\"},\"primaryImageOfPage\":{\"@id\":\"https:\\\/\\\/trusthillpharmacy.de\\\/shop\\\/dexamfetamine\\\/#primaryimage\"},\"image\":{\"@id\":\"https:\\\/\\\/trusthillpharmacy.de\\\/shop\\\/dexamfetamine\\\/#primaryimage\"},\"thumbnailUrl\":\"https:\\\/\\\/trusthillpharmacy.de\\\/wp-content\\\/uploads\\\/2026\\\/04\\\/photo_5123147599421574209_y.jpg\",\"datePublished\":\"2026-04-18T00:04:00+00:00\",\"dateModified\":\"2026-04-22T08:57:06+00:00\",\"description\":\"Dexamfetamine treats central nervous system stimulant primarily used in medicine for treating attention deficit hyperactivity disorder (ADHD) & narcolepsy.\",\"breadcrumb\":{\"@id\":\"https:\\\/\\\/trusthillpharmacy.de\\\/shop\\\/dexamfetamine\\\/#breadcrumb\"},\"inLanguage\":\"es-ES\",\"potentialAction\":[{\"@type\":\"ReadAction\",\"target\":[\"https:\\\/\\\/trusthillpharmacy.de\\\/shop\\\/dexamfetamine\\\/\"]}]},{\"@type\":\"ImageObject\",\"inLanguage\":\"es-ES\",\"@id\":\"https:\\\/\\\/trusthillpharmacy.de\\\/shop\\\/dexamfetamine\\\/#primaryimage\",\"url\":\"https:\\\/\\\/trusthillpharmacy.de\\\/wp-content\\\/uploads\\\/2026\\\/04\\\/photo_5123147599421574209_y.jpg\",\"contentUrl\":\"https:\\\/\\\/trusthillpharmacy.de\\\/wp-content\\\/uploads\\\/2026\\\/04\\\/photo_5123147599421574209_y.jpg\",\"width\":1280,\"height\":960,\"caption\":\"Dexamfetamine\"},{\"@type\":\"BreadcrumbList\",\"@id\":\"https:\\\/\\\/trusthillpharmacy.de\\\/shop\\\/dexamfetamine\\\/#breadcrumb\",\"itemListElement\":[{\"@type\":\"ListItem\",\"position\":1,\"name\":\"Home\",\"item\":\"https:\\\/\\\/trusthillpharmacy.de\\\/\"},{\"@type\":\"ListItem\",\"position\":2,\"name\":\"Shop\",\"item\":\"https:\\\/\\\/trusthillpharmacy.de\\\/shop\\\/\"},{\"@type\":\"ListItem\",\"position\":3,\"name\":\"Dexamfetamine\"}]},{\"@type\":\"WebSite\",\"@id\":\"https:\\\/\\\/trusthillpharmacy.de\\\/#website\",\"url\":\"https:\\\/\\\/trusthillpharmacy.de\\\/\",\"name\":\"Trusthill Pharmacy\",\"description\":\"\",\"publisher\":{\"@id\":\"https:\\\/\\\/trusthillpharmacy.de\\\/#organization\"},\"potentialAction\":[{\"@type\":\"SearchAction\",\"target\":{\"@type\":\"EntryPoint\",\"urlTemplate\":\"https:\\\/\\\/trusthillpharmacy.de\\\/?s={search_term_string}\"},\"query-input\":{\"@type\":\"PropertyValueSpecification\",\"valueRequired\":true,\"valueName\":\"search_term_string\"}}],\"inLanguage\":\"es-ES\"},{\"@type\":\"Organization\",\"@id\":\"https:\\\/\\\/trusthillpharmacy.de\\\/#organization\",\"name\":\"Trusthill Pharmacy\",\"url\":\"https:\\\/\\\/trusthillpharmacy.de\\\/\",\"logo\":{\"@type\":\"ImageObject\",\"inLanguage\":\"es-ES\",\"@id\":\"https:\\\/\\\/trusthillpharmacy.de\\\/#\\\/schema\\\/logo\\\/image\\\/\",\"url\":\"https:\\\/\\\/trusthillpharmacy.de\\\/wp-content\\\/uploads\\\/2025\\\/12\\\/trusthill-pharmacy-site-icon-1.png\",\"contentUrl\":\"https:\\\/\\\/trusthillpharmacy.de\\\/wp-content\\\/uploads\\\/2025\\\/12\\\/trusthill-pharmacy-site-icon-1.png\",\"width\":512,\"height\":512,\"caption\":\"Trusthill Pharmacy\"},\"image\":{\"@id\":\"https:\\\/\\\/trusthillpharmacy.de\\\/#\\\/schema\\\/logo\\\/image\\\/\"}}]}<\/script>\n<!-- \/ Yoast SEO Premium plugin. -->","yoast_head_json":{"title":"Dexamfetamine - Trusthill Farmacia","description":"Dexamfetamine trata estimulante del sistema nervioso central principalmente se utiliza en medicina para el tratamiento de d\u00e9ficit de atenci\u00f3n e hiperactividad (TDAH) &amp; narcolepsia.","robots":{"index":"index","follow":"follow","max-snippet":"max-snippet:-1","max-image-preview":"max-image-preview:large","max-video-preview":"max-video-preview:-1"},"canonical":"https:\/\/trusthillpharmacy.de\/es\/shop\/dexanfetamina\/","og_locale":"es_ES","og_type":"article","og_title":"Dexamfetamine","og_description":"Dexamfetamine treats central nervous system stimulant primarily used in medicine for treating attention deficit hyperactivity disorder (ADHD) & narcolepsy.","og_url":"https:\/\/trusthillpharmacy.de\/es\/shop\/dexanfetamina\/","og_site_name":"Trusthill Pharmacy","article_modified_time":"2026-04-22T08:57:06+00:00","og_image":[{"width":1280,"height":960,"url":"https:\/\/trusthillpharmacy.de\/wp-content\/uploads\/2026\/04\/photo_5123147599421574209_y.jpg","type":"image\/jpeg"}],"twitter_card":"summary_large_image","twitter_misc":{"Est. reading time":"2 minutes"},"schema":{"@context":"https:\/\/schema.org","@graph":[{"@type":"WebPage","@id":"https:\/\/trusthillpharmacy.de\/shop\/dexamfetamine\/","url":"https:\/\/trusthillpharmacy.de\/shop\/dexamfetamine\/","name":"Dexamfetamine - Trusthill Farmacia","isPartOf":{"@id":"https:\/\/trusthillpharmacy.de\/#website"},"primaryImageOfPage":{"@id":"https:\/\/trusthillpharmacy.de\/shop\/dexamfetamine\/#primaryimage"},"image":{"@id":"https:\/\/trusthillpharmacy.de\/shop\/dexamfetamine\/#primaryimage"},"thumbnailUrl":"https:\/\/trusthillpharmacy.de\/wp-content\/uploads\/2026\/04\/photo_5123147599421574209_y.jpg","datePublished":"2026-04-18T00:04:00+00:00","dateModified":"2026-04-22T08:57:06+00:00","description":"Dexamfetamine trata estimulante del sistema nervioso central principalmente se utiliza en medicina para el tratamiento de d\u00e9ficit de atenci\u00f3n e hiperactividad (TDAH) &amp; narcolepsia.","breadcrumb":{"@id":"https:\/\/trusthillpharmacy.de\/shop\/dexamfetamine\/#breadcrumb"},"inLanguage":"es-ES","potentialAction":[{"@type":"ReadAction","target":["https:\/\/trusthillpharmacy.de\/shop\/dexamfetamine\/"]}]},{"@type":"ImageObject","inLanguage":"es-ES","@id":"https:\/\/trusthillpharmacy.de\/shop\/dexamfetamine\/#primaryimage","url":"https:\/\/trusthillpharmacy.de\/wp-content\/uploads\/2026\/04\/photo_5123147599421574209_y.jpg","contentUrl":"https:\/\/trusthillpharmacy.de\/wp-content\/uploads\/2026\/04\/photo_5123147599421574209_y.jpg","width":1280,"height":960,"caption":"Dexamfetamine"},{"@type":"BreadcrumbList","@id":"https:\/\/trusthillpharmacy.de\/shop\/dexamfetamine\/#breadcrumb","itemListElement":[{"@type":"ListItem","position":1,"name":"Home","item":"https:\/\/trusthillpharmacy.de\/"},{"@type":"ListItem","position":2,"name":"Shop","item":"https:\/\/trusthillpharmacy.de\/shop\/"},{"@type":"ListItem","position":3,"name":"Dexamfetamine"}]},{"@type":"WebSite","@id":"https:\/\/trusthillpharmacy.de\/#website","url":"https:\/\/trusthillpharmacy.de\/","name":"Trusthill Farmacia","description":"","publisher":{"@id":"https:\/\/trusthillpharmacy.de\/#organization"},"potentialAction":[{"@type":"SearchAction","target":{"@type":"EntryPoint","urlTemplate":"https:\/\/trusthillpharmacy.de\/?s={search_term_string}"},"query-input":{"@type":"PropertyValueSpecification","valueRequired":true,"valueName":"search_term_string"}}],"inLanguage":"es-ES"},{"@type":"Organization","@id":"https:\/\/trusthillpharmacy.de\/#organization","name":"Trusthill Farmacia","url":"https:\/\/trusthillpharmacy.de\/","logo":{"@type":"ImageObject","inLanguage":"es-ES","@id":"https:\/\/trusthillpharmacy.de\/#\/schema\/logo\/image\/","url":"https:\/\/trusthillpharmacy.de\/wp-content\/uploads\/2025\/12\/trusthill-pharmacy-site-icon-1.png","contentUrl":"https:\/\/trusthillpharmacy.de\/wp-content\/uploads\/2025\/12\/trusthill-pharmacy-site-icon-1.png","width":512,"height":512,"caption":"Trusthill Pharmacy"},"image":{"@id":"https:\/\/trusthillpharmacy.de\/#\/schema\/logo\/image\/"}}]}},"jetpack_sharing_enabled":true,"_links":{"self":[{"href":"https:\/\/trusthillpharmacy.de\/es\/wp-json\/wp\/v2\/product\/7850","targetHints":{"allow":["GET"]}}],"collection":[{"href":"https:\/\/trusthillpharmacy.de\/es\/wp-json\/wp\/v2\/product"}],"about":[{"href":"https:\/\/trusthillpharmacy.de\/es\/wp-json\/wp\/v2\/types\/product"}],"version-history":[{"count":3,"href":"https:\/\/trusthillpharmacy.de\/es\/wp-json\/wp\/v2\/product\/7850\/revisions"}],"predecessor-version":[{"id":7996,"href":"https:\/\/trusthillpharmacy.de\/es\/wp-json\/wp\/v2\/product\/7850\/revisions\/7996"}],"wp:featuredmedia":[{"embeddable":true,"href":"https:\/\/trusthillpharmacy.de\/es\/wp-json\/wp\/v2\/media\/7865"}],"wp:attachment":[{"href":"https:\/\/trusthillpharmacy.de\/es\/wp-json\/wp\/v2\/media?parent=7850"}],"wp:term":[{"taxonomy":"product_brand","embeddable":true,"href":"https:\/\/trusthillpharmacy.de\/es\/wp-json\/wp\/v2\/product_brand?post=7850"},{"taxonomy":"product_cat","embeddable":true,"href":"https:\/\/trusthillpharmacy.de\/es\/wp-json\/wp\/v2\/product_cat?post=7850"},{"taxonomy":"product_tag","embeddable":true,"href":"https:\/\/trusthillpharmacy.de\/es\/wp-json\/wp\/v2\/product_tag?post=7850"}],"curies":[{"name":"wp","href":"https:\/\/api.w.org\/{rel}","templated":true}]}}