{"id":7939,"date":"2026-04-21T09:09:17","date_gmt":"2026-04-21T09:09:17","guid":{"rendered":"https:\/\/trusthillpharmacy.de\/?post_type=product&#038;p=7939"},"modified":"2026-04-22T09:29:50","modified_gmt":"2026-04-22T09:29:50","slug":"comprar-vyvanse-online","status":"publish","type":"product","link":"https:\/\/trusthillpharmacy.de\/es\/shop\/comprar-vyvanse-online\/","title":{"rendered":"Comprar Vyvanse En L\u00ednea"},"content":{"rendered":"<h1><a href=\"http:\/\/google.com\">Comprar Vyvanse En L\u00ednea<\/a><\/h1>\n<p class=\"mb-2 last:mb-0\"><a href=\"https:\/\/trusthillpharmacy.de\/es\/\">Vyvanse<\/a> (lisdexamfetamine) es un estimulante receta medicamentos utilizados principalmente para el tratamiento de\u00a0<strong>D\u00e9ficit de atenci\u00f3n e Hiperactividad (TDAH)<\/strong>\u00a0y\u00a0<strong>el trastorno de atracones compulsivos (CAMA)<\/strong>\u00a0en adultos y ni\u00f1os (TDAH).<\/p>\n<h3>Datos Clave:<\/h3>\n<ul>\n<li><strong>C\u00f3mo funciona<\/strong>: Es un prof\u00e1rmaco que se convierte en dextroamphetamine en el cuerpo, aumentando los niveles de dopamina y norepinefrina para mejorar la concentraci\u00f3n y el control de los impulsos.<\/li>\n<li><strong>Las formas de dosificaci\u00f3n<\/strong>: C\u00e1psulas (10-70 mg) o tabletas masticables; se toma una vez al d\u00eda por la ma\u00f1ana.<\/li>\n<li><strong>Los efectos secundarios comunes<\/strong>: Disminuci\u00f3n del apetito, insomnio, boca seca, ansiedad, aumento de la frecuencia card\u00edaca.<\/li>\n<li><strong>Advertencias<\/strong>: La lista II de sustancias controladas (alto potencial de abuso). No para la p\u00e9rdida de peso. Evitar con problemas del coraz\u00f3n, glaucoma, o inhibidores de la mao. Puede causar dependencia.<\/li>\n<\/ul>\n<p class=\"mb-2 last:mb-0\"><strong>Importante<\/strong>: Vyvanse requiere una receta de un m\u00e9dico. No comprar o usar sin uno\u2014fuentes en l\u00ednea son a menudo ilegales o falsificados y peligroso. Consulte a un profesional m\u00e9dico para la evaluaci\u00f3n y el acceso seguro. Para obtener m\u00e1s detalles, consulte los recursos de la FDA o Trusthill de Farmacia.<\/p>\n<div class=\"prose break-words dark:prose-invert prose-p:leading-relaxed prose-pre:p-0 fix-max-with-100 prose-p:!mt-0\">\n<h4><strong>Usos M\u00e9dicos<\/strong><\/h4>\n<ul>\n<li><strong>Aprobado por la FDA para<\/strong>:\n<ul>\n<li>El TDA \/ h en los ni\u00f1os (de 6 a\u00f1os), adolescentes y adultos.<\/li>\n<li>Moderado a severo trastorno de atracones compulsivos (CAMA) en los adultos.<\/li>\n<\/ul>\n<\/li>\n<li><strong>Fuera de la etiqueta utiliza<\/strong>\u00a0(a veces se prescribe): la Narcolepsia o la depresi\u00f3n resistente al tratamiento (evidencia var\u00eda).<\/li>\n<\/ul>\n<h4><strong>Mecanismo de Acci\u00f3n<\/strong><\/h4>\n<ul>\n<li>Prof\u00e1rmaco: Inactivo hasta que se metaboliza en c\u00e9lulas rojas de la sangre a la dextroanfetamina (forma activa).<\/li>\n<li>M\u00e1s duradera que la de liberaci\u00f3n inmediata de las anfetaminas (hasta 14 horas), reduciendo el potencial de abuso a trav\u00e9s de la v\u00eda oral (resoplando\/IV menos eficaz).<\/li>\n<li>Estimula los neurotransmisores: la Dopamina y la noradrenalina en la corteza prefrontal para una mejor atenci\u00f3n y la funci\u00f3n ejecutiva.<\/li>\n<\/ul>\n<h4><strong>Dosis Y Administraci\u00f3n<\/strong><\/h4>\n<\/div>\n<div class=\"overflow-x-auto my-4\">\n<table class=\"markdown-table\">\n<thead>\n<tr>\n<th>Grupo De Edad<\/th>\n<th>Dosis inicial<\/th>\n<th>Titulaci\u00f3n<\/th>\n<th>Max Dosis<\/th>\n<\/tr>\n<\/thead>\n<tbody>\n<tr>\n<td>Ni\u00f1os (6-12)<\/td>\n<td>30 mg\/d\u00eda<\/td>\n<td>Aumento de 10-20 mg a la semana.<\/td>\n<td>70 mg<\/td>\n<\/tr>\n<tr>\n<td>Adolescentes (13-17)<\/td>\n<td>30 mg\/d\u00eda<\/td>\n<td>Aumento de 10-20 mg a la semana.<\/td>\n<td>70 mg<\/td>\n<\/tr>\n<tr>\n<td>Adultos (TDAH)<\/td>\n<td>30 mg\/d\u00eda<\/td>\n<td>Aumento de 20 mg a la semana.<\/td>\n<td>70 mg<\/td>\n<\/tr>\n<tr>\n<td>Adultos (CAMA)<\/td>\n<td>50 mg\/d\u00eda<\/td>\n<td>Aumento de 20 mg a la semana.<\/td>\n<td>70 mg<\/td>\n<\/tr>\n<\/tbody>\n<\/table>\n<\/div>\n<div class=\"prose break-words dark:prose-invert prose-p:leading-relaxed prose-pre:p-0 fix-max-with-100 prose-p:!mt-0\">\n<ul>\n<li>Tomar con o sin alimentos; evitar la tarde dosis al d\u00eda para prevenir el insomnio.<\/li>\n<li>C\u00e1psulas: las c\u00e1psulas deben Tragarse enteras, abrir y mezclar en el agua y yogur (no masticar).<\/li>\n<\/ul>\n<h4><strong>Efectos secundarios<\/strong><\/h4>\n<\/div>\n<div class=\"overflow-x-auto my-4\">\n<table class=\"markdown-table\">\n<thead>\n<tr>\n<th>Frecuentes (\u22655%)<\/th>\n<th>Graves (buscar ayuda)<\/th>\n<\/tr>\n<\/thead>\n<tbody>\n<tr>\n<td>Insomnio, disminuci\u00f3n del apetito\/p\u00e9rdida de peso, sequedad de boca, dolor de cabeza, ansiedad, irritabilidad, n\u00e1useas<\/td>\n<td>Problemas de coraz\u00f3n (dolor en el pecho, palpitaciones), psicosis\/alucinaciones, priapismo, hipertensi\u00f3n severa, el s\u00edndrome de la serotonina, la supresi\u00f3n del crecimiento en ni\u00f1os<\/td>\n<\/tr>\n<\/tbody>\n<\/table>\n<\/div>\n<div class=\"prose break-words dark:prose-invert prose-p:leading-relaxed prose-pre:p-0 fix-max-with-100 prose-p:!mt-0\">\n<h4><strong>Contraindicaciones Y Advertencias<\/strong><\/h4>\n<ul>\n<li><strong>No utilizar si<\/strong>: Enfermedades del coraz\u00f3n, arteriosclerosis avanzada, hipertiroidismo, glaucoma, historia de abuso de drogas, el uso de IMAO (dentro de los 14 d\u00edas).<\/li>\n<li><strong>Embarazo<\/strong>: Categor\u00eda C, el potencial da\u00f1o fetal.<\/li>\n<li><strong>Interacciones<\/strong>: Evitar con Isrs\/Irsn (el s\u00edndrome de la serotonina en el riesgo), el alcohol, la cafe\u00edna u otros estimulantes.<\/li>\n<li><strong>Sobredosis<\/strong>: Los s\u00edntomas incluyen agitaci\u00f3n, alucinaciones, convulsiones, estado de coma. Llame a los servicios de emergencia.<\/li>\n<\/ul>\n<h4><strong>Abuso Y Dependencia<\/strong><\/h4>\n<ul>\n<li>Alto potencial de uso indebido (por ejemplo, para el estudio o en una fiesta). De liberaci\u00f3n prolongada de dise\u00f1o reduce el valor en la calle de la inyecci\u00f3n.<\/li>\n<li>Retiro: Fatiga, depresi\u00f3n, aumento del apetito.<\/li>\n<\/ul>\n<h4><strong>Costo Y Disponibilidad<\/strong><\/h4>\n<ul>\n<li>Marca: ~400\/mes (sin seguro). Gen\u00e9ricos disponibles desde 2023 (~200).<\/li>\n<li>Cubierto por la mayor\u00eda de seguros con autorizaci\u00f3n previa.<\/li>\n<\/ul>\n<h4><strong>Pruebas Y Estudios<\/strong><\/h4>\n<ul>\n<li><strong>El TDA \/ h eficacia<\/strong>: Meta-an\u00e1lisis (por ejemplo, Revisi\u00f3n Cochrane traducida) mostrar el 70-80% de tasa de respuesta superior a la de placebo.<\/li>\n<li><strong>CAMA<\/strong>: STAR juicio (2015) demostraron una reducci\u00f3n de la borrachera d\u00edas por 3-4\/semana frente a placebo.<\/li>\n<li>A largo plazo: Seguro para 2+ a\u00f1os en los ni\u00f1os con la supervisi\u00f3n; el crecimiento de la monitoreado a trav\u00e9s de la altura\/peso gr\u00e1ficos.<\/li>\n<\/ul>\n<\/div>","protected":false},"excerpt":{"rendered":"<p>Buy Vyvanse Online Vyvanse (lisdexamfetamine) is a prescription stimulant medication primarily used to treat\u00a0Attention Deficit Hyperactivity Disorder (ADHD)\u00a0and\u00a0binge eating disorder (BED)\u00a0in adults and children (for ADHD). Key Facts: How it works: It&#8217;s a prodrug that converts to dextroamphetamine in the body, increasing dopamine and norepinephrine levels to improve focus and impulse control. Dosage forms: Capsules &hellip; <a href=\"https:\/\/trusthillpharmacy.de\/es\/shop\/comprar-vyvanse-online\/\" class=\"more-link\">Continue reading <span class=\"screen-reader-text\">Comprar Vyvanse En L\u00ednea<\/span><\/a><\/p>","protected":false},"featured_media":7940,"template":"","meta":[],"product_brand":[],"product_cat":[15],"product_tag":[226],"class_list":{"0":"post-7939","1":"product","2":"type-product","3":"status-publish","4":"has-post-thumbnail","6":"product_cat-uncategorized","7":"product_tag-buy-vyvanse-online","10":"instock","11":"shipping-taxable","12":"purchasable","13":"product-type-variable"},"yoast_head":"<!-- This site is optimized with the Yoast SEO Premium plugin v26.5 (Yoast SEO v27.4) - https:\/\/yoast.com\/product\/yoast-seo-premium-wordpress\/ -->\n<title>Buy Vyvanse Online - Trusthill Pharmacy<\/title>\n<meta name=\"description\" content=\"Buy Vyvanse online (lisdexamfetamine) is a prescription stimulant medication primarily used to treat\u00a0Attention Deficit Hyperactivity Disorder (ADHD).\" \/>\n<meta name=\"robots\" content=\"index, follow, max-snippet:-1, max-image-preview:large, max-video-preview:-1\" \/>\n<link rel=\"canonical\" href=\"https:\/\/trusthillpharmacy.de\/es\/shop\/comprar-vyvanse-online\/\" \/>\n<meta property=\"og:locale\" content=\"es_ES\" \/>\n<meta property=\"og:type\" content=\"article\" \/>\n<meta property=\"og:title\" content=\"Buy Vyvanse Online\" \/>\n<meta property=\"og:description\" content=\"Buy Vyvanse online (lisdexamfetamine) is a prescription stimulant medication primarily used to treat\u00a0Attention Deficit Hyperactivity Disorder (ADHD).\" \/>\n<meta property=\"og:url\" content=\"https:\/\/trusthillpharmacy.de\/es\/shop\/comprar-vyvanse-online\/\" \/>\n<meta property=\"og:site_name\" content=\"Trusthill Pharmacy\" \/>\n<meta property=\"article:modified_time\" content=\"2026-04-22T09:29:50+00:00\" \/>\n<meta property=\"og:image\" content=\"https:\/\/trusthillpharmacy.de\/wp-content\/uploads\/2026\/04\/photo_5132142751293050301_m.jpg\" \/>\n\t<meta property=\"og:image:width\" content=\"300\" \/>\n\t<meta property=\"og:image:height\" content=\"300\" \/>\n\t<meta property=\"og:image:type\" content=\"image\/jpeg\" \/>\n<meta name=\"twitter:card\" content=\"summary_large_image\" \/>\n<meta name=\"twitter:label1\" content=\"Est. reading time\" \/>\n\t<meta name=\"twitter:data1\" content=\"3 minutes\" \/>\n<script type=\"application\/ld+json\" class=\"yoast-schema-graph\">{\"@context\":\"https:\\\/\\\/schema.org\",\"@graph\":[{\"@type\":\"WebPage\",\"@id\":\"https:\\\/\\\/trusthillpharmacy.de\\\/shop\\\/buy-vyvanse-online\\\/\",\"url\":\"https:\\\/\\\/trusthillpharmacy.de\\\/shop\\\/buy-vyvanse-online\\\/\",\"name\":\"Buy Vyvanse Online - Trusthill Pharmacy\",\"isPartOf\":{\"@id\":\"https:\\\/\\\/trusthillpharmacy.de\\\/#website\"},\"primaryImageOfPage\":{\"@id\":\"https:\\\/\\\/trusthillpharmacy.de\\\/shop\\\/buy-vyvanse-online\\\/#primaryimage\"},\"image\":{\"@id\":\"https:\\\/\\\/trusthillpharmacy.de\\\/shop\\\/buy-vyvanse-online\\\/#primaryimage\"},\"thumbnailUrl\":\"https:\\\/\\\/trusthillpharmacy.de\\\/wp-content\\\/uploads\\\/2026\\\/04\\\/photo_5132142751293050301_m.jpg\",\"datePublished\":\"2026-04-21T09:09:17+00:00\",\"dateModified\":\"2026-04-22T09:29:50+00:00\",\"description\":\"Buy Vyvanse online (lisdexamfetamine) is a prescription stimulant medication primarily used to treat\u00a0Attention Deficit Hyperactivity Disorder (ADHD).\",\"breadcrumb\":{\"@id\":\"https:\\\/\\\/trusthillpharmacy.de\\\/shop\\\/buy-vyvanse-online\\\/#breadcrumb\"},\"inLanguage\":\"es-ES\",\"potentialAction\":[{\"@type\":\"ReadAction\",\"target\":[\"https:\\\/\\\/trusthillpharmacy.de\\\/shop\\\/buy-vyvanse-online\\\/\"]}]},{\"@type\":\"ImageObject\",\"inLanguage\":\"es-ES\",\"@id\":\"https:\\\/\\\/trusthillpharmacy.de\\\/shop\\\/buy-vyvanse-online\\\/#primaryimage\",\"url\":\"https:\\\/\\\/trusthillpharmacy.de\\\/wp-content\\\/uploads\\\/2026\\\/04\\\/photo_5132142751293050301_m.jpg\",\"contentUrl\":\"https:\\\/\\\/trusthillpharmacy.de\\\/wp-content\\\/uploads\\\/2026\\\/04\\\/photo_5132142751293050301_m.jpg\",\"width\":300,\"height\":300,\"caption\":\"Buy Vyvanse Online\"},{\"@type\":\"BreadcrumbList\",\"@id\":\"https:\\\/\\\/trusthillpharmacy.de\\\/shop\\\/buy-vyvanse-online\\\/#breadcrumb\",\"itemListElement\":[{\"@type\":\"ListItem\",\"position\":1,\"name\":\"Home\",\"item\":\"https:\\\/\\\/trusthillpharmacy.de\\\/\"},{\"@type\":\"ListItem\",\"position\":2,\"name\":\"Shop\",\"item\":\"https:\\\/\\\/trusthillpharmacy.de\\\/shop\\\/\"},{\"@type\":\"ListItem\",\"position\":3,\"name\":\"Buy Vyvanse Online\"}]},{\"@type\":\"WebSite\",\"@id\":\"https:\\\/\\\/trusthillpharmacy.de\\\/#website\",\"url\":\"https:\\\/\\\/trusthillpharmacy.de\\\/\",\"name\":\"Trusthill Pharmacy\",\"description\":\"\",\"publisher\":{\"@id\":\"https:\\\/\\\/trusthillpharmacy.de\\\/#organization\"},\"potentialAction\":[{\"@type\":\"SearchAction\",\"target\":{\"@type\":\"EntryPoint\",\"urlTemplate\":\"https:\\\/\\\/trusthillpharmacy.de\\\/?s={search_term_string}\"},\"query-input\":{\"@type\":\"PropertyValueSpecification\",\"valueRequired\":true,\"valueName\":\"search_term_string\"}}],\"inLanguage\":\"es-ES\"},{\"@type\":\"Organization\",\"@id\":\"https:\\\/\\\/trusthillpharmacy.de\\\/#organization\",\"name\":\"Trusthill Pharmacy\",\"url\":\"https:\\\/\\\/trusthillpharmacy.de\\\/\",\"logo\":{\"@type\":\"ImageObject\",\"inLanguage\":\"es-ES\",\"@id\":\"https:\\\/\\\/trusthillpharmacy.de\\\/#\\\/schema\\\/logo\\\/image\\\/\",\"url\":\"https:\\\/\\\/trusthillpharmacy.de\\\/wp-content\\\/uploads\\\/2025\\\/12\\\/trusthill-pharmacy-site-icon-1.png\",\"contentUrl\":\"https:\\\/\\\/trusthillpharmacy.de\\\/wp-content\\\/uploads\\\/2025\\\/12\\\/trusthill-pharmacy-site-icon-1.png\",\"width\":512,\"height\":512,\"caption\":\"Trusthill Pharmacy\"},\"image\":{\"@id\":\"https:\\\/\\\/trusthillpharmacy.de\\\/#\\\/schema\\\/logo\\\/image\\\/\"}}]}<\/script>\n<!-- \/ Yoast SEO Premium plugin. -->","yoast_head_json":{"title":"Comprar Vyvanse En L\u00ednea - Trusthill Farmacia","description":"Comprar Vyvanse en l\u00ednea (lisdexamfetamine) es un estimulante receta medicamentos utilizados principalmente para el tratamiento de D\u00e9ficit de Atenci\u00f3n e Hiperactividad (TDAH).","robots":{"index":"index","follow":"follow","max-snippet":"max-snippet:-1","max-image-preview":"max-image-preview:large","max-video-preview":"max-video-preview:-1"},"canonical":"https:\/\/trusthillpharmacy.de\/es\/shop\/comprar-vyvanse-online\/","og_locale":"es_ES","og_type":"article","og_title":"Buy Vyvanse Online","og_description":"Buy Vyvanse online (lisdexamfetamine) is a prescription stimulant medication primarily used to treat\u00a0Attention Deficit Hyperactivity Disorder (ADHD).","og_url":"https:\/\/trusthillpharmacy.de\/es\/shop\/comprar-vyvanse-online\/","og_site_name":"Trusthill Pharmacy","article_modified_time":"2026-04-22T09:29:50+00:00","og_image":[{"width":300,"height":300,"url":"https:\/\/trusthillpharmacy.de\/wp-content\/uploads\/2026\/04\/photo_5132142751293050301_m.jpg","type":"image\/jpeg"}],"twitter_card":"summary_large_image","twitter_misc":{"Est. reading time":"3 minutes"},"schema":{"@context":"https:\/\/schema.org","@graph":[{"@type":"WebPage","@id":"https:\/\/trusthillpharmacy.de\/shop\/buy-vyvanse-online\/","url":"https:\/\/trusthillpharmacy.de\/shop\/buy-vyvanse-online\/","name":"Comprar Vyvanse En L\u00ednea - Trusthill Farmacia","isPartOf":{"@id":"https:\/\/trusthillpharmacy.de\/#website"},"primaryImageOfPage":{"@id":"https:\/\/trusthillpharmacy.de\/shop\/buy-vyvanse-online\/#primaryimage"},"image":{"@id":"https:\/\/trusthillpharmacy.de\/shop\/buy-vyvanse-online\/#primaryimage"},"thumbnailUrl":"https:\/\/trusthillpharmacy.de\/wp-content\/uploads\/2026\/04\/photo_5132142751293050301_m.jpg","datePublished":"2026-04-21T09:09:17+00:00","dateModified":"2026-04-22T09:29:50+00:00","description":"Comprar Vyvanse en l\u00ednea (lisdexamfetamine) es un estimulante receta medicamentos utilizados principalmente para el tratamiento de D\u00e9ficit de Atenci\u00f3n e Hiperactividad (TDAH).","breadcrumb":{"@id":"https:\/\/trusthillpharmacy.de\/shop\/buy-vyvanse-online\/#breadcrumb"},"inLanguage":"es-ES","potentialAction":[{"@type":"ReadAction","target":["https:\/\/trusthillpharmacy.de\/shop\/buy-vyvanse-online\/"]}]},{"@type":"ImageObject","inLanguage":"es-ES","@id":"https:\/\/trusthillpharmacy.de\/shop\/buy-vyvanse-online\/#primaryimage","url":"https:\/\/trusthillpharmacy.de\/wp-content\/uploads\/2026\/04\/photo_5132142751293050301_m.jpg","contentUrl":"https:\/\/trusthillpharmacy.de\/wp-content\/uploads\/2026\/04\/photo_5132142751293050301_m.jpg","width":300,"height":300,"caption":"Buy Vyvanse Online"},{"@type":"BreadcrumbList","@id":"https:\/\/trusthillpharmacy.de\/shop\/buy-vyvanse-online\/#breadcrumb","itemListElement":[{"@type":"ListItem","position":1,"name":"Home","item":"https:\/\/trusthillpharmacy.de\/"},{"@type":"ListItem","position":2,"name":"Shop","item":"https:\/\/trusthillpharmacy.de\/shop\/"},{"@type":"ListItem","position":3,"name":"Buy Vyvanse Online"}]},{"@type":"WebSite","@id":"https:\/\/trusthillpharmacy.de\/#website","url":"https:\/\/trusthillpharmacy.de\/","name":"Trusthill Farmacia","description":"","publisher":{"@id":"https:\/\/trusthillpharmacy.de\/#organization"},"potentialAction":[{"@type":"SearchAction","target":{"@type":"EntryPoint","urlTemplate":"https:\/\/trusthillpharmacy.de\/?s={search_term_string}"},"query-input":{"@type":"PropertyValueSpecification","valueRequired":true,"valueName":"search_term_string"}}],"inLanguage":"es-ES"},{"@type":"Organization","@id":"https:\/\/trusthillpharmacy.de\/#organization","name":"Trusthill Farmacia","url":"https:\/\/trusthillpharmacy.de\/","logo":{"@type":"ImageObject","inLanguage":"es-ES","@id":"https:\/\/trusthillpharmacy.de\/#\/schema\/logo\/image\/","url":"https:\/\/trusthillpharmacy.de\/wp-content\/uploads\/2025\/12\/trusthill-pharmacy-site-icon-1.png","contentUrl":"https:\/\/trusthillpharmacy.de\/wp-content\/uploads\/2025\/12\/trusthill-pharmacy-site-icon-1.png","width":512,"height":512,"caption":"Trusthill Pharmacy"},"image":{"@id":"https:\/\/trusthillpharmacy.de\/#\/schema\/logo\/image\/"}}]}},"jetpack_sharing_enabled":true,"_links":{"self":[{"href":"https:\/\/trusthillpharmacy.de\/es\/wp-json\/wp\/v2\/product\/7939","targetHints":{"allow":["GET"]}}],"collection":[{"href":"https:\/\/trusthillpharmacy.de\/es\/wp-json\/wp\/v2\/product"}],"about":[{"href":"https:\/\/trusthillpharmacy.de\/es\/wp-json\/wp\/v2\/types\/product"}],"version-history":[{"count":3,"href":"https:\/\/trusthillpharmacy.de\/es\/wp-json\/wp\/v2\/product\/7939\/revisions"}],"predecessor-version":[{"id":8006,"href":"https:\/\/trusthillpharmacy.de\/es\/wp-json\/wp\/v2\/product\/7939\/revisions\/8006"}],"wp:featuredmedia":[{"embeddable":true,"href":"https:\/\/trusthillpharmacy.de\/es\/wp-json\/wp\/v2\/media\/7940"}],"wp:attachment":[{"href":"https:\/\/trusthillpharmacy.de\/es\/wp-json\/wp\/v2\/media?parent=7939"}],"wp:term":[{"taxonomy":"product_brand","embeddable":true,"href":"https:\/\/trusthillpharmacy.de\/es\/wp-json\/wp\/v2\/product_brand?post=7939"},{"taxonomy":"product_cat","embeddable":true,"href":"https:\/\/trusthillpharmacy.de\/es\/wp-json\/wp\/v2\/product_cat?post=7939"},{"taxonomy":"product_tag","embeddable":true,"href":"https:\/\/trusthillpharmacy.de\/es\/wp-json\/wp\/v2\/product_tag?post=7939"}],"curies":[{"name":"wp","href":"https:\/\/api.w.org\/{rel}","templated":true}]}}