{"id":7952,"date":"2026-04-21T13:15:46","date_gmt":"2026-04-21T13:15:46","guid":{"rendered":"https:\/\/trusthillpharmacy.de\/?post_type=product&#038;p=7952"},"modified":"2026-04-22T09:42:24","modified_gmt":"2026-04-22T09:42:24","slug":"nitrazepam-5mg","status":"publish","type":"product","link":"https:\/\/trusthillpharmacy.de\/es\/shop\/nitrazepam-5mg\/","title":{"rendered":"5 mg Nitrazepam"},"content":{"rendered":"<h1><a href=\"http:\/\/google.com\">5 mg Nitrazepam<\/a><\/h1>\n<div class=\"prose break-words dark:prose-invert prose-p:leading-relaxed prose-pre:p-0 fix-max-with-100 prose-p:!mt-0\">\n<p class=\"mb-2 last:mb-0\"><a href=\"https:\/\/trusthillpharmacy.de\/es\/\">Nitrazepam<\/a> (nombres de marca como Mogadon o Insom) es un\u00a0<strong>las benzodiazepinas<\/strong>\u00a0medicamentos utilizados principalmente como una\u00a0<strong>hipn\u00f3tico<\/strong>\u00a0(ayuda para dormir) para el tratamiento a corto plazo del insomnio grave en los adultos. La dosis de 5 mg es una fuerza com\u00fan para las tabletas.<\/p>\n<h4>Los Usos Principales<\/h4>\n<ul>\n<li><strong>El insomnio<\/strong>: Ayuda a iniciar y mantener el sue\u00f1o, especialmente cuando otros tratamientos fallan.<\/li>\n<li><strong>Otras indicaciones<\/strong>\u00a0(menos com\u00fan, var\u00eda seg\u00fan el pa\u00eds): Complemento para la epilepsia (p. ej., convulsiones miocl\u00f3nicas), la ansiedad, o los espasmos musculares.<\/li>\n<li><strong>Duraci\u00f3n<\/strong>: Prescribe t\u00edpicamente para 7-14 d\u00edas como m\u00e1ximo para evitar la dependencia; no para el uso a largo plazo.<\/li>\n<\/ul>\n<h4>Instrucciones De Dosis (Adultos)<\/h4>\n<\/div>\n<div class=\"overflow-x-auto my-4\">\n<table class=\"markdown-table\">\n<thead>\n<tr>\n<th>Condici\u00f3n<\/th>\n<th>Dosis T\u00edpica<\/th>\n<th>Notas<\/th>\n<\/tr>\n<\/thead>\n<tbody>\n<tr>\n<td>El insomnio<\/td>\n<td>5-10mg a la hora de acostarse<\/td>\n<td>Comenzar con 5 mg; ancianos\/start baja a 2.5-5mg. M\u00e1x 10 mg\/noche.<\/td>\n<\/tr>\n<tr>\n<td>Epilepsia (adjunto)<\/td>\n<td>5-10mg por la noche<\/td>\n<td>Hasta 15-30 mg\/d\u00eda en dosis divididas (especialista en uso).<\/td>\n<\/tr>\n<tr>\n<td>Los ni\u00f1os (raro)<\/td>\n<td>0.5-5 mg (dependiente de la edad)<\/td>\n<td>No de primera l\u00ednea; uso pedi\u00e1trico limitada.<\/td>\n<\/tr>\n<\/tbody>\n<\/table>\n<\/div>\n<div class=\"prose break-words dark:prose-invert prose-p:leading-relaxed prose-pre:p-0 fix-max-with-100 prose-p:!mt-0\">\n<ul>\n<li><strong>Administraci\u00f3n<\/strong>: Las c\u00e1psulas deben tragarse enteras con agua, a la hora de acostarse. Evite el alcohol, la toronja, u otros sedantes.<\/li>\n<li><strong>Inicio<\/strong>Entre 30 y 60 minutos; duraci\u00f3n de 6-8 horas (de acci\u00f3n prolongada).<\/li>\n<\/ul>\n<h4>Efectos secundarios<\/h4>\n<\/div>\n<div class=\"overflow-x-auto my-4\">\n<table class=\"markdown-table\">\n<thead>\n<tr>\n<th>Com\u00fan (leve)<\/th>\n<th>Graves (busque ayuda m\u00e9dica)<\/th>\n<\/tr>\n<\/thead>\n<tbody>\n<tr>\n<td>Somnolencia, mareo, confusi\u00f3n<\/td>\n<td>Reacci\u00f3n al\u00e9rgica grave (erupci\u00f3n cut\u00e1nea, hinchaz\u00f3n), problemas de respiraci\u00f3n, alucinaciones, p\u00e9rdida de la memoria<\/td>\n<\/tr>\n<tr>\n<td>Boca seca, dolor de cabeza<\/td>\n<td>La dependencia del\/de abstinencia (ansiedad, convulsiones despu\u00e9s de una parada repentina)<\/td>\n<\/tr>\n<tr>\n<td>Al d\u00eda siguiente la resaca<\/td>\n<td>Efectos parad\u00f3jicos (agitaci\u00f3n, agresi\u00f3n \u2013 rare)<\/td>\n<\/tr>\n<\/tbody>\n<\/table>\n<\/div>\n<div class=\"prose break-words dark:prose-invert prose-p:leading-relaxed prose-pre:p-0 fix-max-with-100 prose-p:!mt-0\">\n<ul>\n<li><strong>Sobredosis de riesgo<\/strong>: Alta con alcohol o los opi\u00e1ceos, los s\u00edntomas incluyen coma, depresi\u00f3n respiratoria. La naloxona ineficaz; busque atenci\u00f3n m\u00e9dica de emergencia.<\/li>\n<\/ul>\n<h4>Advertencias y precauciones<\/h4>\n<ul>\n<li><strong>La adicci\u00f3n de riesgo<\/strong>: Alto potencial para la tolerancia, dependencia, s\u00edndrome de abstinencia desvaneciendo lentamente).<\/li>\n<li><strong>Contraindicaciones<\/strong>: La apnea del sue\u00f1o, severos problemas respiratorios, miastenia gravis, porfiria aguda, embarazo (categor\u00eda D \u2013 da\u00f1o fetal), la lactancia materna.<\/li>\n<li><strong>Interacciones<\/strong>: Potencia depresores del SNC (alcohol, opi\u00e1ceos, otras benzodiazepinas, antidepresivos). Evitar con inhibidores del CYP3A4 (por ejemplo, ketoconazol).<\/li>\n<li><strong>Conducir\/manejar maquinaria<\/strong>: Deteriora d\u00eda siguiente; restricciones legales en muchos pa\u00edses.<\/li>\n<li><strong>Poblaciones especiales<\/strong>:<\/li>\n<\/ul>\n<\/div>\n<div class=\"overflow-x-auto my-4\">\n<table class=\"markdown-table\">\n<thead>\n<tr>\n<th>Grupo<\/th>\n<th>Ajustes<\/th>\n<\/tr>\n<\/thead>\n<tbody>\n<tr>\n<td>Ancianos<\/td>\n<td>Reducir la dosis (h\u00edgado\/ri\u00f1\u00f3n disminuci\u00f3n); mayor ca\u00edda\/el riesgo de fractura.<\/td>\n<\/tr>\n<tr>\n<td>H\u00edgado\/Ri\u00f1\u00f3n deterioro<\/td>\n<td>La reducci\u00f3n de la dosis; vigilar de cerca.<\/td>\n<\/tr>\n<tr>\n<td>Embarazo<\/td>\n<td>Evitar el riesgo de disquete del s\u00edndrome del ni\u00f1o.<\/td>\n<\/tr>\n<\/tbody>\n<\/table>\n<\/div>\n<div class=\"prose break-words dark:prose-invert prose-p:leading-relaxed prose-pre:p-0 fix-max-with-100 prose-p:!mt-0\">\n<h4>Pruebas Y Hechos<\/h4>\n<ul>\n<li><strong>Farmacolog\u00eda<\/strong>: GABA-UN agonista de los receptores; la mitad de la vida ~18-30 horas (metabolito activo nitrazepam).<\/li>\n<li><strong>Eficacia<\/strong>: Eficaz a corto plazo por los meta-an\u00e1lisis (por ejemplo, revisi\u00f3n Cochrane traducida: mejora la latencia del sue\u00f1o por ~20 minutos frente a placebo).<\/li>\n<li><strong>Reglamento<\/strong>: Prescripci\u00f3n (lista IV en NOSOTROS; la Clase C en el reino unido). El potencial de abuso, se\u00f1alado por la DEA\/OMS.<\/li>\n<li><strong>Alternativas<\/strong>: No-benzo opciones como el zolpidem, agonistas de melatonina (ramelteon), o CBT-I para el insomnio.<\/li>\n<\/ul>\n<p class=\"mb-2 last:mb-0\"><strong>Esta es una informaci\u00f3n general a partir de fuentes como la FDA, EMA, BNF, y PubMed (por ejemplo, los estudios PMID: 24635450). No se ofrece asesoramiento m\u00e9dico \u2013 consultar a un m\u00e9dico\/farmac\u00e9utico para uso personal, como factores individuales var\u00edan. El mal uso puede ser peligroso.<\/strong><\/p>\n<\/div>\n\n    <div class=\"xs_social_share_widget xs_share_url after_content \t\tmain_content  wslu-style-1 wslu-share-box-shaped wslu-fill-colored wslu-none wslu-share-horizontal wslu-theme-font-no wslu-main_content\">\n\n\t\t\n        <ul>\n\t\t\t        <\/ul>\n    <\/div>","protected":false},"excerpt":{"rendered":"<p>Nitrazepam 5mg Nitrazepam (brand names like Mogadon or Insom) is a\u00a0benzodiazepine\u00a0medication primarily used as a\u00a0hypnotic\u00a0(sleep aid) for short-term treatment of severe insomnia in adults. The 5mg dose is a common strength for tablets. Key Uses Insomnia: Helps initiate and maintain sleep, especially when other treatments fail. Other indications\u00a0(less common, varies by country): Adjunct for epilepsy &hellip; <a href=\"https:\/\/trusthillpharmacy.de\/es\/shop\/nitrazepam-5mg\/\" class=\"more-link\">Continue reading <span class=\"screen-reader-text\">5 mg Nitrazepam<\/span><\/a><\/p>","protected":false},"featured_media":7963,"template":"","meta":{"postBodyCss":"","postBodyMargin":[],"postBodyPadding":[],"postBodyBackground":{"backgroundType":"classic","gradient":""}},"product_brand":[],"product_cat":[104],"product_tag":[229],"class_list":{"0":"post-7952","1":"product","2":"type-product","3":"status-publish","4":"has-post-thumbnail","6":"product_cat-anxiety-pills","7":"product_tag-nitrazepam-5mg","10":"instock","11":"shipping-taxable","12":"purchasable","13":"product-type-variable"},"yoast_head":"<!-- This site is optimized with the Yoast SEO Premium plugin v26.5 (Yoast SEO v27.4) - https:\/\/yoast.com\/product\/yoast-seo-premium-wordpress\/ -->\n<title>Nitrazepam 5mg - Trusthill Pharmacy<\/title>\n<meta name=\"description\" content=\"Nitrazepam (Mogadon or Insom) is a\u00a0benzodiazepine\u00a0medication primarily used as a\u00a0hypnotic\u00a0(sleep aid) for short-term treatment of severe insomnia in adults.\" \/>\n<meta name=\"robots\" content=\"index, follow, max-snippet:-1, max-image-preview:large, max-video-preview:-1\" \/>\n<link rel=\"canonical\" href=\"https:\/\/trusthillpharmacy.de\/es\/shop\/nitrazepam-5mg\/\" \/>\n<meta property=\"og:locale\" content=\"es_ES\" \/>\n<meta property=\"og:type\" content=\"article\" \/>\n<meta property=\"og:title\" content=\"Nitrazepam 5mg\" \/>\n<meta property=\"og:description\" content=\"Nitrazepam (Mogadon or Insom) is a\u00a0benzodiazepine\u00a0medication primarily used as a\u00a0hypnotic\u00a0(sleep aid) for short-term treatment of severe insomnia in adults.\" \/>\n<meta property=\"og:url\" content=\"https:\/\/trusthillpharmacy.de\/es\/shop\/nitrazepam-5mg\/\" \/>\n<meta property=\"og:site_name\" content=\"Trusthill Pharmacy\" \/>\n<meta property=\"article:modified_time\" content=\"2026-04-22T09:42:24+00:00\" \/>\n<meta property=\"og:image\" content=\"https:\/\/trusthillpharmacy.de\/wp-content\/uploads\/2026\/04\/photo_5134394551106735228_x.jpg\" \/>\n\t<meta property=\"og:image:width\" content=\"640\" \/>\n\t<meta property=\"og:image:height\" content=\"447\" \/>\n\t<meta property=\"og:image:type\" content=\"image\/jpeg\" \/>\n<meta name=\"twitter:card\" content=\"summary_large_image\" \/>\n<meta name=\"twitter:label1\" content=\"Est. reading time\" \/>\n\t<meta name=\"twitter:data1\" content=\"2 minutes\" \/>\n<script type=\"application\/ld+json\" class=\"yoast-schema-graph\">{\"@context\":\"https:\\\/\\\/schema.org\",\"@graph\":[{\"@type\":\"WebPage\",\"@id\":\"https:\\\/\\\/trusthillpharmacy.de\\\/shop\\\/nitrazepam-5mg\\\/\",\"url\":\"https:\\\/\\\/trusthillpharmacy.de\\\/shop\\\/nitrazepam-5mg\\\/\",\"name\":\"Nitrazepam 5mg - Trusthill Pharmacy\",\"isPartOf\":{\"@id\":\"https:\\\/\\\/trusthillpharmacy.de\\\/#website\"},\"primaryImageOfPage\":{\"@id\":\"https:\\\/\\\/trusthillpharmacy.de\\\/shop\\\/nitrazepam-5mg\\\/#primaryimage\"},\"image\":{\"@id\":\"https:\\\/\\\/trusthillpharmacy.de\\\/shop\\\/nitrazepam-5mg\\\/#primaryimage\"},\"thumbnailUrl\":\"https:\\\/\\\/trusthillpharmacy.de\\\/wp-content\\\/uploads\\\/2026\\\/04\\\/photo_5134394551106735228_x.jpg\",\"datePublished\":\"2026-04-21T13:15:46+00:00\",\"dateModified\":\"2026-04-22T09:42:24+00:00\",\"description\":\"Nitrazepam (Mogadon or Insom) is a\u00a0benzodiazepine\u00a0medication primarily used as a\u00a0hypnotic\u00a0(sleep aid) for short-term treatment of severe insomnia in adults.\",\"breadcrumb\":{\"@id\":\"https:\\\/\\\/trusthillpharmacy.de\\\/shop\\\/nitrazepam-5mg\\\/#breadcrumb\"},\"inLanguage\":\"es-ES\",\"potentialAction\":[{\"@type\":\"ReadAction\",\"target\":[\"https:\\\/\\\/trusthillpharmacy.de\\\/shop\\\/nitrazepam-5mg\\\/\"]}]},{\"@type\":\"ImageObject\",\"inLanguage\":\"es-ES\",\"@id\":\"https:\\\/\\\/trusthillpharmacy.de\\\/shop\\\/nitrazepam-5mg\\\/#primaryimage\",\"url\":\"https:\\\/\\\/trusthillpharmacy.de\\\/wp-content\\\/uploads\\\/2026\\\/04\\\/photo_5134394551106735228_x.jpg\",\"contentUrl\":\"https:\\\/\\\/trusthillpharmacy.de\\\/wp-content\\\/uploads\\\/2026\\\/04\\\/photo_5134394551106735228_x.jpg\",\"width\":640,\"height\":447,\"caption\":\"Nitrazepam 5mg\"},{\"@type\":\"BreadcrumbList\",\"@id\":\"https:\\\/\\\/trusthillpharmacy.de\\\/shop\\\/nitrazepam-5mg\\\/#breadcrumb\",\"itemListElement\":[{\"@type\":\"ListItem\",\"position\":1,\"name\":\"Home\",\"item\":\"https:\\\/\\\/trusthillpharmacy.de\\\/\"},{\"@type\":\"ListItem\",\"position\":2,\"name\":\"Shop\",\"item\":\"https:\\\/\\\/trusthillpharmacy.de\\\/shop\\\/\"},{\"@type\":\"ListItem\",\"position\":3,\"name\":\"Nitrazepam 5mg\"}]},{\"@type\":\"WebSite\",\"@id\":\"https:\\\/\\\/trusthillpharmacy.de\\\/#website\",\"url\":\"https:\\\/\\\/trusthillpharmacy.de\\\/\",\"name\":\"Trusthill Pharmacy\",\"description\":\"\",\"publisher\":{\"@id\":\"https:\\\/\\\/trusthillpharmacy.de\\\/#organization\"},\"potentialAction\":[{\"@type\":\"SearchAction\",\"target\":{\"@type\":\"EntryPoint\",\"urlTemplate\":\"https:\\\/\\\/trusthillpharmacy.de\\\/?s={search_term_string}\"},\"query-input\":{\"@type\":\"PropertyValueSpecification\",\"valueRequired\":true,\"valueName\":\"search_term_string\"}}],\"inLanguage\":\"es-ES\"},{\"@type\":\"Organization\",\"@id\":\"https:\\\/\\\/trusthillpharmacy.de\\\/#organization\",\"name\":\"Trusthill Pharmacy\",\"url\":\"https:\\\/\\\/trusthillpharmacy.de\\\/\",\"logo\":{\"@type\":\"ImageObject\",\"inLanguage\":\"es-ES\",\"@id\":\"https:\\\/\\\/trusthillpharmacy.de\\\/#\\\/schema\\\/logo\\\/image\\\/\",\"url\":\"https:\\\/\\\/trusthillpharmacy.de\\\/wp-content\\\/uploads\\\/2025\\\/12\\\/trusthill-pharmacy-site-icon-1.png\",\"contentUrl\":\"https:\\\/\\\/trusthillpharmacy.de\\\/wp-content\\\/uploads\\\/2025\\\/12\\\/trusthill-pharmacy-site-icon-1.png\",\"width\":512,\"height\":512,\"caption\":\"Trusthill Pharmacy\"},\"image\":{\"@id\":\"https:\\\/\\\/trusthillpharmacy.de\\\/#\\\/schema\\\/logo\\\/image\\\/\"}}]}<\/script>\n<!-- \/ Yoast SEO Premium plugin. -->","yoast_head_json":{"title":"Nitrazepam 5mg Farmacia Trusthill","description":"Nitrazepam (Mogadon o Insom) es una benzodiazepina medicamentos utilizados principalmente como un hipn\u00f3tico (sleep aid) para el tratamiento a corto plazo del insomnio grave en los adultos.","robots":{"index":"index","follow":"follow","max-snippet":"max-snippet:-1","max-image-preview":"max-image-preview:large","max-video-preview":"max-video-preview:-1"},"canonical":"https:\/\/trusthillpharmacy.de\/es\/shop\/nitrazepam-5mg\/","og_locale":"es_ES","og_type":"article","og_title":"Nitrazepam 5mg","og_description":"Nitrazepam (Mogadon or Insom) is a\u00a0benzodiazepine\u00a0medication primarily used as a\u00a0hypnotic\u00a0(sleep aid) for short-term treatment of severe insomnia in adults.","og_url":"https:\/\/trusthillpharmacy.de\/es\/shop\/nitrazepam-5mg\/","og_site_name":"Trusthill Pharmacy","article_modified_time":"2026-04-22T09:42:24+00:00","og_image":[{"width":640,"height":447,"url":"https:\/\/trusthillpharmacy.de\/wp-content\/uploads\/2026\/04\/photo_5134394551106735228_x.jpg","type":"image\/jpeg"}],"twitter_card":"summary_large_image","twitter_misc":{"Est. reading time":"2 minutes"},"schema":{"@context":"https:\/\/schema.org","@graph":[{"@type":"WebPage","@id":"https:\/\/trusthillpharmacy.de\/shop\/nitrazepam-5mg\/","url":"https:\/\/trusthillpharmacy.de\/shop\/nitrazepam-5mg\/","name":"Nitrazepam 5mg Farmacia Trusthill","isPartOf":{"@id":"https:\/\/trusthillpharmacy.de\/#website"},"primaryImageOfPage":{"@id":"https:\/\/trusthillpharmacy.de\/shop\/nitrazepam-5mg\/#primaryimage"},"image":{"@id":"https:\/\/trusthillpharmacy.de\/shop\/nitrazepam-5mg\/#primaryimage"},"thumbnailUrl":"https:\/\/trusthillpharmacy.de\/wp-content\/uploads\/2026\/04\/photo_5134394551106735228_x.jpg","datePublished":"2026-04-21T13:15:46+00:00","dateModified":"2026-04-22T09:42:24+00:00","description":"Nitrazepam (Mogadon o Insom) es una benzodiazepina medicamentos utilizados principalmente como un hipn\u00f3tico (sleep aid) para el tratamiento a corto plazo del insomnio grave en los adultos.","breadcrumb":{"@id":"https:\/\/trusthillpharmacy.de\/shop\/nitrazepam-5mg\/#breadcrumb"},"inLanguage":"es-ES","potentialAction":[{"@type":"ReadAction","target":["https:\/\/trusthillpharmacy.de\/shop\/nitrazepam-5mg\/"]}]},{"@type":"ImageObject","inLanguage":"es-ES","@id":"https:\/\/trusthillpharmacy.de\/shop\/nitrazepam-5mg\/#primaryimage","url":"https:\/\/trusthillpharmacy.de\/wp-content\/uploads\/2026\/04\/photo_5134394551106735228_x.jpg","contentUrl":"https:\/\/trusthillpharmacy.de\/wp-content\/uploads\/2026\/04\/photo_5134394551106735228_x.jpg","width":640,"height":447,"caption":"Nitrazepam 5mg"},{"@type":"BreadcrumbList","@id":"https:\/\/trusthillpharmacy.de\/shop\/nitrazepam-5mg\/#breadcrumb","itemListElement":[{"@type":"ListItem","position":1,"name":"Home","item":"https:\/\/trusthillpharmacy.de\/"},{"@type":"ListItem","position":2,"name":"Shop","item":"https:\/\/trusthillpharmacy.de\/shop\/"},{"@type":"ListItem","position":3,"name":"Nitrazepam 5mg"}]},{"@type":"WebSite","@id":"https:\/\/trusthillpharmacy.de\/#website","url":"https:\/\/trusthillpharmacy.de\/","name":"Trusthill Farmacia","description":"","publisher":{"@id":"https:\/\/trusthillpharmacy.de\/#organization"},"potentialAction":[{"@type":"SearchAction","target":{"@type":"EntryPoint","urlTemplate":"https:\/\/trusthillpharmacy.de\/?s={search_term_string}"},"query-input":{"@type":"PropertyValueSpecification","valueRequired":true,"valueName":"search_term_string"}}],"inLanguage":"es-ES"},{"@type":"Organization","@id":"https:\/\/trusthillpharmacy.de\/#organization","name":"Trusthill Farmacia","url":"https:\/\/trusthillpharmacy.de\/","logo":{"@type":"ImageObject","inLanguage":"es-ES","@id":"https:\/\/trusthillpharmacy.de\/#\/schema\/logo\/image\/","url":"https:\/\/trusthillpharmacy.de\/wp-content\/uploads\/2025\/12\/trusthill-pharmacy-site-icon-1.png","contentUrl":"https:\/\/trusthillpharmacy.de\/wp-content\/uploads\/2025\/12\/trusthill-pharmacy-site-icon-1.png","width":512,"height":512,"caption":"Trusthill Pharmacy"},"image":{"@id":"https:\/\/trusthillpharmacy.de\/#\/schema\/logo\/image\/"}}]}},"jetpack_sharing_enabled":true,"_links":{"self":[{"href":"https:\/\/trusthillpharmacy.de\/es\/wp-json\/wp\/v2\/product\/7952","targetHints":{"allow":["GET"]}}],"collection":[{"href":"https:\/\/trusthillpharmacy.de\/es\/wp-json\/wp\/v2\/product"}],"about":[{"href":"https:\/\/trusthillpharmacy.de\/es\/wp-json\/wp\/v2\/types\/product"}],"version-history":[{"count":3,"href":"https:\/\/trusthillpharmacy.de\/es\/wp-json\/wp\/v2\/product\/7952\/revisions"}],"predecessor-version":[{"id":8010,"href":"https:\/\/trusthillpharmacy.de\/es\/wp-json\/wp\/v2\/product\/7952\/revisions\/8010"}],"wp:featuredmedia":[{"embeddable":true,"href":"https:\/\/trusthillpharmacy.de\/es\/wp-json\/wp\/v2\/media\/7963"}],"wp:attachment":[{"href":"https:\/\/trusthillpharmacy.de\/es\/wp-json\/wp\/v2\/media?parent=7952"}],"wp:term":[{"taxonomy":"product_brand","embeddable":true,"href":"https:\/\/trusthillpharmacy.de\/es\/wp-json\/wp\/v2\/product_brand?post=7952"},{"taxonomy":"product_cat","embeddable":true,"href":"https:\/\/trusthillpharmacy.de\/es\/wp-json\/wp\/v2\/product_cat?post=7952"},{"taxonomy":"product_tag","embeddable":true,"href":"https:\/\/trusthillpharmacy.de\/es\/wp-json\/wp\/v2\/product_tag?post=7952"}],"curies":[{"name":"wp","href":"https:\/\/api.w.org\/{rel}","templated":true}]}}