{"id":7981,"date":"2026-04-21T14:30:10","date_gmt":"2026-04-21T14:30:10","guid":{"rendered":"https:\/\/trusthillpharmacy.de\/?post_type=product&#038;p=7981"},"modified":"2026-04-23T23:53:03","modified_gmt":"2026-04-23T23:53:03","slug":"amfexa","status":"publish","type":"product","link":"https:\/\/trusthillpharmacy.de\/es\/shop\/amfexa\/","title":{"rendered":"Amfexa"},"content":{"rendered":"<h1><a href=\"http:\/\/google.com\">Amfexa<\/a><\/h1>\n<div class=\"prose break-words dark:prose-invert prose-p:leading-relaxed prose-pre:p-0 fix-max-with-100 prose-p:!mt-0\">\n<p class=\"mb-2 last:mb-0\"><a href=\"https:\/\/trusthillpharmacy.de\/es\/\"><strong>Amfexa<\/strong><\/a>\u00a0es un nombre de marca para\u00a0<strong>dimesilato de lisdexanfetamina<\/strong>, un medicamento recetado que se usa principalmente para tratar\u00a0<strong>D\u00e9ficit de atenci\u00f3n e Hiperactividad (TDAH)<\/strong>\u00a0en ni\u00f1os (de 6 a\u00f1os o m\u00e1s), adolescentes y adultos. Tambi\u00e9n est\u00e1 aprobado en algunas regiones para\u00a0<strong>el trastorno de atracones compulsivos (CAMA)<\/strong>.<\/p>\n<h3>Datos clave<\/h3>\n<ul>\n<li><strong>Clase de f\u00e1rmaco<\/strong>: Estimulante del sistema nervioso central (SNC); un prof\u00e1rmaco de la dextroanfetamina (inactivo hasta que se metaboliza en el cuerpo).<\/li>\n<li><strong>C\u00f3mo Funciona<\/strong>Aumenta los niveles de dopamina y norepinefrina en el cerebro, mejorando la concentraci\u00f3n, la atenci\u00f3n y el control de los impulsos.<\/li>\n<li><strong>Equivalentes de marca<\/strong>: Conocido como\u00a0<strong>Vyvanse<\/strong>\u00a0En EE. UU., Canad\u00e1 y otros pa\u00edses, Amfexa es la marca comercial de Takeda para la UE\/Reino Unido.<\/li>\n<\/ul>\n<\/div>\n<div class=\"overflow-x-auto my-4\">\n<table class=\"markdown-table\">\n<thead>\n<tr>\n<th>Aspecto<\/th>\n<th>Detalles<\/th>\n<\/tr>\n<\/thead>\n<tbody>\n<tr>\n<td>Formas farmac\u00e9uticas<\/td>\n<td>C\u00e1psulas: 20 mg, 30 mg, 40 mg, 50 mg, 60 mg, 70 mg (se pueden abrir y mezclar con agua, yogur o zumo de naranja).<\/td>\n<\/tr>\n<tr>\n<td>Dosificaci\u00f3n t\u00edpica<\/td>\n<td>Se inicia con 30 mg una vez al d\u00eda por la ma\u00f1ana; dosis m\u00e1xima de 70 mg al d\u00eda. La dosis debe ajustarse seg\u00fan las indicaciones del m\u00e9dico.<\/td>\n<\/tr>\n<tr>\n<td>Duraci\u00f3n<\/td>\n<td>De acci\u00f3n prolongada (hasta 14 horas).<\/td>\n<\/tr>\n<tr>\n<td>Los Efectos Secundarios Comunes<\/td>\n<td>Disminuci\u00f3n del apetito, insomnio, sequedad bucal, ansiedad, aumento del ritmo card\u00edaco, p\u00e9rdida de peso.<\/td>\n<\/tr>\n<tr>\n<td>Riesgos graves<\/td>\n<td>Potencial de abuso\/dependencia (sustancia controlada de la Lista II), problemas cardiovasculares, psicosis, retraso del crecimiento en ni\u00f1os. No apto para personas con cardiopat\u00edas, glaucoma o antecedentes de abuso de sustancias.<\/td>\n<\/tr>\n<tr>\n<td>Disponibilidad<\/td>\n<td>Requiere receta m\u00e9dica; su uso indebido est\u00e1 sujeto a supervisi\u00f3n.<\/td>\n<\/tr>\n<\/tbody>\n<\/table>\n<\/div>\n<div class=\"prose break-words dark:prose-invert prose-p:leading-relaxed prose-pre:p-0 fix-max-with-100 prose-p:!mt-0\">\n<p class=\"mb-2 last:mb-0\"><strong>Evidencia y fuentes<\/strong>: Aprobado por la EMA (UE) en 2012 para el TDAH; FDA (como Vyvanse) en 2007. Ensayos cl\u00ednicos (por ejemplo, Biederman et al., 2007 en\u00a0<em>J Am Acad Child Adolesc Psychiatry<\/em>) muestran una tasa de respuesta del 60-70% en TDAH en comparaci\u00f3n con placebo. Informaci\u00f3n completa de prescripci\u00f3n:\u00a0<a>Resumen de Amfexa de la EMA<\/a>\u00a0o\u00a0<a>Etiqueta de Vyvanse de la FDA<\/a>.<\/p>\n<p class=\"mb-2 last:mb-0\"><strong>Advertencia<\/strong>: Esta es informaci\u00f3n general\u2014<strong>consulta a un m\u00e9dico<\/strong>\u00a0Se trata de una recomendaci\u00f3n personal, ya que es una sustancia controlada con riesgos. No es asesoramiento m\u00e9dico. Si desea consultar sobre su uso personal, consulte a un profesional de la salud.<\/p>\n<\/div>","protected":false},"excerpt":{"rendered":"<p>Amfexa Amfexa\u00a0is a brand name for\u00a0lisdexamfetamine dimesylate, a prescription medication primarily used to treat\u00a0Attention Deficit Hyperactivity Disorder (ADHD)\u00a0in children (aged 6+), adolescents, and adults. It&#8217;s also approved in some regions for\u00a0binge eating disorder (BED). Key Facts Drug Class: Central nervous system (CNS) stimulant; a prodrug of dextroamphetamine (inactive until metabolized in the body). How It &hellip; <a href=\"https:\/\/trusthillpharmacy.de\/es\/shop\/amfexa\/\" class=\"more-link\">Continue reading <span class=\"screen-reader-text\">Amfexa<\/span><\/a><\/p>","protected":false},"featured_media":7982,"template":"","meta":[],"product_brand":[],"product_cat":[15],"product_tag":[233],"class_list":{"0":"post-7981","1":"product","2":"type-product","3":"status-publish","4":"has-post-thumbnail","6":"product_cat-uncategorized","7":"product_tag-amfexa","10":"instock","11":"shipping-taxable","12":"purchasable","13":"product-type-variable"},"yoast_head":"<!-- This site is optimized with the Yoast SEO Premium plugin v26.5 (Yoast SEO v27.4) - https:\/\/yoast.com\/product\/yoast-seo-premium-wordpress\/ -->\n<title>Amfexa - Trusthill Pharmacy<\/title>\n<meta name=\"description\" content=\"Amfexa, brand name for\u00a0lisdexamfetamine dimesylate, a prescription medication primarily used to treat\u00a0Attention Deficit Hyperactivity Disorder\u00a0in children\" \/>\n<meta name=\"robots\" content=\"index, follow, max-snippet:-1, max-image-preview:large, max-video-preview:-1\" \/>\n<link rel=\"canonical\" href=\"https:\/\/trusthillpharmacy.de\/es\/shop\/amfexa\/\" \/>\n<meta property=\"og:locale\" content=\"es_ES\" \/>\n<meta property=\"og:type\" content=\"article\" \/>\n<meta property=\"og:title\" content=\"Amfexa\" \/>\n<meta property=\"og:description\" content=\"Amfexa, brand name for\u00a0lisdexamfetamine dimesylate, a prescription medication primarily used to treat\u00a0Attention Deficit Hyperactivity Disorder\u00a0in children\" \/>\n<meta property=\"og:url\" content=\"https:\/\/trusthillpharmacy.de\/es\/shop\/amfexa\/\" \/>\n<meta property=\"og:site_name\" content=\"Trusthill Pharmacy\" \/>\n<meta property=\"article:modified_time\" content=\"2026-04-23T23:53:03+00:00\" \/>\n<meta property=\"og:image\" content=\"https:\/\/trusthillpharmacy.de\/wp-content\/uploads\/2026\/04\/photo_5134394551106735236_x.jpg\" \/>\n\t<meta property=\"og:image:width\" content=\"768\" \/>\n\t<meta property=\"og:image:height\" content=\"768\" \/>\n\t<meta property=\"og:image:type\" content=\"image\/jpeg\" \/>\n<meta name=\"twitter:card\" content=\"summary_large_image\" \/>\n<meta name=\"twitter:label1\" content=\"Est. reading time\" \/>\n\t<meta name=\"twitter:data1\" content=\"2 minutes\" \/>\n<script type=\"application\/ld+json\" class=\"yoast-schema-graph\">{\"@context\":\"https:\\\/\\\/schema.org\",\"@graph\":[{\"@type\":\"WebPage\",\"@id\":\"https:\\\/\\\/trusthillpharmacy.de\\\/shop\\\/amfexa\\\/\",\"url\":\"https:\\\/\\\/trusthillpharmacy.de\\\/shop\\\/amfexa\\\/\",\"name\":\"Amfexa - Trusthill Pharmacy\",\"isPartOf\":{\"@id\":\"https:\\\/\\\/trusthillpharmacy.de\\\/#website\"},\"primaryImageOfPage\":{\"@id\":\"https:\\\/\\\/trusthillpharmacy.de\\\/shop\\\/amfexa\\\/#primaryimage\"},\"image\":{\"@id\":\"https:\\\/\\\/trusthillpharmacy.de\\\/shop\\\/amfexa\\\/#primaryimage\"},\"thumbnailUrl\":\"https:\\\/\\\/trusthillpharmacy.de\\\/wp-content\\\/uploads\\\/2026\\\/04\\\/photo_5134394551106735236_x.jpg\",\"datePublished\":\"2026-04-21T14:30:10+00:00\",\"dateModified\":\"2026-04-23T23:53:03+00:00\",\"description\":\"Amfexa, brand name for\u00a0lisdexamfetamine dimesylate, a prescription medication primarily used to treat\u00a0Attention Deficit Hyperactivity Disorder\u00a0in children\",\"breadcrumb\":{\"@id\":\"https:\\\/\\\/trusthillpharmacy.de\\\/shop\\\/amfexa\\\/#breadcrumb\"},\"inLanguage\":\"es-ES\",\"potentialAction\":[{\"@type\":\"ReadAction\",\"target\":[\"https:\\\/\\\/trusthillpharmacy.de\\\/shop\\\/amfexa\\\/\"]}]},{\"@type\":\"ImageObject\",\"inLanguage\":\"es-ES\",\"@id\":\"https:\\\/\\\/trusthillpharmacy.de\\\/shop\\\/amfexa\\\/#primaryimage\",\"url\":\"https:\\\/\\\/trusthillpharmacy.de\\\/wp-content\\\/uploads\\\/2026\\\/04\\\/photo_5134394551106735236_x.jpg\",\"contentUrl\":\"https:\\\/\\\/trusthillpharmacy.de\\\/wp-content\\\/uploads\\\/2026\\\/04\\\/photo_5134394551106735236_x.jpg\",\"width\":768,\"height\":768,\"caption\":\"Amfexa\"},{\"@type\":\"BreadcrumbList\",\"@id\":\"https:\\\/\\\/trusthillpharmacy.de\\\/shop\\\/amfexa\\\/#breadcrumb\",\"itemListElement\":[{\"@type\":\"ListItem\",\"position\":1,\"name\":\"Home\",\"item\":\"https:\\\/\\\/trusthillpharmacy.de\\\/\"},{\"@type\":\"ListItem\",\"position\":2,\"name\":\"Shop\",\"item\":\"https:\\\/\\\/trusthillpharmacy.de\\\/shop\\\/\"},{\"@type\":\"ListItem\",\"position\":3,\"name\":\"Amfexa\"}]},{\"@type\":\"WebSite\",\"@id\":\"https:\\\/\\\/trusthillpharmacy.de\\\/#website\",\"url\":\"https:\\\/\\\/trusthillpharmacy.de\\\/\",\"name\":\"Trusthill Pharmacy\",\"description\":\"\",\"publisher\":{\"@id\":\"https:\\\/\\\/trusthillpharmacy.de\\\/#organization\"},\"potentialAction\":[{\"@type\":\"SearchAction\",\"target\":{\"@type\":\"EntryPoint\",\"urlTemplate\":\"https:\\\/\\\/trusthillpharmacy.de\\\/?s={search_term_string}\"},\"query-input\":{\"@type\":\"PropertyValueSpecification\",\"valueRequired\":true,\"valueName\":\"search_term_string\"}}],\"inLanguage\":\"es-ES\"},{\"@type\":\"Organization\",\"@id\":\"https:\\\/\\\/trusthillpharmacy.de\\\/#organization\",\"name\":\"Trusthill Pharmacy\",\"url\":\"https:\\\/\\\/trusthillpharmacy.de\\\/\",\"logo\":{\"@type\":\"ImageObject\",\"inLanguage\":\"es-ES\",\"@id\":\"https:\\\/\\\/trusthillpharmacy.de\\\/#\\\/schema\\\/logo\\\/image\\\/\",\"url\":\"https:\\\/\\\/trusthillpharmacy.de\\\/wp-content\\\/uploads\\\/2025\\\/12\\\/trusthill-pharmacy-site-icon-1.png\",\"contentUrl\":\"https:\\\/\\\/trusthillpharmacy.de\\\/wp-content\\\/uploads\\\/2025\\\/12\\\/trusthill-pharmacy-site-icon-1.png\",\"width\":512,\"height\":512,\"caption\":\"Trusthill Pharmacy\"},\"image\":{\"@id\":\"https:\\\/\\\/trusthillpharmacy.de\\\/#\\\/schema\\\/logo\\\/image\\\/\"}}]}<\/script>\n<!-- \/ Yoast SEO Premium plugin. -->","yoast_head_json":{"title":"Amfexa - Farmacia Trusthill","description":"Amfexa, nombre comercial del dimesilato de lisdexanfetamina, es un medicamento recetado que se utiliza principalmente para tratar el trastorno por d\u00e9ficit de atenci\u00f3n con hiperactividad en ni\u00f1os.","robots":{"index":"index","follow":"follow","max-snippet":"max-snippet:-1","max-image-preview":"max-image-preview:large","max-video-preview":"max-video-preview:-1"},"canonical":"https:\/\/trusthillpharmacy.de\/es\/shop\/amfexa\/","og_locale":"es_ES","og_type":"article","og_title":"Amfexa","og_description":"Amfexa, brand name for\u00a0lisdexamfetamine dimesylate, a prescription medication primarily used to treat\u00a0Attention Deficit Hyperactivity Disorder\u00a0in children","og_url":"https:\/\/trusthillpharmacy.de\/es\/shop\/amfexa\/","og_site_name":"Trusthill Pharmacy","article_modified_time":"2026-04-23T23:53:03+00:00","og_image":[{"width":768,"height":768,"url":"https:\/\/trusthillpharmacy.de\/wp-content\/uploads\/2026\/04\/photo_5134394551106735236_x.jpg","type":"image\/jpeg"}],"twitter_card":"summary_large_image","twitter_misc":{"Est. reading time":"2 minutes"},"schema":{"@context":"https:\/\/schema.org","@graph":[{"@type":"WebPage","@id":"https:\/\/trusthillpharmacy.de\/shop\/amfexa\/","url":"https:\/\/trusthillpharmacy.de\/shop\/amfexa\/","name":"Amfexa - Farmacia Trusthill","isPartOf":{"@id":"https:\/\/trusthillpharmacy.de\/#website"},"primaryImageOfPage":{"@id":"https:\/\/trusthillpharmacy.de\/shop\/amfexa\/#primaryimage"},"image":{"@id":"https:\/\/trusthillpharmacy.de\/shop\/amfexa\/#primaryimage"},"thumbnailUrl":"https:\/\/trusthillpharmacy.de\/wp-content\/uploads\/2026\/04\/photo_5134394551106735236_x.jpg","datePublished":"2026-04-21T14:30:10+00:00","dateModified":"2026-04-23T23:53:03+00:00","description":"Amfexa, nombre comercial del dimesilato de lisdexanfetamina, es un medicamento recetado que se utiliza principalmente para tratar el trastorno por d\u00e9ficit de atenci\u00f3n con hiperactividad en ni\u00f1os.","breadcrumb":{"@id":"https:\/\/trusthillpharmacy.de\/shop\/amfexa\/#breadcrumb"},"inLanguage":"es-ES","potentialAction":[{"@type":"ReadAction","target":["https:\/\/trusthillpharmacy.de\/shop\/amfexa\/"]}]},{"@type":"ImageObject","inLanguage":"es-ES","@id":"https:\/\/trusthillpharmacy.de\/shop\/amfexa\/#primaryimage","url":"https:\/\/trusthillpharmacy.de\/wp-content\/uploads\/2026\/04\/photo_5134394551106735236_x.jpg","contentUrl":"https:\/\/trusthillpharmacy.de\/wp-content\/uploads\/2026\/04\/photo_5134394551106735236_x.jpg","width":768,"height":768,"caption":"Amfexa"},{"@type":"BreadcrumbList","@id":"https:\/\/trusthillpharmacy.de\/shop\/amfexa\/#breadcrumb","itemListElement":[{"@type":"ListItem","position":1,"name":"Home","item":"https:\/\/trusthillpharmacy.de\/"},{"@type":"ListItem","position":2,"name":"Shop","item":"https:\/\/trusthillpharmacy.de\/shop\/"},{"@type":"ListItem","position":3,"name":"Amfexa"}]},{"@type":"WebSite","@id":"https:\/\/trusthillpharmacy.de\/#website","url":"https:\/\/trusthillpharmacy.de\/","name":"Trusthill Farmacia","description":"","publisher":{"@id":"https:\/\/trusthillpharmacy.de\/#organization"},"potentialAction":[{"@type":"SearchAction","target":{"@type":"EntryPoint","urlTemplate":"https:\/\/trusthillpharmacy.de\/?s={search_term_string}"},"query-input":{"@type":"PropertyValueSpecification","valueRequired":true,"valueName":"search_term_string"}}],"inLanguage":"es-ES"},{"@type":"Organization","@id":"https:\/\/trusthillpharmacy.de\/#organization","name":"Trusthill Farmacia","url":"https:\/\/trusthillpharmacy.de\/","logo":{"@type":"ImageObject","inLanguage":"es-ES","@id":"https:\/\/trusthillpharmacy.de\/#\/schema\/logo\/image\/","url":"https:\/\/trusthillpharmacy.de\/wp-content\/uploads\/2025\/12\/trusthill-pharmacy-site-icon-1.png","contentUrl":"https:\/\/trusthillpharmacy.de\/wp-content\/uploads\/2025\/12\/trusthill-pharmacy-site-icon-1.png","width":512,"height":512,"caption":"Trusthill Pharmacy"},"image":{"@id":"https:\/\/trusthillpharmacy.de\/#\/schema\/logo\/image\/"}}]}},"jetpack_sharing_enabled":true,"_links":{"self":[{"href":"https:\/\/trusthillpharmacy.de\/es\/wp-json\/wp\/v2\/product\/7981","targetHints":{"allow":["GET"]}}],"collection":[{"href":"https:\/\/trusthillpharmacy.de\/es\/wp-json\/wp\/v2\/product"}],"about":[{"href":"https:\/\/trusthillpharmacy.de\/es\/wp-json\/wp\/v2\/types\/product"}],"version-history":[{"count":3,"href":"https:\/\/trusthillpharmacy.de\/es\/wp-json\/wp\/v2\/product\/7981\/revisions"}],"predecessor-version":[{"id":8061,"href":"https:\/\/trusthillpharmacy.de\/es\/wp-json\/wp\/v2\/product\/7981\/revisions\/8061"}],"wp:featuredmedia":[{"embeddable":true,"href":"https:\/\/trusthillpharmacy.de\/es\/wp-json\/wp\/v2\/media\/7982"}],"wp:attachment":[{"href":"https:\/\/trusthillpharmacy.de\/es\/wp-json\/wp\/v2\/media?parent=7981"}],"wp:term":[{"taxonomy":"product_brand","embeddable":true,"href":"https:\/\/trusthillpharmacy.de\/es\/wp-json\/wp\/v2\/product_brand?post=7981"},{"taxonomy":"product_cat","embeddable":true,"href":"https:\/\/trusthillpharmacy.de\/es\/wp-json\/wp\/v2\/product_cat?post=7981"},{"taxonomy":"product_tag","embeddable":true,"href":"https:\/\/trusthillpharmacy.de\/es\/wp-json\/wp\/v2\/product_tag?post=7981"}],"curies":[{"name":"wp","href":"https:\/\/api.w.org\/{rel}","templated":true}]}}