{"id":7685,"date":"2026-04-08T17:31:18","date_gmt":"2026-04-08T17:31:18","guid":{"rendered":"https:\/\/trusthillpharmacy.de\/?post_type=product&#038;p=7685"},"modified":"2026-04-15T23:05:19","modified_gmt":"2026-04-15T23:05:19","slug":"ritalin-10mg","status":"publish","type":"product","link":"https:\/\/trusthillpharmacy.de\/it\/shop\/ritalin-10mg\/","title":{"rendered":"Ritalin 10 mg"},"content":{"rendered":"<h1><a href=\"http:\/\/google.com\">Ritalin<\/a> 10mg<\/h1>\n<div class=\"relative mx-auto max-w-2xl px-0 md:px-4 w-full md:m-auto md:w-[90%]\">\n<div class=\"group relative flex items-start md:-ml-12 chat-message\" data-message-id=\"v5qsGV4\">\n<div class=\"ml-4 flex-1 space-y-2 overflow-hidden px-1\">\n<div class=\"relative\">\n<div class=\"transition-all duration-300 ease-in-out\">\n<div>\n<div>\n<div class=\"prose break-words dark:prose-invert prose-p:leading-relaxed prose-pre:p-0 fix-max-with-100 prose-p:!mt-0\">\n<p class=\"mb-2 last:mb-0\"><a href=\"https:\/\/trusthillpharmacy.de\/it\/\">Ritalin<\/a> \u00e8 una marca per\u00a0<strong>cloridrato di metilfenidato<\/strong>, uno stimolante del sistema nervoso centrale (SNC) utilizzato principalmente per il trattamento\u00a0<strong>Deficit di attenzione e Iperattivit\u00e0 (ADHD)<\/strong>\u00a0e\u00a0<strong>narcolessia<\/strong>Il dosaggio da 10 mg \u00e8 un dosaggio comune per le compresse a rilascio immediato, sia per adulti che per bambini (in genere dai 6 anni in su). Ecco un'analisi basata su fonti mediche come la FDA, la Mayo Clinic e le informazioni sulla prescrizione:<\/p>\n<h4>Principali Utilizzi<\/h4>\n<ul>\n<li><strong>ADHD<\/strong>Migliora la concentrazione, riduce l'impulsivit\u00e0 e controlla l'iperattivit\u00e0 aumentando i livelli di dopamina e noradrenalina nel cervello.<\/li>\n<li><strong>La narcolessia<\/strong>Aiuta a contrastare l'eccessiva sonnolenza diurna.<\/li>\n<li>Usi off-label (non approvati dalla FDA): Talvolta per la depressione resistente al trattamento o per il miglioramento delle funzioni cognitive, ma le prove a supporto sono limitate.<\/li>\n<\/ul>\n<h4>Linee guida sul dosaggio (dose iniziale\/standard tipica)<\/h4>\n<\/div>\n<div class=\"overflow-x-auto my-4\">\n<table class=\"markdown-table\">\n<thead>\n<tr>\n<th>Popolazione<\/th>\n<th>La Dose Di Partenza<\/th>\n<th>Dose massima giornaliera<\/th>\n<th>Note<\/th>\n<\/tr>\n<\/thead>\n<tbody>\n<tr>\n<td>Bambini (6-12 anni)<\/td>\n<td>5 mg due volte al giorno<\/td>\n<td>60 mg<\/td>\n<td>Aumentare di 5-10 mg a settimana<\/td>\n<\/tr>\n<tr>\n<td>Adolescenti (13-17 anni)<\/td>\n<td>10 mg una o due volte al giorno<\/td>\n<td>60 mg<\/td>\n<td>Regolare in base alla risposta<\/td>\n<\/tr>\n<tr>\n<td>adulti<\/td>\n<td>10-20 mg due volte al giorno<\/td>\n<td>60 mg<\/td>\n<td>Le formulazioni a rilascio prolungato (ad esempio, Concerta) possono sostituire pi\u00f9 dosi<\/td>\n<\/tr>\n<tr>\n<td>La narcolessia<\/td>\n<td>10 mg due volte al giorno<\/td>\n<td>60 mg<\/td>\n<td>Ridurre gradualmente la dose per evitare i sintomi da astinenza.<\/td>\n<\/tr>\n<\/tbody>\n<\/table>\n<\/div>\n<div class=\"prose break-words dark:prose-invert prose-p:leading-relaxed prose-pre:p-0 fix-max-with-100 prose-p:!mt-0\">\n<ul>\n<li>Da assumere 30-45 minuti prima dei pasti; l'effetto a rilascio immediato dura 3-4 ore.<\/li>\n<li>Fare\u00a0<strong>non<\/strong>\u00a0Schiacciare\/masticare; ingoiare intero.<\/li>\n<li>Prove: secondo l'etichetta FDA, l'efficacia \u00e8 dimostrata negli studi clinici (ad esempio, lo studio MTA per l'ADHD ha mostrato un tasso di risposta del 70-80% al dosaggio ottimale).<\/li>\n<\/ul>\n<h4>Effetti Collaterali<\/h4>\n<\/div>\n<div class=\"overflow-x-auto my-4\">\n<table class=\"markdown-table\">\n<thead>\n<tr>\n<th>Comune (10-30% degli utenti)<\/th>\n<th>Grave (richiedere immediatamente assistenza medica)<\/th>\n<th>Rischi a lungo termine<\/th>\n<\/tr>\n<\/thead>\n<tbody>\n<tr>\n<td>Insonnia, perdita di appetito, mal di testa, mal di stomaco, ansia<\/td>\n<td>Problemi cardiaci (ad esempio, palpitazioni, ipertensione), psicosi, convulsioni, priapismo<\/td>\n<td>Soppressione della crescita nei bambini (monitorare altezza\/peso), potenziale di dipendenza\/abuso (sostanza controllata di Tabella II), eventi cardiovascolari (ad esempio, rischio di ictus 1,8 volte superiore secondo meta-analisi in\u00a0<em>JAMA<\/em>).<\/td>\n<\/tr>\n<\/tbody>\n<\/table>\n<\/div>\n<div class=\"prose break-words dark:prose-invert prose-p:leading-relaxed prose-pre:p-0 fix-max-with-100 prose-p:!mt-0\">\n<ul>\n<li><strong>Sintomi di sovradosaggio<\/strong>Agitazione, allucinazioni, ipertermia, convulsioni: chiamare i servizi di emergenza (ad esempio, il 911 negli Stati Uniti).<\/li>\n<li>Interazioni: Evitare l'uso con MAO-inibitori, alcol o altri stimolanti; l'effetto \u00e8 potenziato dalla caffeina.<\/li>\n<\/ul>\n<h4>Avvertenze e aspetti legali<\/h4>\n<ul>\n<li><strong>Sostanza Controllata<\/strong>Elevato potenziale di abuso (sostanza classificata nella Tabella II della DEA). L'uso improprio pu\u00f2 portare a dipendenza, tolleranza o sintomi di \"crisi\".<\/li>\n<li><strong>Controindicazioni<\/strong>Glaucoma, ansia grave, tic\/sindrome di Tourette, infarto miocardico recente, ipertiroidismo.<\/li>\n<li><strong>Avviso di scatola nera<\/strong>Rischio di abuso, uso improprio e morte cardiaca improvvisa (specialmente in presenza di patologie cardiache).<\/li>\n<li>Gravidanza: Categoria C - utilizzare solo se i benefici superano i rischi.<\/li>\n<\/ul>\n<h4>Prove ed efficacia<\/h4>\n<ul>\n<li><strong>ADHD<\/strong>: Meta-analisi (ad esempio,\u00a0<em>The Lancet<\/em>\u00a02018) confermano il metilfenidato come trattamento di prima linea, con dimensioni dell'effetto comprese tra 0,8 e 1,0 (grandi).<\/li>\n<li><strong>Potenziamento cognitivo<\/strong>: Benefici limitati non correlati all'ADHD; studi (ad es.\u00a0<em>Psicofarmacologia<\/em>\u00a0Gli studi del 2015 mostrano lievi benefici negli adulti sani, ma con effetti collaterali.<\/li>\n<li>\u00c8 disponibile una versione generica; il costo si aggira tra i 10 e i 50 dollari al mese, inclusa l'assicurazione.<\/li>\n<\/ul>\n<p class=\"mb-2 last:mb-0\"><strong>Importante<\/strong>Queste sono informazioni generali provenienti da fonti come FDA.gov, Drugs.com e PubMed, non costituiscono un consiglio medico. Consultare un medico o un farmacista per un uso personalizzato, poich\u00e9 l'automedicazione \u00e8 pericolosa e illegale senza prescrizione medica. In caso di sintomi o necessit\u00e0 di assistenza, consultare un operatore sanitario. Qual \u00e8 la tua domanda specifica al riguardo?<\/p>\n<\/div>\n<\/div>\n<\/div>\n<\/div>\n<\/div>\n<div class=\"flex items-center justify-end gap-1 transition-opacity duration-100 opacity-0 group-hover:opacity-100 group-focus-within:opacity-100 md:absolute md:-right-10 md:-top-2\"><\/div>\n<\/div>\n<\/div>\n<\/div>\n<div class=\"relative mx-auto max-w-2xl px-4 w-full md:m-auto md:w-[90%]\">\n<div class=\"group relative mb-4 flex items-start md:-ml-12\">\n<div class=\"sm:ml-4 flex-1 space-y-2 overflow-hidden pr-1\">\n<div class=\"flex w-full items-center justify-between\">\n<div class=\"flex items-center space-x-1\"><\/div>\n<\/div>\n<\/div>\n<\/div>\n<\/div>","protected":false},"excerpt":{"rendered":"<p>Ritalin 10mg Ritalin is a brand name for\u00a0methylphenidate hydrochloride, a central nervous system (CNS) stimulant primarily used to treat\u00a0Attention Deficit Hyperactivity Disorder (ADHD)\u00a0and\u00a0narcolepsy. The 10mg dose is a common immediate-release tablet strength for adults and children (typically ages 6+). Here&#8217;s a factual breakdown based on medical sources like the FDA, Mayo Clinic, and prescribing information: &hellip; <a href=\"https:\/\/trusthillpharmacy.de\/it\/shop\/ritalin-10mg\/\" class=\"more-link\">Continue reading <span class=\"screen-reader-text\">Ritalin 10 mg<\/span><\/a><\/p>","protected":false},"featured_media":7686,"template":"","meta":[],"product_brand":[],"product_cat":[15],"product_tag":[204],"class_list":{"0":"post-7685","1":"product","2":"type-product","3":"status-publish","4":"has-post-thumbnail","6":"product_cat-uncategorized","7":"product_tag-ritalin-10mg","10":"instock","11":"shipping-taxable","12":"purchasable","13":"product-type-variable"},"yoast_head":"<!-- This site is optimized with the Yoast SEO Premium plugin v26.5 (Yoast SEO v27.4) - https:\/\/yoast.com\/product\/yoast-seo-premium-wordpress\/ -->\n<title>Ritalin 10mg - Trusthill Pharmacy<\/title>\n<meta name=\"description\" content=\"Ritalin 10mg is a brand name for\u00a0methylphenidate hydrochloride, a central nervous system (CNS) stimulant primarily used to treat (ADHD)\u00a0and\u00a0narcolepsy.\" \/>\n<meta name=\"robots\" content=\"index, follow, max-snippet:-1, max-image-preview:large, max-video-preview:-1\" \/>\n<link rel=\"canonical\" href=\"https:\/\/trusthillpharmacy.de\/it\/shop\/ritalin-10mg\/\" \/>\n<meta property=\"og:locale\" content=\"it_IT\" \/>\n<meta property=\"og:type\" content=\"article\" \/>\n<meta property=\"og:title\" content=\"Ritalin 10mg\" \/>\n<meta property=\"og:description\" content=\"Ritalin 10mg is a brand name for\u00a0methylphenidate hydrochloride, a central nervous system (CNS) stimulant primarily used to treat (ADHD)\u00a0and\u00a0narcolepsy.\" \/>\n<meta property=\"og:url\" content=\"https:\/\/trusthillpharmacy.de\/it\/shop\/ritalin-10mg\/\" \/>\n<meta property=\"og:site_name\" content=\"Trusthill Pharmacy\" \/>\n<meta property=\"article:modified_time\" content=\"2026-04-15T23:05:19+00:00\" \/>\n<meta property=\"og:image\" content=\"https:\/\/trusthillpharmacy.de\/wp-content\/uploads\/2026\/04\/photo_5096273778597104599_y.jpg\" \/>\n\t<meta property=\"og:image:width\" content=\"1280\" \/>\n\t<meta property=\"og:image:height\" content=\"1110\" \/>\n\t<meta property=\"og:image:type\" content=\"image\/jpeg\" \/>\n<meta name=\"twitter:card\" content=\"summary_large_image\" \/>\n<meta name=\"twitter:label1\" content=\"Tempo di lettura stimato\" \/>\n\t<meta name=\"twitter:data1\" content=\"2 minuti\" \/>\n<script type=\"application\/ld+json\" class=\"yoast-schema-graph\">{\"@context\":\"https:\\\/\\\/schema.org\",\"@graph\":[{\"@type\":\"WebPage\",\"@id\":\"https:\\\/\\\/trusthillpharmacy.de\\\/shop\\\/ritalin-10mg\\\/\",\"url\":\"https:\\\/\\\/trusthillpharmacy.de\\\/shop\\\/ritalin-10mg\\\/\",\"name\":\"Ritalin 10mg - Trusthill Pharmacy\",\"isPartOf\":{\"@id\":\"https:\\\/\\\/trusthillpharmacy.de\\\/#website\"},\"primaryImageOfPage\":{\"@id\":\"https:\\\/\\\/trusthillpharmacy.de\\\/shop\\\/ritalin-10mg\\\/#primaryimage\"},\"image\":{\"@id\":\"https:\\\/\\\/trusthillpharmacy.de\\\/shop\\\/ritalin-10mg\\\/#primaryimage\"},\"thumbnailUrl\":\"https:\\\/\\\/trusthillpharmacy.de\\\/wp-content\\\/uploads\\\/2026\\\/04\\\/photo_5096273778597104599_y.jpg\",\"datePublished\":\"2026-04-08T17:31:18+00:00\",\"dateModified\":\"2026-04-15T23:05:19+00:00\",\"description\":\"Ritalin 10mg is a brand name for\u00a0methylphenidate hydrochloride, a central nervous system (CNS) stimulant primarily used to treat (ADHD)\u00a0and\u00a0narcolepsy.\",\"breadcrumb\":{\"@id\":\"https:\\\/\\\/trusthillpharmacy.de\\\/shop\\\/ritalin-10mg\\\/#breadcrumb\"},\"inLanguage\":\"it-IT\",\"potentialAction\":[{\"@type\":\"ReadAction\",\"target\":[\"https:\\\/\\\/trusthillpharmacy.de\\\/shop\\\/ritalin-10mg\\\/\"]}]},{\"@type\":\"ImageObject\",\"inLanguage\":\"it-IT\",\"@id\":\"https:\\\/\\\/trusthillpharmacy.de\\\/shop\\\/ritalin-10mg\\\/#primaryimage\",\"url\":\"https:\\\/\\\/trusthillpharmacy.de\\\/wp-content\\\/uploads\\\/2026\\\/04\\\/photo_5096273778597104599_y.jpg\",\"contentUrl\":\"https:\\\/\\\/trusthillpharmacy.de\\\/wp-content\\\/uploads\\\/2026\\\/04\\\/photo_5096273778597104599_y.jpg\",\"width\":1280,\"height\":1110,\"caption\":\"Ritalin 10mg\"},{\"@type\":\"BreadcrumbList\",\"@id\":\"https:\\\/\\\/trusthillpharmacy.de\\\/shop\\\/ritalin-10mg\\\/#breadcrumb\",\"itemListElement\":[{\"@type\":\"ListItem\",\"position\":1,\"name\":\"Home\",\"item\":\"https:\\\/\\\/trusthillpharmacy.de\\\/\"},{\"@type\":\"ListItem\",\"position\":2,\"name\":\"Shop\",\"item\":\"https:\\\/\\\/trusthillpharmacy.de\\\/shop\\\/\"},{\"@type\":\"ListItem\",\"position\":3,\"name\":\"Ritalin 10mg\"}]},{\"@type\":\"WebSite\",\"@id\":\"https:\\\/\\\/trusthillpharmacy.de\\\/#website\",\"url\":\"https:\\\/\\\/trusthillpharmacy.de\\\/\",\"name\":\"Trusthill Pharmacy\",\"description\":\"\",\"publisher\":{\"@id\":\"https:\\\/\\\/trusthillpharmacy.de\\\/#organization\"},\"potentialAction\":[{\"@type\":\"SearchAction\",\"target\":{\"@type\":\"EntryPoint\",\"urlTemplate\":\"https:\\\/\\\/trusthillpharmacy.de\\\/?s={search_term_string}\"},\"query-input\":{\"@type\":\"PropertyValueSpecification\",\"valueRequired\":true,\"valueName\":\"search_term_string\"}}],\"inLanguage\":\"it-IT\"},{\"@type\":\"Organization\",\"@id\":\"https:\\\/\\\/trusthillpharmacy.de\\\/#organization\",\"name\":\"Trusthill Pharmacy\",\"url\":\"https:\\\/\\\/trusthillpharmacy.de\\\/\",\"logo\":{\"@type\":\"ImageObject\",\"inLanguage\":\"it-IT\",\"@id\":\"https:\\\/\\\/trusthillpharmacy.de\\\/#\\\/schema\\\/logo\\\/image\\\/\",\"url\":\"https:\\\/\\\/trusthillpharmacy.de\\\/wp-content\\\/uploads\\\/2025\\\/12\\\/trusthill-pharmacy-site-icon-1.png\",\"contentUrl\":\"https:\\\/\\\/trusthillpharmacy.de\\\/wp-content\\\/uploads\\\/2025\\\/12\\\/trusthill-pharmacy-site-icon-1.png\",\"width\":512,\"height\":512,\"caption\":\"Trusthill Pharmacy\"},\"image\":{\"@id\":\"https:\\\/\\\/trusthillpharmacy.de\\\/#\\\/schema\\\/logo\\\/image\\\/\"}}]}<\/script>\n<!-- \/ Yoast SEO Premium plugin. -->","yoast_head_json":{"title":"Ritalin 10 mg - Farmacia Trusthill","description":"Ritalin 10 mg \u00e8 il nome commerciale del metilfenidato cloridrato, uno stimolante del sistema nervoso centrale (SNC) utilizzato principalmente per il trattamento del disturbo da deficit di attenzione e iperattivit\u00e0 (ADHD) e della narcolessia.","robots":{"index":"index","follow":"follow","max-snippet":"max-snippet:-1","max-image-preview":"max-image-preview:large","max-video-preview":"max-video-preview:-1"},"canonical":"https:\/\/trusthillpharmacy.de\/it\/shop\/ritalin-10mg\/","og_locale":"it_IT","og_type":"article","og_title":"Ritalin 10mg","og_description":"Ritalin 10mg is a brand name for\u00a0methylphenidate hydrochloride, a central nervous system (CNS) stimulant primarily used to treat (ADHD)\u00a0and\u00a0narcolepsy.","og_url":"https:\/\/trusthillpharmacy.de\/it\/shop\/ritalin-10mg\/","og_site_name":"Trusthill Pharmacy","article_modified_time":"2026-04-15T23:05:19+00:00","og_image":[{"width":1280,"height":1110,"url":"https:\/\/trusthillpharmacy.de\/wp-content\/uploads\/2026\/04\/photo_5096273778597104599_y.jpg","type":"image\/jpeg"}],"twitter_card":"summary_large_image","twitter_misc":{"Tempo di lettura stimato":"2 minuti"},"schema":{"@context":"https:\/\/schema.org","@graph":[{"@type":"WebPage","@id":"https:\/\/trusthillpharmacy.de\/shop\/ritalin-10mg\/","url":"https:\/\/trusthillpharmacy.de\/shop\/ritalin-10mg\/","name":"Ritalin 10 mg - Farmacia Trusthill","isPartOf":{"@id":"https:\/\/trusthillpharmacy.de\/#website"},"primaryImageOfPage":{"@id":"https:\/\/trusthillpharmacy.de\/shop\/ritalin-10mg\/#primaryimage"},"image":{"@id":"https:\/\/trusthillpharmacy.de\/shop\/ritalin-10mg\/#primaryimage"},"thumbnailUrl":"https:\/\/trusthillpharmacy.de\/wp-content\/uploads\/2026\/04\/photo_5096273778597104599_y.jpg","datePublished":"2026-04-08T17:31:18+00:00","dateModified":"2026-04-15T23:05:19+00:00","description":"Ritalin 10 mg \u00e8 il nome commerciale del metilfenidato cloridrato, uno stimolante del sistema nervoso centrale (SNC) utilizzato principalmente per il trattamento del disturbo da deficit di attenzione e iperattivit\u00e0 (ADHD) e della narcolessia.","breadcrumb":{"@id":"https:\/\/trusthillpharmacy.de\/shop\/ritalin-10mg\/#breadcrumb"},"inLanguage":"it-IT","potentialAction":[{"@type":"ReadAction","target":["https:\/\/trusthillpharmacy.de\/shop\/ritalin-10mg\/"]}]},{"@type":"ImageObject","inLanguage":"it-IT","@id":"https:\/\/trusthillpharmacy.de\/shop\/ritalin-10mg\/#primaryimage","url":"https:\/\/trusthillpharmacy.de\/wp-content\/uploads\/2026\/04\/photo_5096273778597104599_y.jpg","contentUrl":"https:\/\/trusthillpharmacy.de\/wp-content\/uploads\/2026\/04\/photo_5096273778597104599_y.jpg","width":1280,"height":1110,"caption":"Ritalin 10mg"},{"@type":"BreadcrumbList","@id":"https:\/\/trusthillpharmacy.de\/shop\/ritalin-10mg\/#breadcrumb","itemListElement":[{"@type":"ListItem","position":1,"name":"Home","item":"https:\/\/trusthillpharmacy.de\/"},{"@type":"ListItem","position":2,"name":"Shop","item":"https:\/\/trusthillpharmacy.de\/shop\/"},{"@type":"ListItem","position":3,"name":"Ritalin 10mg"}]},{"@type":"WebSite","@id":"https:\/\/trusthillpharmacy.de\/#website","url":"https:\/\/trusthillpharmacy.de\/","name":"Trusthill Farmacia","description":"","publisher":{"@id":"https:\/\/trusthillpharmacy.de\/#organization"},"potentialAction":[{"@type":"SearchAction","target":{"@type":"EntryPoint","urlTemplate":"https:\/\/trusthillpharmacy.de\/?s={search_term_string}"},"query-input":{"@type":"PropertyValueSpecification","valueRequired":true,"valueName":"search_term_string"}}],"inLanguage":"it-IT"},{"@type":"Organization","@id":"https:\/\/trusthillpharmacy.de\/#organization","name":"Trusthill Farmacia","url":"https:\/\/trusthillpharmacy.de\/","logo":{"@type":"ImageObject","inLanguage":"it-IT","@id":"https:\/\/trusthillpharmacy.de\/#\/schema\/logo\/image\/","url":"https:\/\/trusthillpharmacy.de\/wp-content\/uploads\/2025\/12\/trusthill-pharmacy-site-icon-1.png","contentUrl":"https:\/\/trusthillpharmacy.de\/wp-content\/uploads\/2025\/12\/trusthill-pharmacy-site-icon-1.png","width":512,"height":512,"caption":"Trusthill Pharmacy"},"image":{"@id":"https:\/\/trusthillpharmacy.de\/#\/schema\/logo\/image\/"}}]}},"jetpack_sharing_enabled":true,"_links":{"self":[{"href":"https:\/\/trusthillpharmacy.de\/it\/wp-json\/wp\/v2\/product\/7685","targetHints":{"allow":["GET"]}}],"collection":[{"href":"https:\/\/trusthillpharmacy.de\/it\/wp-json\/wp\/v2\/product"}],"about":[{"href":"https:\/\/trusthillpharmacy.de\/it\/wp-json\/wp\/v2\/types\/product"}],"version-history":[{"count":3,"href":"https:\/\/trusthillpharmacy.de\/it\/wp-json\/wp\/v2\/product\/7685\/revisions"}],"predecessor-version":[{"id":7822,"href":"https:\/\/trusthillpharmacy.de\/it\/wp-json\/wp\/v2\/product\/7685\/revisions\/7822"}],"wp:featuredmedia":[{"embeddable":true,"href":"https:\/\/trusthillpharmacy.de\/it\/wp-json\/wp\/v2\/media\/7686"}],"wp:attachment":[{"href":"https:\/\/trusthillpharmacy.de\/it\/wp-json\/wp\/v2\/media?parent=7685"}],"wp:term":[{"taxonomy":"product_brand","embeddable":true,"href":"https:\/\/trusthillpharmacy.de\/it\/wp-json\/wp\/v2\/product_brand?post=7685"},{"taxonomy":"product_cat","embeddable":true,"href":"https:\/\/trusthillpharmacy.de\/it\/wp-json\/wp\/v2\/product_cat?post=7685"},{"taxonomy":"product_tag","embeddable":true,"href":"https:\/\/trusthillpharmacy.de\/it\/wp-json\/wp\/v2\/product_tag?post=7685"}],"curies":[{"name":"wp","href":"https:\/\/api.w.org\/{rel}","templated":true}]}}