{"id":7704,"date":"2026-04-08T22:49:00","date_gmt":"2026-04-08T22:49:00","guid":{"rendered":"https:\/\/trusthillpharmacy.de\/?post_type=product&#038;p=7704"},"modified":"2026-04-14T16:25:20","modified_gmt":"2026-04-14T16:25:20","slug":"dihydrocodeine-kopen","status":"publish","type":"product","link":"https:\/\/trusthillpharmacy.de\/nl\/shop\/dihydrocodeine-kopen\/","title":{"rendered":"Dihydrocode\u00efne kopen"},"content":{"rendered":"<h1><a href=\"http:\/\/google.com\">Dihydrocode\u00efne kopen<\/a><\/h1>\n<div class=\"relative mx-auto max-w-2xl px-0 md:px-4 w-full md:m-auto md:w-[90%]\">\n<div class=\"group relative flex items-start md:-ml-12 chat-message\" data-message-id=\"JH0Bw2C\">\n<div class=\"ml-4 flex-1 space-y-2 overflow-hidden px-1\">\n<div class=\"relative\">\n<div class=\"transition-all duration-300 ease-in-out\">\n<div>\n<div>\n<div class=\"prose break-words dark:prose-invert prose-p:leading-relaxed prose-pre:p-0 fix-max-with-100 prose-p:!mt-0\">\n<p class=\"mb-2 last:mb-0\">Kopen <a href=\"https:\/\/trusthillpharmacy.de\/nl\/\">Dihydrocode\u00efne<\/a> (DHC) is een <strong>semisynthetisch opio\u00efde pijnstillend middel<\/strong>\u00a0Het is afgeleid van code\u00efne. Het wordt voornamelijk gebruikt voor de verlichting van matige tot ernstige pijn en soms voor het onderdrukken van hoest. Chemisch gezien is het 4,5\u03b1-epoxy-3-methoxy-17-methylmorfinan-6\u03b1-ol, met de molecuulformule C\u2081\u2088H\u2082\u2083NO\u2083.<\/p>\n<h4>De belangrijkste Feiten en Toepassingen<\/h4>\n<\/div>\n<div class=\"overflow-x-auto my-4\">\n<table class=\"markdown-table\">\n<thead>\n<tr>\n<th>Aspect<\/th>\n<th>Details<\/th>\n<\/tr>\n<\/thead>\n<tbody>\n<tr>\n<td>Klas<\/td>\n<td>Opio\u00efde (narcotisch analgeticum); gereguleerde stof van categorie III in de VS (DEA), categorie B in het VK.<\/td>\n<\/tr>\n<tr>\n<td>Common Merk Namen<\/td>\n<td>DHC Continus, DF118 (VK); verkrijgbaar als tabletten, orale oplossing of injecties.<\/td>\n<\/tr>\n<tr>\n<td>Medische Toepassingen<\/td>\n<td>\n<ul>\n<li>Pain management (e.g., post-surgery, chronic pain).&lt;br&gt;- Cough suppressant in some formulations.&lt;br&gt;- Sometimes for opioid withdrawal (lower potency than morphine).<\/li>\n<\/ul>\n<\/td>\n<\/tr>\n<tr>\n<td>Dosering (volwassenen)<\/td>\n<td>Doorgaans 30-60 mg elke 4-6 uur (directe afgifte); maximaal 240 mg per dag. Vertraagde afgifte: 60-120 mg elke 12 uur. **Volg altijd medisch advies op \u2013 het risico op overdosering is hoog.<\/td>\n<\/tr>\n<tr>\n<td>Aanvang\/Duur<\/td>\n<td>Werking begint na 30-60 minuten (oraal). Maximale werking na 1-2 uur. Effectduur: 4-6 uur.<\/td>\n<\/tr>\n<\/tbody>\n<\/table>\n<\/div>\n<div class=\"prose break-words dark:prose-invert prose-p:leading-relaxed prose-pre:p-0 fix-max-with-100 prose-p:!mt-0\">\n<h4>Hoe Het Werkt<\/h4>\n<p class=\"mb-2 last:mb-0\">DHC bindt aan\u00a0<strong>mu-opio\u00efde receptoren<\/strong>\u00a0Het werkt in de hersenen en het ruggenmerg, waardoor de pijnperceptie wordt verminderd en de emotionele reactie op pijn verandert. Het is ongeveer tien keer zo krachtig als morfine, maar sterker dan code\u00efne (ongeveer twee keer zo krachtig). Het wordt in de lever gemetaboliseerd via het CYP2D6-enzym tot dihydromorfine (de actieve metaboliet), wat bijdraagt \u200b\u200baan de effecten ervan.<\/p>\n<p class=\"mb-2 last:mb-0\"><strong>Bewijs<\/strong>Klinische studies (bijvoorbeeld Cochrane-reviews over opio\u00efden voor chronische pijn) tonen een vergelijkbare werkzaamheid als tramadol of code\u00efne bij matige pijn, met een NNT (number needed to treat for one patient to benefit) van ongeveer 4-12, afhankelijk van de dosis en de aandoening.<\/p>\n<h4>Bijwerkingen en Risico ' s<\/h4>\n<ul>\n<li><strong>Common<\/strong>: Slaperigheid, misselijkheid, constipatie, duizeligheid, jeuk.<\/li>\n<li><strong>Ernstig<\/strong>: Ademhalingsdepressie (levensbedreigend risico op overdosis), verslaving, tolerantie.<\/li>\n<li><strong>Tekenen van een overdosis<\/strong>Symptomen: trage ademhaling, vernauwde pupillen, coma. Naloxon kan dit omkeren.<\/li>\n<li><strong>Interacties<\/strong>Gevaarlijk in combinatie met alcohol, benzodiazepinen en andere opio\u00efden (risico op ademhalingsfalen). Vermijd gebruik bij astma, hoofdletsel of ernstige leverproblemen.<\/li>\n<\/ul>\n<p class=\"mb-2 last:mb-0\"><strong>Verslavingspotentieel<\/strong>Hoog risico \u2013 geclassificeerd als een middel met een vergelijkbaar verslavingspotentieel als code\u00efne. Langdurig gebruik leidt tot afhankelijkheid; ontwenningsverschijnselen zijn onder andere angst, slapeloosheid en zweten.<\/p>\n<h4>Juridische Status<\/h4>\n<ul>\n<li><strong>ONS<\/strong>: Uitsluitend op recept verkrijgbaar (CIII); niet goedgekeurd door de FDA voor de behandeling van hoest, maar wel off-label gebruikt.<\/li>\n<li><strong>VK\/EU<\/strong>: Alleen op recept verkrijgbaar; zonder recept verkrijgbaar in combinatiepreparaten met een lage dosering (bijvoorbeeld met paracetamol als co-dydramol).<\/li>\n<li><strong>Global<\/strong>: Gecontroleerd onder het VN-Verdrag inzake verdovende middelen.<\/li>\n<\/ul>\n<h4>Leuk weetje \/ Vergelijking<\/h4>\n<\/div>\n<div class=\"overflow-x-auto my-4\">\n<table class=\"markdown-table\">\n<thead>\n<tr>\n<th>Medicijn<\/th>\n<th>Relatieve potentie (ten opzichte van morfine)<\/th>\n<th>Hoest Onderdrukken<\/th>\n<\/tr>\n<\/thead>\n<tbody>\n<tr>\n<td>Dihydrocode\u00efne<\/td>\n<td>0.1<\/td>\n<td>Matig<\/td>\n<\/tr>\n<tr>\n<td>Code\u00efne<\/td>\n<td>0.1<\/td>\n<td>Sterk<\/td>\n<\/tr>\n<tr>\n<td>Morfine<\/td>\n<td>1.0<\/td>\n<td>Zwak<\/td>\n<\/tr>\n<tr>\n<td>Oxycodone<\/td>\n<td>1.5<\/td>\n<td>Laag<\/td>\n<\/tr>\n<\/tbody>\n<\/table>\n<\/div>\n<div class=\"prose break-words dark:prose-invert prose-p:leading-relaxed prose-pre:p-0 fix-max-with-100 prose-p:!mt-0\">\n<p class=\"mb-2 last:mb-0\"><strong>Bronnen<\/strong>: FDA\/EMA-geneesmiddelendatabases, British National Formulary (BNF), PubMed-onderzoeken (bijv. meta-analyse \"Dihydrocode\u00efne voor pijn\", 2014). Raadpleeg voor persoonlijk gebruik een arts \u2013 dit is geen medisch advies! Als dit voor onderzoeksdoeleinden of uit nieuwsgierigheid is, wat is dan uw specifieke invalshoek?<\/p>\n<\/div>\n<\/div>\n<\/div>\n<\/div>\n<\/div>\n<div class=\"flex items-center justify-end gap-1 transition-opacity duration-100 opacity-0 group-hover:opacity-100 group-focus-within:opacity-100 md:absolute md:-right-10 md:-top-2\"><\/div>\n<\/div>\n<\/div>\n<\/div>\n<div class=\"relative mx-auto max-w-2xl px-4 w-full md:m-auto md:w-[90%]\">\n<div class=\"group relative mb-4 flex items-start md:-ml-12\">\n<div class=\"sm:ml-4 flex-1 space-y-2 overflow-hidden pr-1\">\n<div class=\"flex w-full items-center justify-between\">\n<div class=\"flex items-center space-x-1\"><\/div>\n<\/div>\n<\/div>\n<\/div>\n<\/div>","protected":false},"excerpt":{"rendered":"<p>Buy Dihydrocodeine Buy Dihydrocodeine (DHC) is a semi-synthetic opioid analgesic\u00a0derived from codeine. It&#8217;s used primarily for moderate to severe pain relief and sometimes for cough suppression. Chemically, it&#8217;s 4,5\u03b1-epoxy-3-methoxy-17-methylmorphinan-6\u03b1-ol, with the molecular formula C\u2081\u2088H\u2082\u2083NO\u2083. Key Facts and Uses Aspect Details Class Opioid (narcotic analgesic); Schedule III controlled substance in the US (DEA), Class B in &hellip; <a href=\"https:\/\/trusthillpharmacy.de\/nl\/shop\/dihydrocodeine-kopen\/\" class=\"more-link\">Continue reading <span class=\"screen-reader-text\">Dihydrocode\u00efne kopen<\/span><\/a><\/p>","protected":false},"featured_media":7723,"template":"","meta":[],"product_brand":[],"product_cat":[108],"product_tag":[207],"class_list":{"0":"post-7704","1":"product","2":"type-product","3":"status-publish","4":"has-post-thumbnail","6":"product_cat-pain-relief","7":"product_tag-buy-dihydrocodeine","10":"instock","11":"shipping-taxable","12":"purchasable","13":"product-type-variable"},"yoast_head":"<!-- This site is optimized with the Yoast SEO Premium plugin v26.5 (Yoast SEO v27.4) - https:\/\/yoast.com\/product\/yoast-seo-premium-wordpress\/ -->\n<title>Buy Dihydrocodeine - Trusthill Pharmacy<\/title>\n<meta name=\"description\" content=\"Buy Dihydrocodeine is a semi-synthetic opioid analgesic\u00a0derived from codeine. It&#039;s used primarily for moderate to severe pain relief &amp; cough suppression.\" \/>\n<meta name=\"robots\" content=\"index, follow, max-snippet:-1, max-image-preview:large, max-video-preview:-1\" \/>\n<link rel=\"canonical\" href=\"https:\/\/trusthillpharmacy.de\/nl\/shop\/dihydrocodeine-kopen\/\" \/>\n<meta property=\"og:locale\" content=\"nl_NL\" \/>\n<meta property=\"og:type\" content=\"article\" \/>\n<meta property=\"og:title\" content=\"Buy Dihydrocodeine\" \/>\n<meta property=\"og:description\" content=\"Buy Dihydrocodeine is a semi-synthetic opioid analgesic\u00a0derived from codeine. It&#039;s used primarily for moderate to severe pain relief &amp; cough suppression.\" \/>\n<meta property=\"og:url\" content=\"https:\/\/trusthillpharmacy.de\/nl\/shop\/dihydrocodeine-kopen\/\" \/>\n<meta property=\"og:site_name\" content=\"Trusthill Pharmacy\" \/>\n<meta property=\"article:modified_time\" content=\"2026-04-14T16:25:20+00:00\" \/>\n<meta property=\"og:image\" content=\"https:\/\/trusthillpharmacy.de\/wp-content\/uploads\/2026\/04\/photo_5096273778597104648_y.jpg\" \/>\n\t<meta property=\"og:image:width\" content=\"715\" \/>\n\t<meta property=\"og:image:height\" content=\"1280\" \/>\n\t<meta property=\"og:image:type\" content=\"image\/jpeg\" \/>\n<meta name=\"twitter:card\" content=\"summary_large_image\" \/>\n<meta name=\"twitter:label1\" content=\"Geschatte leestijd\" \/>\n\t<meta name=\"twitter:data1\" content=\"2 minuten\" \/>\n<script type=\"application\/ld+json\" class=\"yoast-schema-graph\">{\"@context\":\"https:\\\/\\\/schema.org\",\"@graph\":[{\"@type\":\"WebPage\",\"@id\":\"https:\\\/\\\/trusthillpharmacy.de\\\/shop\\\/buy-dihydrocodeine\\\/\",\"url\":\"https:\\\/\\\/trusthillpharmacy.de\\\/shop\\\/buy-dihydrocodeine\\\/\",\"name\":\"Buy Dihydrocodeine - Trusthill Pharmacy\",\"isPartOf\":{\"@id\":\"https:\\\/\\\/trusthillpharmacy.de\\\/#website\"},\"primaryImageOfPage\":{\"@id\":\"https:\\\/\\\/trusthillpharmacy.de\\\/shop\\\/buy-dihydrocodeine\\\/#primaryimage\"},\"image\":{\"@id\":\"https:\\\/\\\/trusthillpharmacy.de\\\/shop\\\/buy-dihydrocodeine\\\/#primaryimage\"},\"thumbnailUrl\":\"https:\\\/\\\/trusthillpharmacy.de\\\/wp-content\\\/uploads\\\/2026\\\/04\\\/photo_5096273778597104648_y.jpg\",\"datePublished\":\"2026-04-08T22:49:00+00:00\",\"dateModified\":\"2026-04-14T16:25:20+00:00\",\"description\":\"Buy Dihydrocodeine is a semi-synthetic opioid analgesic\u00a0derived from codeine. It's used primarily for moderate to severe pain relief & cough suppression.\",\"breadcrumb\":{\"@id\":\"https:\\\/\\\/trusthillpharmacy.de\\\/shop\\\/buy-dihydrocodeine\\\/#breadcrumb\"},\"inLanguage\":\"nl-NL\",\"potentialAction\":[{\"@type\":\"ReadAction\",\"target\":[\"https:\\\/\\\/trusthillpharmacy.de\\\/shop\\\/buy-dihydrocodeine\\\/\"]}]},{\"@type\":\"ImageObject\",\"inLanguage\":\"nl-NL\",\"@id\":\"https:\\\/\\\/trusthillpharmacy.de\\\/shop\\\/buy-dihydrocodeine\\\/#primaryimage\",\"url\":\"https:\\\/\\\/trusthillpharmacy.de\\\/wp-content\\\/uploads\\\/2026\\\/04\\\/photo_5096273778597104648_y.jpg\",\"contentUrl\":\"https:\\\/\\\/trusthillpharmacy.de\\\/wp-content\\\/uploads\\\/2026\\\/04\\\/photo_5096273778597104648_y.jpg\",\"width\":715,\"height\":1280,\"caption\":\"Buy Dihydrocodeine\"},{\"@type\":\"BreadcrumbList\",\"@id\":\"https:\\\/\\\/trusthillpharmacy.de\\\/shop\\\/buy-dihydrocodeine\\\/#breadcrumb\",\"itemListElement\":[{\"@type\":\"ListItem\",\"position\":1,\"name\":\"Home\",\"item\":\"https:\\\/\\\/trusthillpharmacy.de\\\/\"},{\"@type\":\"ListItem\",\"position\":2,\"name\":\"Shop\",\"item\":\"https:\\\/\\\/trusthillpharmacy.de\\\/shop\\\/\"},{\"@type\":\"ListItem\",\"position\":3,\"name\":\"Buy Dihydrocodeine\"}]},{\"@type\":\"WebSite\",\"@id\":\"https:\\\/\\\/trusthillpharmacy.de\\\/#website\",\"url\":\"https:\\\/\\\/trusthillpharmacy.de\\\/\",\"name\":\"Trusthill Pharmacy\",\"description\":\"\",\"publisher\":{\"@id\":\"https:\\\/\\\/trusthillpharmacy.de\\\/#organization\"},\"potentialAction\":[{\"@type\":\"SearchAction\",\"target\":{\"@type\":\"EntryPoint\",\"urlTemplate\":\"https:\\\/\\\/trusthillpharmacy.de\\\/?s={search_term_string}\"},\"query-input\":{\"@type\":\"PropertyValueSpecification\",\"valueRequired\":true,\"valueName\":\"search_term_string\"}}],\"inLanguage\":\"nl-NL\"},{\"@type\":\"Organization\",\"@id\":\"https:\\\/\\\/trusthillpharmacy.de\\\/#organization\",\"name\":\"Trusthill Pharmacy\",\"url\":\"https:\\\/\\\/trusthillpharmacy.de\\\/\",\"logo\":{\"@type\":\"ImageObject\",\"inLanguage\":\"nl-NL\",\"@id\":\"https:\\\/\\\/trusthillpharmacy.de\\\/#\\\/schema\\\/logo\\\/image\\\/\",\"url\":\"https:\\\/\\\/trusthillpharmacy.de\\\/wp-content\\\/uploads\\\/2025\\\/12\\\/trusthill-pharmacy-site-icon-1.png\",\"contentUrl\":\"https:\\\/\\\/trusthillpharmacy.de\\\/wp-content\\\/uploads\\\/2025\\\/12\\\/trusthill-pharmacy-site-icon-1.png\",\"width\":512,\"height\":512,\"caption\":\"Trusthill Pharmacy\"},\"image\":{\"@id\":\"https:\\\/\\\/trusthillpharmacy.de\\\/#\\\/schema\\\/logo\\\/image\\\/\"}}]}<\/script>\n<!-- \/ Yoast SEO Premium plugin. -->","yoast_head_json":{"title":"Dihydrocode\u00efne kopen - Trusthill Apotheek","description":"Dihydrocode\u00efne is een semisynthetisch opio\u00efde pijnstillend middel, afgeleid van code\u00efne. Het wordt voornamelijk gebruikt voor de verlichting van matige tot ernstige pijn en het onderdrukken van hoest.","robots":{"index":"index","follow":"follow","max-snippet":"max-snippet:-1","max-image-preview":"max-image-preview:large","max-video-preview":"max-video-preview:-1"},"canonical":"https:\/\/trusthillpharmacy.de\/nl\/shop\/dihydrocodeine-kopen\/","og_locale":"nl_NL","og_type":"article","og_title":"Buy Dihydrocodeine","og_description":"Buy Dihydrocodeine is a semi-synthetic opioid analgesic\u00a0derived from codeine. It's used primarily for moderate to severe pain relief & cough suppression.","og_url":"https:\/\/trusthillpharmacy.de\/nl\/shop\/dihydrocodeine-kopen\/","og_site_name":"Trusthill Pharmacy","article_modified_time":"2026-04-14T16:25:20+00:00","og_image":[{"width":715,"height":1280,"url":"https:\/\/trusthillpharmacy.de\/wp-content\/uploads\/2026\/04\/photo_5096273778597104648_y.jpg","type":"image\/jpeg"}],"twitter_card":"summary_large_image","twitter_misc":{"Geschatte leestijd":"2 minuten"},"schema":{"@context":"https:\/\/schema.org","@graph":[{"@type":"WebPage","@id":"https:\/\/trusthillpharmacy.de\/shop\/buy-dihydrocodeine\/","url":"https:\/\/trusthillpharmacy.de\/shop\/buy-dihydrocodeine\/","name":"Dihydrocode\u00efne kopen - Trusthill Apotheek","isPartOf":{"@id":"https:\/\/trusthillpharmacy.de\/#website"},"primaryImageOfPage":{"@id":"https:\/\/trusthillpharmacy.de\/shop\/buy-dihydrocodeine\/#primaryimage"},"image":{"@id":"https:\/\/trusthillpharmacy.de\/shop\/buy-dihydrocodeine\/#primaryimage"},"thumbnailUrl":"https:\/\/trusthillpharmacy.de\/wp-content\/uploads\/2026\/04\/photo_5096273778597104648_y.jpg","datePublished":"2026-04-08T22:49:00+00:00","dateModified":"2026-04-14T16:25:20+00:00","description":"Dihydrocode\u00efne is een semisynthetisch opio\u00efde pijnstillend middel, afgeleid van code\u00efne. Het wordt voornamelijk gebruikt voor de verlichting van matige tot ernstige pijn en het onderdrukken van hoest.","breadcrumb":{"@id":"https:\/\/trusthillpharmacy.de\/shop\/buy-dihydrocodeine\/#breadcrumb"},"inLanguage":"nl-NL","potentialAction":[{"@type":"ReadAction","target":["https:\/\/trusthillpharmacy.de\/shop\/buy-dihydrocodeine\/"]}]},{"@type":"ImageObject","inLanguage":"nl-NL","@id":"https:\/\/trusthillpharmacy.de\/shop\/buy-dihydrocodeine\/#primaryimage","url":"https:\/\/trusthillpharmacy.de\/wp-content\/uploads\/2026\/04\/photo_5096273778597104648_y.jpg","contentUrl":"https:\/\/trusthillpharmacy.de\/wp-content\/uploads\/2026\/04\/photo_5096273778597104648_y.jpg","width":715,"height":1280,"caption":"Buy Dihydrocodeine"},{"@type":"BreadcrumbList","@id":"https:\/\/trusthillpharmacy.de\/shop\/buy-dihydrocodeine\/#breadcrumb","itemListElement":[{"@type":"ListItem","position":1,"name":"Home","item":"https:\/\/trusthillpharmacy.de\/"},{"@type":"ListItem","position":2,"name":"Shop","item":"https:\/\/trusthillpharmacy.de\/shop\/"},{"@type":"ListItem","position":3,"name":"Buy Dihydrocodeine"}]},{"@type":"WebSite","@id":"https:\/\/trusthillpharmacy.de\/#website","url":"https:\/\/trusthillpharmacy.de\/","name":"Trusthill Apotheek","description":"","publisher":{"@id":"https:\/\/trusthillpharmacy.de\/#organization"},"potentialAction":[{"@type":"SearchAction","target":{"@type":"EntryPoint","urlTemplate":"https:\/\/trusthillpharmacy.de\/?s={search_term_string}"},"query-input":{"@type":"PropertyValueSpecification","valueRequired":true,"valueName":"search_term_string"}}],"inLanguage":"nl-NL"},{"@type":"Organization","@id":"https:\/\/trusthillpharmacy.de\/#organization","name":"Trusthill Apotheek","url":"https:\/\/trusthillpharmacy.de\/","logo":{"@type":"ImageObject","inLanguage":"nl-NL","@id":"https:\/\/trusthillpharmacy.de\/#\/schema\/logo\/image\/","url":"https:\/\/trusthillpharmacy.de\/wp-content\/uploads\/2025\/12\/trusthill-pharmacy-site-icon-1.png","contentUrl":"https:\/\/trusthillpharmacy.de\/wp-content\/uploads\/2025\/12\/trusthill-pharmacy-site-icon-1.png","width":512,"height":512,"caption":"Trusthill Pharmacy"},"image":{"@id":"https:\/\/trusthillpharmacy.de\/#\/schema\/logo\/image\/"}}]}},"jetpack_sharing_enabled":true,"_links":{"self":[{"href":"https:\/\/trusthillpharmacy.de\/nl\/wp-json\/wp\/v2\/product\/7704","targetHints":{"allow":["GET"]}}],"collection":[{"href":"https:\/\/trusthillpharmacy.de\/nl\/wp-json\/wp\/v2\/product"}],"about":[{"href":"https:\/\/trusthillpharmacy.de\/nl\/wp-json\/wp\/v2\/types\/product"}],"version-history":[{"count":3,"href":"https:\/\/trusthillpharmacy.de\/nl\/wp-json\/wp\/v2\/product\/7704\/revisions"}],"predecessor-version":[{"id":7776,"href":"https:\/\/trusthillpharmacy.de\/nl\/wp-json\/wp\/v2\/product\/7704\/revisions\/7776"}],"wp:featuredmedia":[{"embeddable":true,"href":"https:\/\/trusthillpharmacy.de\/nl\/wp-json\/wp\/v2\/media\/7723"}],"wp:attachment":[{"href":"https:\/\/trusthillpharmacy.de\/nl\/wp-json\/wp\/v2\/media?parent=7704"}],"wp:term":[{"taxonomy":"product_brand","embeddable":true,"href":"https:\/\/trusthillpharmacy.de\/nl\/wp-json\/wp\/v2\/product_brand?post=7704"},{"taxonomy":"product_cat","embeddable":true,"href":"https:\/\/trusthillpharmacy.de\/nl\/wp-json\/wp\/v2\/product_cat?post=7704"},{"taxonomy":"product_tag","embeddable":true,"href":"https:\/\/trusthillpharmacy.de\/nl\/wp-json\/wp\/v2\/product_tag?post=7704"}],"curies":[{"name":"wp","href":"https:\/\/api.w.org\/{rel}","templated":true}]}}