{"id":7970,"date":"2026-04-21T13:43:51","date_gmt":"2026-04-21T13:43:51","guid":{"rendered":"https:\/\/trusthillpharmacy.de\/?post_type=product&#038;p=7970"},"modified":"2026-04-23T23:43:32","modified_gmt":"2026-04-23T23:43:32","slug":"subutex","status":"publish","type":"product","link":"https:\/\/trusthillpharmacy.de\/nl\/shop\/subutex\/","title":{"rendered":"Subutex"},"content":{"rendered":"<h1><a href=\"http:\/\/google.com\">Subutex<\/a><\/h1>\n<div class=\"relative mx-auto max-w-2xl px-0 md:px-4 w-full md:m-auto md:w-[90%]\">\n<div class=\"group relative flex items-start md:-ml-12 chat-message\" data-message-id=\"bAWnOKa\">\n<div class=\"ml-4 flex-1 space-y-2 overflow-hidden px-1\">\n<div class=\"relative\">\n<div class=\"transition-all duration-300 ease-in-out\">\n<div>\n<div>\n<div class=\"prose break-words dark:prose-invert prose-p:leading-relaxed prose-pre:p-0 fix-max-with-100 prose-p:!mt-0\">\n<p class=\"mb-2 last:mb-0\"><a href=\"https:\/\/trusthillpharmacy.de\/nl\/\"><strong>Subutex<\/strong><\/a>\u00a0is een merknaam voor\u00a0<strong>buprenorfinehydrochloride<\/strong>een medicijn dat voornamelijk wordt gebruikt bij\u00a0<strong>behandeling van opio\u00efdenverslaving (OUD)<\/strong>Het is een parti\u00eble opio\u00efde-agonist, wat betekent dat het de opio\u00efde-receptoren in de hersenen activeert, maar in mindere mate dan volledige agonisten zoals hero\u00efne of oxycodon. Hierdoor worden de hunkering en ontwenningsverschijnselen verminderd zonder een sterke roes te veroorzaken.<\/p>\n<h4>De belangrijkste Feiten en Toepassingen<\/h4>\n<ul>\n<li><strong>Primair gebruik<\/strong>Medicatieondersteunde behandeling (MAT) voor opio\u00efdenverslaving. Het wordt vaak voorgeschreven als onderdeel van een uitgebreid programma, inclusief counseling.<\/li>\n<li><strong>Formulier<\/strong>: Sublinguale tabletten (die onder de tong oplossen). Gangbare sterktes: 2 mg, 8 mg.<\/li>\n<li><strong>Hoe Het Werkt<\/strong>:<\/li>\n<\/ul>\n<\/div>\n<div class=\"overflow-x-auto my-4\">\n<table class=\"markdown-table\">\n<thead>\n<tr>\n<th>Aspect<\/th>\n<th>Beschrijving<\/th>\n<\/tr>\n<\/thead>\n<tbody>\n<tr>\n<td>Mechanisme<\/td>\n<td>Het bindt zich met hoge affiniteit aan mu-opio\u00efde receptoren, verdringt volledige opio\u00efden zoals fentanyl of morfine en blokkeert zo hun effecten.<\/td>\n<\/tr>\n<tr>\n<td>Plafondeffect<\/td>\n<td>Beperkt het risico op euforie en ademhalingsdepressie in vergelijking met volledige opio\u00efden.<\/td>\n<\/tr>\n<tr>\n<td>Duur<\/td>\n<td>De werking houdt 24 tot 72 uur aan, waardoor eenmaal daagse dosering mogelijk is.<\/td>\n<\/tr>\n<\/tbody>\n<\/table>\n<\/div>\n<div class=\"prose break-words dark:prose-invert prose-p:leading-relaxed prose-pre:p-0 fix-max-with-100 prose-p:!mt-0\">\n<ul>\n<li><strong>Vergelijking met soortgelijke geneesmiddelen<\/strong>:<\/li>\n<\/ul>\n<\/div>\n<div class=\"overflow-x-auto my-4\">\n<table class=\"markdown-table\">\n<thead>\n<tr>\n<th>Medicijn<\/th>\n<th>Belangrijkste verschil<\/th>\n<\/tr>\n<\/thead>\n<tbody>\n<tr>\n<td>Suboxone<\/td>\n<td>Subutex + naloxon (opio\u00efde-antagonist) om misbruik (bijv. injectie) te voorkomen. Subutex bevat geen naloxon, waardoor het risico op oneigenlijk gebruik groter is.<\/td>\n<\/tr>\n<tr>\n<td>Methadon<\/td>\n<td>Volledige agonist; moet via een kliniek worden afgeleverd. Subutex kan wel voor thuisgebruik worden voorgeschreven.<\/td>\n<\/tr>\n<tr>\n<td>Onderverhuur<\/td>\n<td>Langwerkende buprenorfine-injectie (maandelijks).<\/td>\n<\/tr>\n<\/tbody>\n<\/table>\n<\/div>\n<div class=\"prose break-words dark:prose-invert prose-p:leading-relaxed prose-pre:p-0 fix-max-with-100 prose-p:!mt-0\">\n<h4>Dosering en toediening (typische volwassene)<\/h4>\n<ul>\n<li><strong>Inductie<\/strong>Begin met 2-4 mg op dag 1, en verhoog dit tot 8-16 mg per dag.<\/li>\n<li><strong>Onderhoud<\/strong>: 8\u201324 mg\/dag, aan te passen op basis van de respons.<\/li>\n<li><strong>Bewijs<\/strong>Dit wordt ondersteund door studies zoals de NEJM-studie uit 2009, waaruit blijkt dat buprenorfine het illegale opio\u00efdengebruik met 50-70% vermindert in vergelijking met een placebo.<\/li>\n<\/ul>\n<h4>Bijwerkingen en Risico ' s<\/h4>\n<\/div>\n<div class=\"overflow-x-auto my-4\">\n<table class=\"markdown-table\">\n<thead>\n<tr>\n<th>Common (Mild)<\/th>\n<th>Ernstig<\/th>\n<\/tr>\n<\/thead>\n<tbody>\n<tr>\n<td>Hoofdpijn, misselijkheid, constipatie, zweten<\/td>\n<td>Ademhalingsdepressie (zelden, maar fataal in combinatie met benzodiazepinen\/alcohol), acute ontwenningsverschijnselen bij te vroeg gebruik tijdens ontgifting, afhankelijkheid.<\/td>\n<\/tr>\n<\/tbody>\n<\/table>\n<\/div>\n<div class=\"prose break-words dark:prose-invert prose-p:leading-relaxed prose-pre:p-0 fix-max-with-100 prose-p:!mt-0\">\n<ul>\n<li><strong>Het Risico Van Overdosis<\/strong>Het effect is minder sterk dan bij volledige opio\u00efden, maar nog steeds mogelijk. Naloxon heft het effect op.<\/li>\n<li><strong>Zwangerschap<\/strong>Categorie C; veilig gebruikt bij de preventie van neonataal abstinentiesyndroom (bewijs uit de MOTHER-studie).<\/li>\n<\/ul>\n<h4>Juridische informatie en beschikbaarheid<\/h4>\n<ul>\n<li><strong>Gereguleerde Stof<\/strong>: Lijst III in de VS (DEA).<\/li>\n<li><strong>Recept<\/strong>Vereist een speciale ontheffing (bijv. DATA 2000 voor artsen). Niet primair bedoeld voor pijnverlichting \u2013 gebruik daarvoor Belbuca of generieke varianten.<\/li>\n<li><strong>Straatcontext<\/strong>Wordt vaak sublinguaal of intraveneus misbruikt. Straatprijs: $1-2\/mg (volgens DEA-rapporten).<\/li>\n<\/ul>\n<h4>Waarschuwingen<\/h4>\n<ul>\n<li><strong>Niet gebruiken met<\/strong>Alcohol, kalmeringsmiddelen of andere opio\u00efden verhogen het risico op een overdosis (CDC-gegevens: 30% van de overdoses door opio\u00efden betreft benzodiazepinen).<\/li>\n<li><strong>taps toelopend<\/strong>Abrupt stoppen veroorzaakt ontwenningsverschijnselen; bouw het gebruik geleidelijk af.<\/li>\n<li><strong>Bron<\/strong>Goedgekeurd door de FDA (jaren 90); informatie afkomstig van het FDA-etiket, NIH en SAMHSA-richtlijnen.<\/li>\n<\/ul>\n<p class=\"mb-2 last:mb-0\">Als u dit middel voor behandeling zoekt, raadpleeg dan een arts of de SAMHSA-hulplijn (1-800-662-HELP). Dit is geen medisch advies \u2013 raadpleeg altijd een professional. Wilt u meer informatie (bijvoorbeeld over interacties of onderzoeken)? Vraag het gerust!<\/p>\n<\/div>\n<\/div>\n<\/div>\n<\/div>\n<\/div>\n<div class=\"flex items-center justify-end gap-1 transition-opacity duration-100 opacity-0 group-hover:opacity-100 group-focus-within:opacity-100 md:absolute md:-right-10 md:-top-2\"><\/div>\n<\/div>\n<\/div>\n<\/div>\n<div class=\"relative mx-auto max-w-2xl px-4 w-full md:m-auto md:w-[90%]\">\n<div class=\"group relative mb-4 flex items-start md:-ml-12\">\n<div class=\"sm:ml-4 flex-1 space-y-2 overflow-hidden pr-1\">\n<div class=\"flex w-full items-center justify-between\">\n<div class=\"flex items-center space-x-1\"><\/div>\n<\/div>\n<\/div>\n<\/div>\n<\/div>","protected":false},"excerpt":{"rendered":"<p>Subutex Subutex\u00a0is a brand name for\u00a0buprenorphine hydrochloride, a medication primarily used in\u00a0opioid use disorder (OUD) treatment. It&#8217;s a partial opioid agonist, meaning it activates opioid receptors in the brain but to a lesser extent than full agonists like heroin or oxycodone, helping to reduce cravings and withdrawal symptoms without producing a strong &#8220;high.&#8221; Key Facts &hellip; <a href=\"https:\/\/trusthillpharmacy.de\/nl\/shop\/subutex\/\" class=\"more-link\">Continue reading <span class=\"screen-reader-text\">Subutex<\/span><\/a><\/p>","protected":false},"featured_media":7975,"template":"","meta":[],"product_brand":[],"product_cat":[107],"product_tag":[231],"class_list":{"0":"post-7970","1":"product","2":"type-product","3":"status-publish","4":"has-post-thumbnail","6":"product_cat-painkillers","7":"product_tag-subutex","10":"instock","11":"shipping-taxable","12":"purchasable","13":"product-type-variable"},"yoast_head":"<!-- This site is optimized with the Yoast SEO Premium plugin v26.5 (Yoast SEO v27.4) - https:\/\/yoast.com\/product\/yoast-seo-premium-wordpress\/ -->\n<title>Subutex - Trusthill Pharmacy<\/title>\n<meta name=\"description\" content=\"Subutex\u00a0is a brand name for\u00a0buprenorphine hydrochloride, a medication primarily used in\u00a0opioid use disorder (OUD) treatment.\" \/>\n<meta name=\"robots\" content=\"index, follow, max-snippet:-1, max-image-preview:large, max-video-preview:-1\" \/>\n<link rel=\"canonical\" href=\"https:\/\/trusthillpharmacy.de\/nl\/shop\/subutex\/\" \/>\n<meta property=\"og:locale\" content=\"nl_NL\" \/>\n<meta property=\"og:type\" content=\"article\" \/>\n<meta property=\"og:title\" content=\"Subutex\" \/>\n<meta property=\"og:description\" content=\"Subutex\u00a0is a brand name for\u00a0buprenorphine hydrochloride, a medication primarily used in\u00a0opioid use disorder (OUD) treatment.\" \/>\n<meta property=\"og:url\" content=\"https:\/\/trusthillpharmacy.de\/nl\/shop\/subutex\/\" \/>\n<meta property=\"og:site_name\" content=\"Trusthill Pharmacy\" \/>\n<meta property=\"article:modified_time\" content=\"2026-04-23T23:43:32+00:00\" \/>\n<meta property=\"og:image\" content=\"https:\/\/trusthillpharmacy.de\/wp-content\/uploads\/2026\/04\/photo_5134394551106735230_y.jpg\" \/>\n\t<meta property=\"og:image:width\" content=\"1280\" \/>\n\t<meta property=\"og:image:height\" content=\"853\" \/>\n\t<meta property=\"og:image:type\" content=\"image\/jpeg\" \/>\n<meta name=\"twitter:card\" content=\"summary_large_image\" \/>\n<meta name=\"twitter:label1\" content=\"Geschatte leestijd\" \/>\n\t<meta name=\"twitter:data1\" content=\"2 minuten\" \/>\n<script type=\"application\/ld+json\" class=\"yoast-schema-graph\">{\"@context\":\"https:\\\/\\\/schema.org\",\"@graph\":[{\"@type\":\"WebPage\",\"@id\":\"https:\\\/\\\/trusthillpharmacy.de\\\/shop\\\/subutex\\\/\",\"url\":\"https:\\\/\\\/trusthillpharmacy.de\\\/shop\\\/subutex\\\/\",\"name\":\"Subutex - Trusthill Pharmacy\",\"isPartOf\":{\"@id\":\"https:\\\/\\\/trusthillpharmacy.de\\\/#website\"},\"primaryImageOfPage\":{\"@id\":\"https:\\\/\\\/trusthillpharmacy.de\\\/shop\\\/subutex\\\/#primaryimage\"},\"image\":{\"@id\":\"https:\\\/\\\/trusthillpharmacy.de\\\/shop\\\/subutex\\\/#primaryimage\"},\"thumbnailUrl\":\"https:\\\/\\\/trusthillpharmacy.de\\\/wp-content\\\/uploads\\\/2026\\\/04\\\/photo_5134394551106735230_y.jpg\",\"datePublished\":\"2026-04-21T13:43:51+00:00\",\"dateModified\":\"2026-04-23T23:43:32+00:00\",\"description\":\"Subutex\u00a0is a brand name for\u00a0buprenorphine hydrochloride, a medication primarily used in\u00a0opioid use disorder (OUD) treatment.\",\"breadcrumb\":{\"@id\":\"https:\\\/\\\/trusthillpharmacy.de\\\/shop\\\/subutex\\\/#breadcrumb\"},\"inLanguage\":\"nl-NL\",\"potentialAction\":[{\"@type\":\"ReadAction\",\"target\":[\"https:\\\/\\\/trusthillpharmacy.de\\\/shop\\\/subutex\\\/\"]}]},{\"@type\":\"ImageObject\",\"inLanguage\":\"nl-NL\",\"@id\":\"https:\\\/\\\/trusthillpharmacy.de\\\/shop\\\/subutex\\\/#primaryimage\",\"url\":\"https:\\\/\\\/trusthillpharmacy.de\\\/wp-content\\\/uploads\\\/2026\\\/04\\\/photo_5134394551106735230_y.jpg\",\"contentUrl\":\"https:\\\/\\\/trusthillpharmacy.de\\\/wp-content\\\/uploads\\\/2026\\\/04\\\/photo_5134394551106735230_y.jpg\",\"width\":1280,\"height\":853,\"caption\":\"Subutex\"},{\"@type\":\"BreadcrumbList\",\"@id\":\"https:\\\/\\\/trusthillpharmacy.de\\\/shop\\\/subutex\\\/#breadcrumb\",\"itemListElement\":[{\"@type\":\"ListItem\",\"position\":1,\"name\":\"Home\",\"item\":\"https:\\\/\\\/trusthillpharmacy.de\\\/\"},{\"@type\":\"ListItem\",\"position\":2,\"name\":\"Shop\",\"item\":\"https:\\\/\\\/trusthillpharmacy.de\\\/shop\\\/\"},{\"@type\":\"ListItem\",\"position\":3,\"name\":\"Subutex\"}]},{\"@type\":\"WebSite\",\"@id\":\"https:\\\/\\\/trusthillpharmacy.de\\\/#website\",\"url\":\"https:\\\/\\\/trusthillpharmacy.de\\\/\",\"name\":\"Trusthill Pharmacy\",\"description\":\"\",\"publisher\":{\"@id\":\"https:\\\/\\\/trusthillpharmacy.de\\\/#organization\"},\"potentialAction\":[{\"@type\":\"SearchAction\",\"target\":{\"@type\":\"EntryPoint\",\"urlTemplate\":\"https:\\\/\\\/trusthillpharmacy.de\\\/?s={search_term_string}\"},\"query-input\":{\"@type\":\"PropertyValueSpecification\",\"valueRequired\":true,\"valueName\":\"search_term_string\"}}],\"inLanguage\":\"nl-NL\"},{\"@type\":\"Organization\",\"@id\":\"https:\\\/\\\/trusthillpharmacy.de\\\/#organization\",\"name\":\"Trusthill Pharmacy\",\"url\":\"https:\\\/\\\/trusthillpharmacy.de\\\/\",\"logo\":{\"@type\":\"ImageObject\",\"inLanguage\":\"nl-NL\",\"@id\":\"https:\\\/\\\/trusthillpharmacy.de\\\/#\\\/schema\\\/logo\\\/image\\\/\",\"url\":\"https:\\\/\\\/trusthillpharmacy.de\\\/wp-content\\\/uploads\\\/2025\\\/12\\\/trusthill-pharmacy-site-icon-1.png\",\"contentUrl\":\"https:\\\/\\\/trusthillpharmacy.de\\\/wp-content\\\/uploads\\\/2025\\\/12\\\/trusthill-pharmacy-site-icon-1.png\",\"width\":512,\"height\":512,\"caption\":\"Trusthill Pharmacy\"},\"image\":{\"@id\":\"https:\\\/\\\/trusthillpharmacy.de\\\/#\\\/schema\\\/logo\\\/image\\\/\"}}]}<\/script>\n<!-- \/ Yoast SEO Premium plugin. -->","yoast_head_json":{"title":"Subutex - Trusthill Apotheek","description":"Subutex is een merknaam voor buprenorfinehydrochloride, een medicijn dat voornamelijk wordt gebruikt bij de behandeling van opio\u00efdenverslaving (OUD).","robots":{"index":"index","follow":"follow","max-snippet":"max-snippet:-1","max-image-preview":"max-image-preview:large","max-video-preview":"max-video-preview:-1"},"canonical":"https:\/\/trusthillpharmacy.de\/nl\/shop\/subutex\/","og_locale":"nl_NL","og_type":"article","og_title":"Subutex","og_description":"Subutex\u00a0is a brand name for\u00a0buprenorphine hydrochloride, a medication primarily used in\u00a0opioid use disorder (OUD) treatment.","og_url":"https:\/\/trusthillpharmacy.de\/nl\/shop\/subutex\/","og_site_name":"Trusthill Pharmacy","article_modified_time":"2026-04-23T23:43:32+00:00","og_image":[{"width":1280,"height":853,"url":"https:\/\/trusthillpharmacy.de\/wp-content\/uploads\/2026\/04\/photo_5134394551106735230_y.jpg","type":"image\/jpeg"}],"twitter_card":"summary_large_image","twitter_misc":{"Geschatte leestijd":"2 minuten"},"schema":{"@context":"https:\/\/schema.org","@graph":[{"@type":"WebPage","@id":"https:\/\/trusthillpharmacy.de\/shop\/subutex\/","url":"https:\/\/trusthillpharmacy.de\/shop\/subutex\/","name":"Subutex - Trusthill Apotheek","isPartOf":{"@id":"https:\/\/trusthillpharmacy.de\/#website"},"primaryImageOfPage":{"@id":"https:\/\/trusthillpharmacy.de\/shop\/subutex\/#primaryimage"},"image":{"@id":"https:\/\/trusthillpharmacy.de\/shop\/subutex\/#primaryimage"},"thumbnailUrl":"https:\/\/trusthillpharmacy.de\/wp-content\/uploads\/2026\/04\/photo_5134394551106735230_y.jpg","datePublished":"2026-04-21T13:43:51+00:00","dateModified":"2026-04-23T23:43:32+00:00","description":"Subutex is een merknaam voor buprenorfinehydrochloride, een medicijn dat voornamelijk wordt gebruikt bij de behandeling van opio\u00efdenverslaving (OUD).","breadcrumb":{"@id":"https:\/\/trusthillpharmacy.de\/shop\/subutex\/#breadcrumb"},"inLanguage":"nl-NL","potentialAction":[{"@type":"ReadAction","target":["https:\/\/trusthillpharmacy.de\/shop\/subutex\/"]}]},{"@type":"ImageObject","inLanguage":"nl-NL","@id":"https:\/\/trusthillpharmacy.de\/shop\/subutex\/#primaryimage","url":"https:\/\/trusthillpharmacy.de\/wp-content\/uploads\/2026\/04\/photo_5134394551106735230_y.jpg","contentUrl":"https:\/\/trusthillpharmacy.de\/wp-content\/uploads\/2026\/04\/photo_5134394551106735230_y.jpg","width":1280,"height":853,"caption":"Subutex"},{"@type":"BreadcrumbList","@id":"https:\/\/trusthillpharmacy.de\/shop\/subutex\/#breadcrumb","itemListElement":[{"@type":"ListItem","position":1,"name":"Home","item":"https:\/\/trusthillpharmacy.de\/"},{"@type":"ListItem","position":2,"name":"Shop","item":"https:\/\/trusthillpharmacy.de\/shop\/"},{"@type":"ListItem","position":3,"name":"Subutex"}]},{"@type":"WebSite","@id":"https:\/\/trusthillpharmacy.de\/#website","url":"https:\/\/trusthillpharmacy.de\/","name":"Trusthill Apotheek","description":"","publisher":{"@id":"https:\/\/trusthillpharmacy.de\/#organization"},"potentialAction":[{"@type":"SearchAction","target":{"@type":"EntryPoint","urlTemplate":"https:\/\/trusthillpharmacy.de\/?s={search_term_string}"},"query-input":{"@type":"PropertyValueSpecification","valueRequired":true,"valueName":"search_term_string"}}],"inLanguage":"nl-NL"},{"@type":"Organization","@id":"https:\/\/trusthillpharmacy.de\/#organization","name":"Trusthill Apotheek","url":"https:\/\/trusthillpharmacy.de\/","logo":{"@type":"ImageObject","inLanguage":"nl-NL","@id":"https:\/\/trusthillpharmacy.de\/#\/schema\/logo\/image\/","url":"https:\/\/trusthillpharmacy.de\/wp-content\/uploads\/2025\/12\/trusthill-pharmacy-site-icon-1.png","contentUrl":"https:\/\/trusthillpharmacy.de\/wp-content\/uploads\/2025\/12\/trusthill-pharmacy-site-icon-1.png","width":512,"height":512,"caption":"Trusthill Pharmacy"},"image":{"@id":"https:\/\/trusthillpharmacy.de\/#\/schema\/logo\/image\/"}}]}},"jetpack_sharing_enabled":true,"_links":{"self":[{"href":"https:\/\/trusthillpharmacy.de\/nl\/wp-json\/wp\/v2\/product\/7970","targetHints":{"allow":["GET"]}}],"collection":[{"href":"https:\/\/trusthillpharmacy.de\/nl\/wp-json\/wp\/v2\/product"}],"about":[{"href":"https:\/\/trusthillpharmacy.de\/nl\/wp-json\/wp\/v2\/types\/product"}],"version-history":[{"count":3,"href":"https:\/\/trusthillpharmacy.de\/nl\/wp-json\/wp\/v2\/product\/7970\/revisions"}],"predecessor-version":[{"id":8057,"href":"https:\/\/trusthillpharmacy.de\/nl\/wp-json\/wp\/v2\/product\/7970\/revisions\/8057"}],"wp:featuredmedia":[{"embeddable":true,"href":"https:\/\/trusthillpharmacy.de\/nl\/wp-json\/wp\/v2\/media\/7975"}],"wp:attachment":[{"href":"https:\/\/trusthillpharmacy.de\/nl\/wp-json\/wp\/v2\/media?parent=7970"}],"wp:term":[{"taxonomy":"product_brand","embeddable":true,"href":"https:\/\/trusthillpharmacy.de\/nl\/wp-json\/wp\/v2\/product_brand?post=7970"},{"taxonomy":"product_cat","embeddable":true,"href":"https:\/\/trusthillpharmacy.de\/nl\/wp-json\/wp\/v2\/product_cat?post=7970"},{"taxonomy":"product_tag","embeddable":true,"href":"https:\/\/trusthillpharmacy.de\/nl\/wp-json\/wp\/v2\/product_tag?post=7970"}],"curies":[{"name":"wp","href":"https:\/\/api.w.org\/{rel}","templated":true}]}}